{"id":12767,"date":"2025-07-06T09:26:49","date_gmt":"2025-07-06T07:26:49","guid":{"rendered":"https:\/\/topol.org.pl\/?page_id=12767"},"modified":"2025-07-06T09:32:16","modified_gmt":"2025-07-06T07:32:16","slug":"utrzymaniu-swiatowego-pokoju-sluzy-doktryna-odstraszania","status":"publish","type":"page","link":"https:\/\/topol.org.pl\/?page_id=12767","title":{"rendered":"&#8222;utrzymaniu \u015bwiatowego pokoju s\u0142u\u017cy doktryna odstraszania&#8221;"},"content":{"rendered":"\n<p>06.07.2025 09.20 <strong><a href=\"https:\/\/topol.org.pl\/?page_id=11205\">St\u0105d pomys\u0142 z kub\u0142em zimnej wody.<\/a><\/strong> \u0179r\u00f3d\u0142o: <a href=\"https:\/\/www.rp.pl\/plus-minus\/art42650041-kto-zapewni-polsce-parasol-nuklearny-ekspert-z-francji-wylewa-kubel-zimnej-wody\">rp.pl<\/a><\/p>\n\n\n\n<p>Verte &gt;<a href=\"https:\/\/topol.org.pl\/?page_id=6187\">Fundacja Narodowe Si\u0142y Samoobrony \u201eGrot\u201d<\/a><\/p>\n\n\n\n<p><\/p>\n","protected":false},"excerpt":{"rendered":"<p>06.07.2025 09.20 St\u0105d pomys\u0142 z kub\u0142em zimnej wody. \u0179r\u00f3d\u0142o: rp.pl Verte &gt;Fundacja Narodowe Si\u0142y Samoobrony \u201eGrot\u201d<\/p>\n","protected":false},"author":1,"featured_media":0,"parent":12182,"menu_order":3,"comment_status":"closed","ping_status":"closed","template":"","meta":{"footnotes":""},"class_list":["post-12767","page","type-page","status-publish","hentry"],"_links":{"self":[{"href":"https:\/\/topol.org.pl\/index.php?rest_route=\/wp\/v2\/pages\/12767","targetHints":{"allow":["GET"]}}],"collection":[{"href":"https:\/\/topol.org.pl\/index.php?rest_route=\/wp\/v2\/pages"}],"about":[{"href":"https:\/\/topol.org.pl\/index.php?rest_route=\/wp\/v2\/types\/page"}],"author":[{"embeddable":true,"href":"https:\/\/topol.org.pl\/index.php?rest_route=\/wp\/v2\/users\/1"}],"replies":[{"embeddable":true,"href":"https:\/\/topol.org.pl\/index.php?rest_route=%2Fwp%2Fv2%2Fcomments&post=12767"}],"version-history":[{"count":2,"href":"https:\/\/topol.org.pl\/index.php?rest_route=\/wp\/v2\/pages\/12767\/revisions"}],"predecessor-version":[{"id":12769,"href":"https:\/\/topol.org.pl\/index.php?rest_route=\/wp\/v2\/pages\/12767\/revisions\/12769"}],"up":[{"embeddable":true,"href":"https:\/\/topol.org.pl\/index.php?rest_route=\/wp\/v2\/pages\/12182"}],"wp:attachment":[{"href":"https:\/\/topol.org.pl\/index.php?rest_route=%2Fwp%2Fv2%2Fmedia&parent=12767"}],"curies":[{"name":"wp","href":"https:\/\/api.w.org\/{rel}","templated":true}]}}