{"id":12773,"date":"2025-07-06T11:26:21","date_gmt":"2025-07-06T09:26:21","guid":{"rendered":"https:\/\/topol.org.pl\/?page_id=12773"},"modified":"2026-01-08T20:54:18","modified_gmt":"2026-01-08T19:54:18","slug":"kto-bedzie-bronil-ojczyzny","status":"publish","type":"page","link":"https:\/\/topol.org.pl\/?page_id=12773","title":{"rendered":"Kto B\u0119dzie Broni\u0142 Ojczyzny?"},"content":{"rendered":"\n<p>06.07.2025 11.26 Kto B\u0119dzie Broni\u0142 Ojczyzny? \u0179r\u00f3d\u0142o: Porucznik Piotr Powa\u0142ka<\/p>\n\n\n\n<p><strong>Mam nadziej\u0119, \u017ce nie damy si\u0119 sprowokowa\u0107. Nie wa\u017ccie si\u0119 rusza\u0107 ludzi. Maj\u0105 si\u0119 broni\u0107 tam gdzie mieszkaj\u0105. Zaci\u0105g do wojska tylko na zasadzie dobrowolnej. Kto chce.<\/strong> <strong>Nie prowokowa\u0107 wojny, to wystarczy.<\/strong> <strong>Organizatorzy zaplanowali, \u017ce wyjedziemy z Polski. Musimy na&#8230; zosta\u0107 u siebie w domu.<\/strong><\/p>\n\n\n\n<p>Verte &gt;<a href=\"https:\/\/topol.org.pl\/?page_id=6187\">Fundacja Narodowe Si\u0142y Samoobrony \u201eGrot\u201d<\/a><\/p>\n\n\n\n<p><\/p>\n","protected":false},"excerpt":{"rendered":"<p>06.07.2025 11.26 Kto B\u0119dzie Broni\u0142 Ojczyzny? \u0179r\u00f3d\u0142o: Porucznik Piotr Powa\u0142ka Mam nadziej\u0119, \u017ce nie damy si\u0119 sprowokowa\u0107. Nie wa\u017ccie si\u0119 rusza\u0107 ludzi. Maj\u0105 si\u0119 broni\u0107 tam gdzie mieszkaj\u0105. Zaci\u0105g do wojska tylko na zasadzie dobrowolnej. Kto chce. Nie prowokowa\u0107 wojny, to wystarczy. Organizatorzy zaplanowali, \u017ce wyjedziemy z Polski. Musimy na&#8230; zosta\u0107 u siebie w domu. [&hellip;]<\/p>\n","protected":false},"author":1,"featured_media":0,"parent":11389,"menu_order":8,"comment_status":"closed","ping_status":"closed","template":"","meta":{"footnotes":""},"class_list":["post-12773","page","type-page","status-publish","hentry"],"_links":{"self":[{"href":"https:\/\/topol.org.pl\/index.php?rest_route=\/wp\/v2\/pages\/12773","targetHints":{"allow":["GET"]}}],"collection":[{"href":"https:\/\/topol.org.pl\/index.php?rest_route=\/wp\/v2\/pages"}],"about":[{"href":"https:\/\/topol.org.pl\/index.php?rest_route=\/wp\/v2\/types\/page"}],"author":[{"embeddable":true,"href":"https:\/\/topol.org.pl\/index.php?rest_route=\/wp\/v2\/users\/1"}],"replies":[{"embeddable":true,"href":"https:\/\/topol.org.pl\/index.php?rest_route=%2Fwp%2Fv2%2Fcomments&post=12773"}],"version-history":[{"count":5,"href":"https:\/\/topol.org.pl\/index.php?rest_route=\/wp\/v2\/pages\/12773\/revisions"}],"predecessor-version":[{"id":14030,"href":"https:\/\/topol.org.pl\/index.php?rest_route=\/wp\/v2\/pages\/12773\/revisions\/14030"}],"up":[{"embeddable":true,"href":"https:\/\/topol.org.pl\/index.php?rest_route=\/wp\/v2\/pages\/11389"}],"wp:attachment":[{"href":"https:\/\/topol.org.pl\/index.php?rest_route=%2Fwp%2Fv2%2Fmedia&parent=12773"}],"curies":[{"name":"wp","href":"https:\/\/api.w.org\/{rel}","templated":true}]}}