{"id":12780,"date":"2025-07-06T17:17:14","date_gmt":"2025-07-06T15:17:14","guid":{"rendered":"https:\/\/topol.org.pl\/?page_id=12780"},"modified":"2026-01-09T11:05:09","modified_gmt":"2026-01-09T10:05:09","slug":"polska-wyciaga-wlasciwe-wnioski-z-rosyjsko-ukrainskiej-wojny-dronowej","status":"publish","type":"page","link":"https:\/\/topol.org.pl\/?page_id=12780","title":{"rendered":"Polska wyci\u0105ga w\u0142a\u015bciwe wnioski z rosyjsko-ukrai\u0144skiej wojny dronowej"},"content":{"rendered":"\n<p>06.07.2025 17.17 Polska wyci\u0105ga w\u0142a\u015bciwe wnioski z rosyjsko-ukrai\u0144skiej wojny dronowej \u0179r\u00f3d\u0142o: <a href=\"https:\/\/www.rp.pl\/opinie-polityczno-spoleczne\/art42657051-marek-kutarba-polska-wyciaga-wlasciwe-wnioski-z-rosyjsko-ukrainskiej-wojny-dronowej\">rp.pl<\/a><\/p>\n\n\n\n<h6 class=\"wp-block-heading\"><strong><a href=\"https:\/\/pl.aliexpress.com\/item\/1005008618344936.html?pdp_npi=4%40dis%21PLN%211331.91%21759.19%21%21%212583.22%211472.44%21%402102f7a117518655020195534d1394%2112000045973265319%21affd%21%21%21&amp;dp=CjwKCAjw4K3DBhBqEiwAYtG_9DnwVRVZqlecb_UjZPG1E-vNGq6w_4lGEGGjVyVtTDZWIv5Yquy8axoC6Q4QAvD_BwE&amp;gad_source=1&amp;gad_campaignid=21456361332&amp;gbraid=0AAAAADihhqW0j6h3EzziwI5rw2vD4h_Vk&amp;gclid=CjwKCAjw4K3DBhBqEiwAYtG_9DnwVRVZqlecb_UjZPG1E-vNGq6w_4lGEGGjVyVtTDZWIv5Yquy8axoC6Q4QAvD_BwE&amp;aff_fcid=9409349c1de14506ae60131be3a2851f-1751892294357-09172-_oEmQFg2&amp;aff_fsk=_oEmQFg2&amp;aff_platform=api-new-product-query&amp;sk=_oEmQFg2&amp;aff_trace_key=9409349c1de14506ae60131be3a2851f-1751892294357-09172-_oEmQFg2&amp;terminal_id=ede55fce1f18496fbea29d7758d144c3&amp;afSmartRedirect=y&amp;gatewayAdapt=glo2pol\">Drone \u015bwiat\u0142owodowy 5 km 10 km 20 km 30 km Kabel \u015bwiat\u0142owodowy z Fpv 100% wska\u017anika przej\u015bcia<\/a><\/strong><\/h6>\n\n\n\n<p id=\"tl_2\">Modu\u0142 figury \u015bwiat\u0142owodowej wykorzystuje \u015bwiat\u0142ow\u00f3d jako medium transmisyjne, du\u017c\u0105 pr\u0119dko\u015b\u0107 transmisji, du\u017c\u0105 stabilno\u015b\u0107, mo\u017ce zaspokoi\u0107 zapotrzebowanie na transmisj\u0119 du\u017cych ilo\u015bci danych, nie podlega wp\u0142ywowi zak\u0142\u00f3ce\u0144 elektromagnetycznych, aby zapobiec pods\u0142uchiwaniu i pods\u0142uchiwaniu, mo\u017ce obs\u0142ugiwa\u0107 do 3-30 km przewodowej transmisji sygna\u0142u.<\/p>\n\n\n\n<p id=\"tl_3\">Parametry techniczne<\/p>\n\n\n\n<p id=\"tl_4\">Interfejs \u015bwiat\u0142owodowy: interfejs FC<\/p>\n\n\n\n<p id=\"tl_5\">Typ \u015bwiat\u0142owodu: jednomodowy-pojedynczy<\/p>\n\n\n\n<p id=\"tl_6\">Interfejs produktu: GH1.25 Format wideo: NTSC\/PAL\/SECAM<\/p>\n\n\n\n<p id=\"tl_7\">Kierunek danych: dwukierunkowy<\/p>\n\n\n\n<p id=\"tl_8\">Format danych: TTL\/S.BUS Pr\u0119dko\u015b\u0107: 0 ~ 1Mbps<\/p>\n\n\n\n<p id=\"tl_9\">Tryb pojedynczy d\u0142ugo\u015bci fali: 1310(9\/125\u03bcm)+1550<\/p>\n\n\n\n<p id=\"tl_10\">Odleg\u0142o\u015b\u0107 transmisji: \u015bwiat\u0142ow\u00f3d jednomodowy 2-30 km<\/p>\n\n\n\n<figure class=\"wp-block-embed is-type-wp-embed is-provider-xingkai-technology wp-block-embed-xingkai-technology\"><div class=\"wp-block-embed__wrapper\">\n<blockquote class=\"wp-embedded-content\" data-secret=\"iocj8aHfCZ\"><a href=\"https:\/\/xingkaitech.com\/\">Xingkai<\/a><\/blockquote><iframe loading=\"lazy\" class=\"wp-embedded-content\" sandbox=\"allow-scripts\" security=\"restricted\" style=\"position: absolute; visibility: hidden;\" title=\"&#8220;Xingkai&#8221; &#8212; Xingkai Technology\" src=\"https:\/\/xingkaitech.com\/embed\/#?secret=1TVCoXHgov#?secret=iocj8aHfCZ\" data-secret=\"iocj8aHfCZ\" width=\"500\" height=\"282\" frameborder=\"0\" marginwidth=\"0\" marginheight=\"0\" scrolling=\"no\"><\/iframe>\n<\/div><\/figure>\n\n\n\n<p>08.07.2025 10.48 &#8222;<a href=\"https:\/\/radar.rp.pl\/wojsko-polskie\/art42666301-polska-bezbronna-przed-dronami-bedziemy-je-wykrywac-przez-lornetki-jak-rosjanie\">B\u0119dziemy je wykrywa\u0107 przez lornetki<\/a>&#8221; \u0179r\u00f3d\u0142o: rp.pl<\/p>\n\n\n\n<p><strong>B\u0119dziemy je wykrywa\u0107 przez lornetki i zestrzeliwa\u0107 przy pomocy dubelt\u00f3wki lub procy. Wi\u0119ksze przy pomocy kuszy z harpunem. Lub pocisku &#8222;Grot&#8221;. Najlepiej obiekty infrastruktury krytycznej maskowa\u0107 przy pomocy cienkiej mocnej siatki na odpowiedniej wysoko\u015bci tak \u017ceby dron nie m\u00f3g\u0142 si\u0119 wbi\u0107 bezpo\u015brednio w obiekt. To najta\u0144sze rozwi\u0105zanie. \u017badna elektronika nie zadzia\u0142a, chyba, \u017ce do obserwacji i wczesnego wykrywania.<\/strong> <strong>Nie istnieje sprawna \u017celazna kopu\u0142a.<\/strong><\/p>\n\n\n\n<p>Verte &gt;<a href=\"https:\/\/topol.org.pl\/?page_id=6187\">Fundacja Narodowe Si\u0142y Samoobrony \u201eGrot\u201d<\/a><\/p>\n\n\n\n<p><\/p>\n","protected":false},"excerpt":{"rendered":"<p>06.07.2025 17.17 Polska wyci\u0105ga w\u0142a\u015bciwe wnioski z rosyjsko-ukrai\u0144skiej wojny dronowej \u0179r\u00f3d\u0142o: rp.pl Drone \u015bwiat\u0142owodowy 5 km 10 km 20 km 30 km Kabel \u015bwiat\u0142owodowy z Fpv 100% wska\u017anika przej\u015bcia Modu\u0142 figury \u015bwiat\u0142owodowej wykorzystuje \u015bwiat\u0142ow\u00f3d jako medium transmisyjne, du\u017c\u0105 pr\u0119dko\u015b\u0107 transmisji, du\u017c\u0105 stabilno\u015b\u0107, mo\u017ce zaspokoi\u0107 zapotrzebowanie na transmisj\u0119 du\u017cych ilo\u015bci danych, nie podlega wp\u0142ywowi zak\u0142\u00f3ce\u0144 elektromagnetycznych, [&hellip;]<\/p>\n","protected":false},"author":1,"featured_media":0,"parent":9659,"menu_order":3,"comment_status":"closed","ping_status":"closed","template":"","meta":{"footnotes":""},"class_list":["post-12780","page","type-page","status-publish","hentry"],"_links":{"self":[{"href":"https:\/\/topol.org.pl\/index.php?rest_route=\/wp\/v2\/pages\/12780","targetHints":{"allow":["GET"]}}],"collection":[{"href":"https:\/\/topol.org.pl\/index.php?rest_route=\/wp\/v2\/pages"}],"about":[{"href":"https:\/\/topol.org.pl\/index.php?rest_route=\/wp\/v2\/types\/page"}],"author":[{"embeddable":true,"href":"https:\/\/topol.org.pl\/index.php?rest_route=\/wp\/v2\/users\/1"}],"replies":[{"embeddable":true,"href":"https:\/\/topol.org.pl\/index.php?rest_route=%2Fwp%2Fv2%2Fcomments&post=12780"}],"version-history":[{"count":9,"href":"https:\/\/topol.org.pl\/index.php?rest_route=\/wp\/v2\/pages\/12780\/revisions"}],"predecessor-version":[{"id":12809,"href":"https:\/\/topol.org.pl\/index.php?rest_route=\/wp\/v2\/pages\/12780\/revisions\/12809"}],"up":[{"embeddable":true,"href":"https:\/\/topol.org.pl\/index.php?rest_route=\/wp\/v2\/pages\/9659"}],"wp:attachment":[{"href":"https:\/\/topol.org.pl\/index.php?rest_route=%2Fwp%2Fv2%2Fmedia&parent=12780"}],"curies":[{"name":"wp","href":"https:\/\/api.w.org\/{rel}","templated":true}]}}