{"id":12819,"date":"2025-07-09T07:17:40","date_gmt":"2025-07-09T05:17:40","guid":{"rendered":"https:\/\/topol.org.pl\/?page_id=12819"},"modified":"2025-07-09T07:17:55","modified_gmt":"2025-07-09T05:17:55","slug":"biomasa","status":"publish","type":"page","link":"https:\/\/topol.org.pl\/?page_id=12819","title":{"rendered":"Biomasa"},"content":{"rendered":"\n<p>09.07.2025 <a href=\"https:\/\/www.google.com\/search?q=Biomasa&amp;oq=Biomasa&amp;gs_lcrp=EgZjaHJvbWUyBggAEEUYOTIGCAEQRRg8MgYIAhBFGEHSAQkyMTM2ajBqMTWoAgiwAgE&amp;sourceid=chrome&amp;ie=UTF-8\">Biomasa<\/a> \u0179r\u00f3d\u0142o: AL Google<\/p>\n\n\n\n<p><a href=\"https:\/\/topol.org.pl\/?page_id=6187\">Fundacja: Narodowe Si\u0142y Samoobrony \u201eGrot\u201d<\/a><\/p>\n\n\n\n<p><\/p>\n","protected":false},"excerpt":{"rendered":"<p>09.07.2025 Biomasa \u0179r\u00f3d\u0142o: AL Google Fundacja: Narodowe Si\u0142y Samoobrony \u201eGrot\u201d<\/p>\n","protected":false},"author":1,"featured_media":0,"parent":9801,"menu_order":0,"comment_status":"closed","ping_status":"closed","template":"","meta":{"footnotes":""},"class_list":["post-12819","page","type-page","status-publish","hentry"],"_links":{"self":[{"href":"https:\/\/topol.org.pl\/index.php?rest_route=\/wp\/v2\/pages\/12819","targetHints":{"allow":["GET"]}}],"collection":[{"href":"https:\/\/topol.org.pl\/index.php?rest_route=\/wp\/v2\/pages"}],"about":[{"href":"https:\/\/topol.org.pl\/index.php?rest_route=\/wp\/v2\/types\/page"}],"author":[{"embeddable":true,"href":"https:\/\/topol.org.pl\/index.php?rest_route=\/wp\/v2\/users\/1"}],"replies":[{"embeddable":true,"href":"https:\/\/topol.org.pl\/index.php?rest_route=%2Fwp%2Fv2%2Fcomments&post=12819"}],"version-history":[{"count":3,"href":"https:\/\/topol.org.pl\/index.php?rest_route=\/wp\/v2\/pages\/12819\/revisions"}],"predecessor-version":[{"id":12822,"href":"https:\/\/topol.org.pl\/index.php?rest_route=\/wp\/v2\/pages\/12819\/revisions\/12822"}],"up":[{"embeddable":true,"href":"https:\/\/topol.org.pl\/index.php?rest_route=\/wp\/v2\/pages\/9801"}],"wp:attachment":[{"href":"https:\/\/topol.org.pl\/index.php?rest_route=%2Fwp%2Fv2%2Fmedia&parent=12819"}],"curies":[{"name":"wp","href":"https:\/\/api.w.org\/{rel}","templated":true}]}}