{"id":12824,"date":"2025-07-09T20:00:26","date_gmt":"2025-07-09T18:00:26","guid":{"rendered":"https:\/\/topol.org.pl\/?page_id=12824"},"modified":"2025-07-09T20:17:53","modified_gmt":"2025-07-09T18:17:53","slug":"prezydent-andrzej-duda-ostro-o-sedziach-byc-moze-bedzie-trzeba-ich-wyrzucic","status":"publish","type":"page","link":"https:\/\/topol.org.pl\/?page_id=12824","title":{"rendered":"Prezydent Andrzej Duda ostro o s\u0119dziach: by\u0107 mo\u017ce b\u0119dzie trzeba ich WYRZUCI\u0106"},"content":{"rendered":"\n<figure class=\"wp-block-embed is-type-video is-provider-youtube wp-block-embed-youtube wp-embed-aspect-16-9 wp-has-aspect-ratio\"><div class=\"wp-block-embed__wrapper\">\n<iframe loading=\"lazy\" title=\"Prezydent Andrzej Duda ostro o s\u0119dziach: by\u0107 mo\u017ce b\u0119dzie trzeba ich WYRZUCI\u0106\" width=\"500\" height=\"281\" src=\"https:\/\/www.youtube.com\/embed\/J3MB1vDgHs4?feature=oembed\" frameborder=\"0\" allow=\"accelerometer; autoplay; clipboard-write; encrypted-media; gyroscope; picture-in-picture; web-share\" referrerpolicy=\"strict-origin-when-cross-origin\" allowfullscreen><\/iframe>\n<\/div><\/figure>\n\n\n\n<p>\u0179r\u00f3d\u0142o:\u00a0Otwarta Konserwa \/ DoRzeczy.pl<\/p>\n\n\n\n<p>Verte &gt;<a href=\"https:\/\/topol.org.pl\/?page_id=6187\">Fundacja Narodowe Si\u0142y Samoobrony \u201eGrot\u201d<\/a><\/p>\n\n\n\n<p><\/p>\n","protected":false},"excerpt":{"rendered":"<p>\u0179r\u00f3d\u0142o:\u00a0Otwarta Konserwa \/ DoRzeczy.pl Verte &gt;Fundacja Narodowe Si\u0142y Samoobrony \u201eGrot\u201d<\/p>\n","protected":false},"author":1,"featured_media":0,"parent":12678,"menu_order":5,"comment_status":"closed","ping_status":"closed","template":"","meta":{"footnotes":""},"class_list":["post-12824","page","type-page","status-publish","hentry"],"_links":{"self":[{"href":"https:\/\/topol.org.pl\/index.php?rest_route=\/wp\/v2\/pages\/12824","targetHints":{"allow":["GET"]}}],"collection":[{"href":"https:\/\/topol.org.pl\/index.php?rest_route=\/wp\/v2\/pages"}],"about":[{"href":"https:\/\/topol.org.pl\/index.php?rest_route=\/wp\/v2\/types\/page"}],"author":[{"embeddable":true,"href":"https:\/\/topol.org.pl\/index.php?rest_route=\/wp\/v2\/users\/1"}],"replies":[{"embeddable":true,"href":"https:\/\/topol.org.pl\/index.php?rest_route=%2Fwp%2Fv2%2Fcomments&post=12824"}],"version-history":[{"count":3,"href":"https:\/\/topol.org.pl\/index.php?rest_route=\/wp\/v2\/pages\/12824\/revisions"}],"predecessor-version":[{"id":12827,"href":"https:\/\/topol.org.pl\/index.php?rest_route=\/wp\/v2\/pages\/12824\/revisions\/12827"}],"up":[{"embeddable":true,"href":"https:\/\/topol.org.pl\/index.php?rest_route=\/wp\/v2\/pages\/12678"}],"wp:attachment":[{"href":"https:\/\/topol.org.pl\/index.php?rest_route=%2Fwp%2Fv2%2Fmedia&parent=12824"}],"curies":[{"name":"wp","href":"https:\/\/api.w.org\/{rel}","templated":true}]}}