{"id":12828,"date":"2025-07-12T16:23:56","date_gmt":"2025-07-12T14:23:56","guid":{"rendered":"https:\/\/topol.org.pl\/?page_id=12828"},"modified":"2026-01-08T20:56:12","modified_gmt":"2026-01-08T19:56:12","slug":"zamach-stanu","status":"publish","type":"page","link":"https:\/\/topol.org.pl\/?page_id=12828","title":{"rendered":"Zamach Stanu"},"content":{"rendered":"\n<p>12.07.2025 16.23 Zamach Stanu<\/p>\n\n\n\n<p>Haniebne dzia\u0142anie i propaganda niemieckiej zbrodniczej <a href=\"https:\/\/pl.wikipedia.org\/wiki\/III_Rzesza\">III Rzeszy<\/a> w Polsce. Kto namawia i op\u0142aca propagatora nazistowskiej III Rzeszy. Natychmiast wyjd\u017amy z Unii, <a href=\"https:\/\/pl.wikipedia.org\/wiki\/Okupacja_pokojowa\">poniewa\u017c jeste\u015bmy zagro\u017ceni<\/a>. Wszyscy zdrajcy zap\u0142ac\u0105 za haniebn\u0105 zdrad\u0119.<\/p>\n\n\n\n<p>Verte &gt;<a href=\"https:\/\/topol.org.pl\/?page_id=6187\">Fundacja Narodowe Si\u0142y Samoobrony \u201eGrot\u201d<\/a><\/p>\n\n\n\n<p><\/p>\n","protected":false},"excerpt":{"rendered":"<p>12.07.2025 16.23 Zamach Stanu Haniebne dzia\u0142anie i propaganda niemieckiej zbrodniczej III Rzeszy w Polsce. Kto namawia i op\u0142aca propagatora nazistowskiej III Rzeszy. Natychmiast wyjd\u017amy z Unii, poniewa\u017c jeste\u015bmy zagro\u017ceni. Wszyscy zdrajcy zap\u0142ac\u0105 za haniebn\u0105 zdrad\u0119. Verte &gt;Fundacja Narodowe Si\u0142y Samoobrony \u201eGrot\u201d<\/p>\n","protected":false},"author":1,"featured_media":0,"parent":11389,"menu_order":9,"comment_status":"closed","ping_status":"closed","template":"","meta":{"footnotes":""},"class_list":["post-12828","page","type-page","status-publish","hentry"],"_links":{"self":[{"href":"https:\/\/topol.org.pl\/index.php?rest_route=\/wp\/v2\/pages\/12828","targetHints":{"allow":["GET"]}}],"collection":[{"href":"https:\/\/topol.org.pl\/index.php?rest_route=\/wp\/v2\/pages"}],"about":[{"href":"https:\/\/topol.org.pl\/index.php?rest_route=\/wp\/v2\/types\/page"}],"author":[{"embeddable":true,"href":"https:\/\/topol.org.pl\/index.php?rest_route=\/wp\/v2\/users\/1"}],"replies":[{"embeddable":true,"href":"https:\/\/topol.org.pl\/index.php?rest_route=%2Fwp%2Fv2%2Fcomments&post=12828"}],"version-history":[{"count":11,"href":"https:\/\/topol.org.pl\/index.php?rest_route=\/wp\/v2\/pages\/12828\/revisions"}],"predecessor-version":[{"id":14032,"href":"https:\/\/topol.org.pl\/index.php?rest_route=\/wp\/v2\/pages\/12828\/revisions\/14032"}],"up":[{"embeddable":true,"href":"https:\/\/topol.org.pl\/index.php?rest_route=\/wp\/v2\/pages\/11389"}],"wp:attachment":[{"href":"https:\/\/topol.org.pl\/index.php?rest_route=%2Fwp%2Fv2%2Fmedia&parent=12828"}],"curies":[{"name":"wp","href":"https:\/\/api.w.org\/{rel}","templated":true}]}}