{"id":12865,"date":"2025-07-20T06:15:01","date_gmt":"2025-07-20T04:15:01","guid":{"rendered":"https:\/\/topol.org.pl\/?page_id=12865"},"modified":"2026-01-08T20:57:15","modified_gmt":"2026-01-08T19:57:15","slug":"co-ma-wisiec-nie-utonie","status":"publish","type":"page","link":"https:\/\/topol.org.pl\/?page_id=12865","title":{"rendered":"&#8222;Co ma wisie\u0107, nie utonie&#8221;"},"content":{"rendered":"\n<p>20.07.2025 06.20 &#8222;<a href=\"https:\/\/www.google.com\/search?q=co+ma+wisie%C4%87+nie+utonie&amp;sca_esv=95ec0cd79ee53998&amp;sxsrf=AE3TifNJXsvPvAevoIyHopbDeAW2s76diA%3A1752984119587&amp;source=hp&amp;ei=N2p8aPOsIaKLwPAP_uz7kA0&amp;oq=co+ma+wisie%C4%87+nie+utonie&amp;gs_lp=EhFtb2JpbGUtZ3dzLXdpei1ocCIYY28gbWEgd2lzaWXEhyBuaWUgdXRvbmllMgUQABiABDIFEAAYgAQyBRAAGIAEMgUQABiABDIFEAAYgAQyBhAAGBYYHjIGEAAYFhgeMgYQABgWGB5I1v0BUNoWWKXsAXABeACQAQCYAYYBoAGXFKoBBDMuMjC4AQPIAQD4AQGYAhigAsUWqAIQwgIGELMBGIUEwgIKEAAYAxjqAhiPAcICDRAuGAMY1AIY6gIYjwHCAgoQLhgDGOoCGI8BwgILEAAYgAQYsQMYigXCAg4QLhiABBixAxjRAxjHAcICCBAAGIAEGLEDwgIOEC4YgAQYsQMYgwEYigXCAggQLhiABBixA8ICCxAAGIAEGLEDGIMBwgIEEAAYA8ICCxAuGIAEGNEDGMcBwgIFEC4YgASYAxjxBQz4PsLWDXxIkgcEMS4yM6AHhHuyBwQwLjIzuAetFsIHBjMtMjMuMcgHpgI&amp;sclient=mobile-gws-wiz-hp\">Co ma wisie\u0107, nie utonie<\/a>&#8221; \u0179r\u00f3d\u0142o: Google Al <\/p>\n\n\n\n<p>&#8222;w bajce Grzegorza (Kordian, akt 1, Juliusza S\u0142owackiego)&#8221;.<\/p>\n\n\n\n<p>My\u015bl\u0119, \u017ce chodzi o niski poziom Wis\u0142y (w\u0142adzy brakuje oleum). Jak poziom wody si\u0119 podniesie, to i oleum w g\u0142owie przyb\u0119dzie. W przeciwnym razie &#8222;nieuchronnie narysujemy portret&#8221; z wisz\u0105cymi zw\u0142okami rozdzobywanymi przez kruki i wrony.<\/p>\n\n\n\n<figure class=\"wp-block-image size-full\"><a href=\"https:\/\/drive.google.com\/file\/d\/1UParvBKdB1sRuPfXbCfHuF1zi3W0nPOe\/view?usp=drivesdk\"><img loading=\"lazy\" decoding=\"async\" width=\"500\" height=\"372\" src=\"https:\/\/topol.org.pl\/wp-content\/uploads\/2025\/07\/Norblin_Hanging_of_traitors_in_effigie.jpg\" alt=\"\" class=\"wp-image-12895\" srcset=\"https:\/\/topol.org.pl\/wp-content\/uploads\/2025\/07\/Norblin_Hanging_of_traitors_in_effigie.jpg 500w, https:\/\/topol.org.pl\/wp-content\/uploads\/2025\/07\/Norblin_Hanging_of_traitors_in_effigie-300x223.jpg 300w\" sizes=\"auto, (max-width: 500px) 100vw, 500px\" \/><\/a><\/figure>\n\n\n\n<p>Wieszanie zdrajc\u00f3w (obraz Jana Piotra Norblina)<\/p>\n\n\n\n<p>Verte &gt;<a href=\"https:\/\/youtu.be\/b3PGAQmH6bM?si=AfzdkuCPze2rxhve\">Fundacja Narodowe Si\u0142y Samoobrony \u201eGrot\u201d<\/a><\/p>\n\n\n\n<p><\/p>\n","protected":false},"excerpt":{"rendered":"<p>20.07.2025 06.20 &#8222;Co ma wisie\u0107, nie utonie&#8221; \u0179r\u00f3d\u0142o: Google Al &#8222;w bajce Grzegorza (Kordian, akt 1, Juliusza S\u0142owackiego)&#8221;. My\u015bl\u0119, \u017ce chodzi o niski poziom Wis\u0142y (w\u0142adzy brakuje oleum). Jak poziom wody si\u0119 podniesie, to i oleum w g\u0142owie przyb\u0119dzie. W przeciwnym razie &#8222;nieuchronnie narysujemy portret&#8221; z wisz\u0105cymi zw\u0142okami rozdzobywanymi przez kruki i wrony. Wieszanie zdrajc\u00f3w [&hellip;]<\/p>\n","protected":false},"author":1,"featured_media":0,"parent":11389,"menu_order":10,"comment_status":"closed","ping_status":"closed","template":"","meta":{"footnotes":""},"class_list":["post-12865","page","type-page","status-publish","hentry"],"_links":{"self":[{"href":"https:\/\/topol.org.pl\/index.php?rest_route=\/wp\/v2\/pages\/12865","targetHints":{"allow":["GET"]}}],"collection":[{"href":"https:\/\/topol.org.pl\/index.php?rest_route=\/wp\/v2\/pages"}],"about":[{"href":"https:\/\/topol.org.pl\/index.php?rest_route=\/wp\/v2\/types\/page"}],"author":[{"embeddable":true,"href":"https:\/\/topol.org.pl\/index.php?rest_route=\/wp\/v2\/users\/1"}],"replies":[{"embeddable":true,"href":"https:\/\/topol.org.pl\/index.php?rest_route=%2Fwp%2Fv2%2Fcomments&post=12865"}],"version-history":[{"count":36,"href":"https:\/\/topol.org.pl\/index.php?rest_route=\/wp\/v2\/pages\/12865\/revisions"}],"predecessor-version":[{"id":14033,"href":"https:\/\/topol.org.pl\/index.php?rest_route=\/wp\/v2\/pages\/12865\/revisions\/14033"}],"up":[{"embeddable":true,"href":"https:\/\/topol.org.pl\/index.php?rest_route=\/wp\/v2\/pages\/11389"}],"wp:attachment":[{"href":"https:\/\/topol.org.pl\/index.php?rest_route=%2Fwp%2Fv2%2Fmedia&parent=12865"}],"curies":[{"name":"wp","href":"https:\/\/api.w.org\/{rel}","templated":true}]}}