{"id":12913,"date":"2025-07-23T12:08:34","date_gmt":"2025-07-23T10:08:34","guid":{"rendered":"https:\/\/topol.org.pl\/?page_id=12913"},"modified":"2026-01-08T20:59:33","modified_gmt":"2026-01-08T19:59:33","slug":"obywatelstwo-polskie","status":"publish","type":"page","link":"https:\/\/topol.org.pl\/?page_id=12913","title":{"rendered":"Obywatelstwo polskie"},"content":{"rendered":"\n<p>23.07.2025 12.05 <a href=\"https:\/\/www.google.com\/search?q=obywatelstwo+polskie&amp;oq=obyw&amp;gs_lcrp=EgZjaHJvbWUqDAgAEEUYOxixAxiABDIMCAAQRRg7GLEDGIAEMgoIARAAGLEDGIAEMgYIAhBFGDkyCggDEC4YsQMYgAQyBwgEEC4YgAQyBggFEEUYPTIGCAYQRRg9MgYIBxAFGEAyBggIEEUYPDIKCAkQLhjUAhiABDIJCAoQABgKGIAEMgcICxAuGIAEMgcIDBAAGIAEMgcIDRAuGIAEMgcIDhAAGIAE0gEINTQ4MmowajSoAgGwAgE&amp;client=ms-android-xiaomi-rvo3&amp;sourceid=chrome-mobile&amp;ie=UTF-8\">Obywatelstwo<\/a> polskie \u0179r\u00f3d\u0142o: Google AL<\/p>\n\n\n\n<p><strong>Jak dojd\u0119 do w\u0142adzy, b\u0119dzie trudno uzyska\u0107. Ale \u0142atwo b\u0119dzie je straci\u0107, za zdrad\u0119, sabota\u017c i odwracanie do g\u00f3ry nogami naszego \u017cycia.<\/strong><\/p>\n\n\n\n<p>02.09.2025 08.46 Trudniej b\u0119dzie dosta\u0107 polskie obywatelstwo? \u0179r\u00f3d\u0142o: rp.pl<\/p>\n\n\n\n<p>16.10.2025 17.26 Germanizacja Wroc\u0142awia trwa w najlepsze! Lewicowcy to popieraj\u0105. &#8222;To jest po prostu chore!&#8221; \u0179r\u00f3d\u0142o: Radio WNET<\/p>\n\n\n\n<p>Verte &gt;<a href=\"https:\/\/topol.org.pl\/?page_id=6187\">Fundacja Narodowe Si\u0142y Samoobrony \u201eGrot\u201d<\/a><\/p>\n\n\n\n<p><\/p>\n","protected":false},"excerpt":{"rendered":"<p>23.07.2025 12.05 Obywatelstwo polskie \u0179r\u00f3d\u0142o: Google AL Jak dojd\u0119 do w\u0142adzy, b\u0119dzie trudno uzyska\u0107. Ale \u0142atwo b\u0119dzie je straci\u0107, za zdrad\u0119, sabota\u017c i odwracanie do g\u00f3ry nogami naszego \u017cycia. 02.09.2025 08.46 Trudniej b\u0119dzie dosta\u0107 polskie obywatelstwo? \u0179r\u00f3d\u0142o: rp.pl 16.10.2025 17.26 Germanizacja Wroc\u0142awia trwa w najlepsze! Lewicowcy to popieraj\u0105. &#8222;To jest po prostu chore!&#8221; \u0179r\u00f3d\u0142o: Radio [&hellip;]<\/p>\n","protected":false},"author":1,"featured_media":0,"parent":11389,"menu_order":11,"comment_status":"closed","ping_status":"closed","template":"","meta":{"footnotes":""},"class_list":["post-12913","page","type-page","status-publish","hentry"],"_links":{"self":[{"href":"https:\/\/topol.org.pl\/index.php?rest_route=\/wp\/v2\/pages\/12913","targetHints":{"allow":["GET"]}}],"collection":[{"href":"https:\/\/topol.org.pl\/index.php?rest_route=\/wp\/v2\/pages"}],"about":[{"href":"https:\/\/topol.org.pl\/index.php?rest_route=\/wp\/v2\/types\/page"}],"author":[{"embeddable":true,"href":"https:\/\/topol.org.pl\/index.php?rest_route=\/wp\/v2\/users\/1"}],"replies":[{"embeddable":true,"href":"https:\/\/topol.org.pl\/index.php?rest_route=%2Fwp%2Fv2%2Fcomments&post=12913"}],"version-history":[{"count":15,"href":"https:\/\/topol.org.pl\/index.php?rest_route=\/wp\/v2\/pages\/12913\/revisions"}],"predecessor-version":[{"id":14035,"href":"https:\/\/topol.org.pl\/index.php?rest_route=\/wp\/v2\/pages\/12913\/revisions\/14035"}],"up":[{"embeddable":true,"href":"https:\/\/topol.org.pl\/index.php?rest_route=\/wp\/v2\/pages\/11389"}],"wp:attachment":[{"href":"https:\/\/topol.org.pl\/index.php?rest_route=%2Fwp%2Fv2%2Fmedia&parent=12913"}],"curies":[{"name":"wp","href":"https:\/\/api.w.org\/{rel}","templated":true}]}}