{"id":12930,"date":"2025-07-23T20:57:07","date_gmt":"2025-07-23T18:57:07","guid":{"rendered":"https:\/\/topol.org.pl\/?page_id=12930"},"modified":"2025-08-23T14:33:05","modified_gmt":"2025-08-23T12:33:05","slug":"39-obywatelstwo-polskie","status":"publish","type":"page","link":"https:\/\/topol.org.pl\/?page_id=12930","title":{"rendered":"&amp; 40. Obywatelstwo polskie"},"content":{"rendered":"\n<p><a href=\"https:\/\/www.google.com\/search?q=obywatelstwo+polskie&amp;oq=obyw&amp;gs_lcrp=EgZjaHJvbWUqDAgAEEUYOxixAxiABDIMCAAQRRg7GLEDGIAEMgoIARAAGLEDGIAEMgYIAhBFGDkyCggDEC4YsQMYgAQyBwgEEC4YgAQyBggFEEUYPTIGCAYQRRg9MgYIBxAFGEAyBggIEEUYPDIKCAkQLhjUAhiABDIJCAoQABgKGIAEMgcICxAuGIAEMgcIDBAAGIAEMgcIDRAuGIAEMgcIDhAAGIAE0gEINTQ4MmowajSoAgGwAgE&amp;client=ms-android-xiaomi-rvo3&amp;sourceid=chrome-mobile&amp;ie=UTF-8\">Obywatelstwo<\/a> polskie \u0179r\u00f3d\u0142o: Google AL<\/p>\n\n\n\n<p>Jak dojd\u0119 do w\u0142adzy, b\u0119dzie trudno uzyska\u0107. Ale \u0142atwo b\u0119dzie je straci\u0107, za zdrad\u0119, sabota\u017c i odwracanie do g\u00f3ry nogami naszego \u017cycia.<\/p>\n\n\n\n<p><\/p>\n","protected":false},"excerpt":{"rendered":"<p>Obywatelstwo polskie \u0179r\u00f3d\u0142o: Google AL Jak dojd\u0119 do w\u0142adzy, b\u0119dzie trudno uzyska\u0107. Ale \u0142atwo b\u0119dzie je straci\u0107, za zdrad\u0119, sabota\u017c i odwracanie do g\u00f3ry nogami naszego \u017cycia.<\/p>\n","protected":false},"author":1,"featured_media":0,"parent":47,"menu_order":41,"comment_status":"closed","ping_status":"closed","template":"","meta":{"footnotes":""},"class_list":["post-12930","page","type-page","status-publish","hentry"],"_links":{"self":[{"href":"https:\/\/topol.org.pl\/index.php?rest_route=\/wp\/v2\/pages\/12930","targetHints":{"allow":["GET"]}}],"collection":[{"href":"https:\/\/topol.org.pl\/index.php?rest_route=\/wp\/v2\/pages"}],"about":[{"href":"https:\/\/topol.org.pl\/index.php?rest_route=\/wp\/v2\/types\/page"}],"author":[{"embeddable":true,"href":"https:\/\/topol.org.pl\/index.php?rest_route=\/wp\/v2\/users\/1"}],"replies":[{"embeddable":true,"href":"https:\/\/topol.org.pl\/index.php?rest_route=%2Fwp%2Fv2%2Fcomments&post=12930"}],"version-history":[{"count":6,"href":"https:\/\/topol.org.pl\/index.php?rest_route=\/wp\/v2\/pages\/12930\/revisions"}],"predecessor-version":[{"id":13097,"href":"https:\/\/topol.org.pl\/index.php?rest_route=\/wp\/v2\/pages\/12930\/revisions\/13097"}],"up":[{"embeddable":true,"href":"https:\/\/topol.org.pl\/index.php?rest_route=\/wp\/v2\/pages\/47"}],"wp:attachment":[{"href":"https:\/\/topol.org.pl\/index.php?rest_route=%2Fwp%2Fv2%2Fmedia&parent=12930"}],"curies":[{"name":"wp","href":"https:\/\/api.w.org\/{rel}","templated":true}]}}