{"id":12948,"date":"2025-07-26T16:46:22","date_gmt":"2025-07-26T14:46:22","guid":{"rendered":"https:\/\/topol.org.pl\/?page_id=12948"},"modified":"2026-01-09T10:47:52","modified_gmt":"2026-01-09T09:47:52","slug":"deportacje-nielegalnych-migrantow","status":"publish","type":"page","link":"https:\/\/topol.org.pl\/?page_id=12948","title":{"rendered":"&#8222;Deportacje nielegalnych migrant\u00f3w&#8221;"},"content":{"rendered":"\n<p>26.07.2025 16.44 &#8222;<a href=\"https:\/\/dorzeczy.pl\/swiat\/758379\/trump-powstrzymal-nielegalna-migracje-do-usa-dobre-metody.html\">Deportacje nielegalnych migrant\u00f3w<\/a>&#8221; \u0179r\u00f3d\u0142o:&nbsp;PAP \/ DoRzeczy.pl \/ Fox News<\/p>\n\n\n\n<p>Verte ><a href=\"https:\/\/topol.org.pl\/?page_id=6187\">Fundacja Narodowe Si\u0142y Samoobrony \u201eGrot\u201d<\/a><\/p>\n","protected":false},"excerpt":{"rendered":"<p>26.07.2025 16.44 &#8222;Deportacje nielegalnych migrant\u00f3w&#8221; \u0179r\u00f3d\u0142o:&nbsp;PAP \/ DoRzeczy.pl \/ Fox News Verte >Fundacja Narodowe Si\u0142y Samoobrony \u201eGrot\u201d<\/p>\n","protected":false},"author":1,"featured_media":0,"parent":4659,"menu_order":0,"comment_status":"closed","ping_status":"closed","template":"","meta":{"footnotes":""},"class_list":["post-12948","page","type-page","status-publish","hentry"],"_links":{"self":[{"href":"https:\/\/topol.org.pl\/index.php?rest_route=\/wp\/v2\/pages\/12948","targetHints":{"allow":["GET"]}}],"collection":[{"href":"https:\/\/topol.org.pl\/index.php?rest_route=\/wp\/v2\/pages"}],"about":[{"href":"https:\/\/topol.org.pl\/index.php?rest_route=\/wp\/v2\/types\/page"}],"author":[{"embeddable":true,"href":"https:\/\/topol.org.pl\/index.php?rest_route=\/wp\/v2\/users\/1"}],"replies":[{"embeddable":true,"href":"https:\/\/topol.org.pl\/index.php?rest_route=%2Fwp%2Fv2%2Fcomments&post=12948"}],"version-history":[{"count":2,"href":"https:\/\/topol.org.pl\/index.php?rest_route=\/wp\/v2\/pages\/12948\/revisions"}],"predecessor-version":[{"id":12950,"href":"https:\/\/topol.org.pl\/index.php?rest_route=\/wp\/v2\/pages\/12948\/revisions\/12950"}],"up":[{"embeddable":true,"href":"https:\/\/topol.org.pl\/index.php?rest_route=\/wp\/v2\/pages\/4659"}],"wp:attachment":[{"href":"https:\/\/topol.org.pl\/index.php?rest_route=%2Fwp%2Fv2%2Fmedia&parent=12948"}],"curies":[{"name":"wp","href":"https:\/\/api.w.org\/{rel}","templated":true}]}}