{"id":12961,"date":"2025-07-27T09:26:54","date_gmt":"2025-07-27T07:26:54","guid":{"rendered":"https:\/\/topol.org.pl\/?page_id=12961"},"modified":"2025-10-16T10:10:15","modified_gmt":"2025-10-16T08:10:15","slug":"naruszylelem-art-304","status":"publish","type":"page","link":"https:\/\/topol.org.pl\/?page_id=12961","title":{"rendered":"&#8222;naruszy\u0142e\u0142em art. 304&#8221;"},"content":{"rendered":"\n<p>27.07.2025 09.12 &#8222;<a href=\"https:\/\/dorzeczy.pl\/opinie\/758460\/zamach-stanu-miller-z-holownia-powinien-mowic-prokurator.html\">ka\u017cdy, kto dowie si\u0119 o\u00a0pope\u0142nieniu przest\u0119pstwa \u015bciganego z\u00a0odpowiedniego paragrafu, ma\u00a0spo\u0142eczny obowi\u0105zek zawiadomi\u0107 o\u00a0tym prokuratora i\u00a0policj\u0119<\/a>&#8221; \u0179r\u00f3d\u0142o:\u00a0Polsat News\u00a0\/\u00a0DoRzeczy.pl<\/p>\n\n\n\n<p>Wielokrotnie czyta\u0142em w prasie, \u017ce kwestionowane s\u0105 wyniki <strong>Wybor\u00f3w Prezydenckich<\/strong>. I nic z tym nie zrobi\u0142em. Nie zawiadomi\u0142em prokuratora i policji. Tak jak Marsza\u0142ek milcza\u0142em i zastanawia\u0142em si\u0119 co z tym zrobi\u0107. <\/p>\n\n\n\n<p><strong>Nie zawiadomi\u0142em prokuratora i policji, \u017ce w Polsce jest przeprowadzane &#8222;<a href=\"https:\/\/topol.org.pl\/?page_id=12828\">pe\u0142zaj\u0105ce przej\u0119cie pa\u0144stwa<\/a>&#8221; przez Niemcy i Ukrain\u0119. Dzia\u0142am w pojedynk\u0119, nie m\u00f3wi\u0119 o tym nikomu, poniewa\u017c nikomu nie ufam.<\/strong><\/p>\n\n\n\n<p>Verte &gt;<a href=\"https:\/\/topol.org.pl\/?page_id=6187\">Fundacja Narodowe Si\u0142y Samoobrony \u201eGrot\u201d<\/a><\/p>\n\n\n\n<p><\/p>\n","protected":false},"excerpt":{"rendered":"<p>27.07.2025 09.12 &#8222;ka\u017cdy, kto dowie si\u0119 o\u00a0pope\u0142nieniu przest\u0119pstwa \u015bciganego z\u00a0odpowiedniego paragrafu, ma\u00a0spo\u0142eczny obowi\u0105zek zawiadomi\u0107 o\u00a0tym prokuratora i\u00a0policj\u0119&#8221; \u0179r\u00f3d\u0142o:\u00a0Polsat News\u00a0\/\u00a0DoRzeczy.pl Wielokrotnie czyta\u0142em w prasie, \u017ce kwestionowane s\u0105 wyniki Wybor\u00f3w Prezydenckich. I nic z tym nie zrobi\u0142em. Nie zawiadomi\u0142em prokuratora i policji. Tak jak Marsza\u0142ek milcza\u0142em i zastanawia\u0142em si\u0119 co z tym zrobi\u0107. Nie zawiadomi\u0142em prokuratora i [&hellip;]<\/p>\n","protected":false},"author":1,"featured_media":0,"parent":11389,"menu_order":16,"comment_status":"closed","ping_status":"closed","template":"","meta":{"footnotes":""},"class_list":["post-12961","page","type-page","status-publish","hentry"],"_links":{"self":[{"href":"https:\/\/topol.org.pl\/index.php?rest_route=\/wp\/v2\/pages\/12961","targetHints":{"allow":["GET"]}}],"collection":[{"href":"https:\/\/topol.org.pl\/index.php?rest_route=\/wp\/v2\/pages"}],"about":[{"href":"https:\/\/topol.org.pl\/index.php?rest_route=\/wp\/v2\/types\/page"}],"author":[{"embeddable":true,"href":"https:\/\/topol.org.pl\/index.php?rest_route=\/wp\/v2\/users\/1"}],"replies":[{"embeddable":true,"href":"https:\/\/topol.org.pl\/index.php?rest_route=%2Fwp%2Fv2%2Fcomments&post=12961"}],"version-history":[{"count":4,"href":"https:\/\/topol.org.pl\/index.php?rest_route=\/wp\/v2\/pages\/12961\/revisions"}],"predecessor-version":[{"id":12965,"href":"https:\/\/topol.org.pl\/index.php?rest_route=\/wp\/v2\/pages\/12961\/revisions\/12965"}],"up":[{"embeddable":true,"href":"https:\/\/topol.org.pl\/index.php?rest_route=\/wp\/v2\/pages\/11389"}],"wp:attachment":[{"href":"https:\/\/topol.org.pl\/index.php?rest_route=%2Fwp%2Fv2%2Fmedia&parent=12961"}],"curies":[{"name":"wp","href":"https:\/\/api.w.org\/{rel}","templated":true}]}}