{"id":12966,"date":"2025-07-27T10:01:17","date_gmt":"2025-07-27T08:01:17","guid":{"rendered":"https:\/\/topol.org.pl\/?page_id=12966"},"modified":"2026-01-09T11:02:43","modified_gmt":"2026-01-09T10:02:43","slug":"czterodniowy-tydzien-pracy","status":"publish","type":"page","link":"https:\/\/topol.org.pl\/?page_id=12966","title":{"rendered":"&#8222;czterodniowy tydzie\u0144 pracy&#8221;"},"content":{"rendered":"\n<p>27.07.2025 09.57 &#8222;<a href=\"https:\/\/www.rp.pl\/rynek-pracy\/art42756191-rosja-przechodzi-na-czterodniowy-tydzien-pracy-brakuje-ludzi-i-pieniedzy\">czterodniowy tydzie\u0144 pracy<\/a>&#8221; \u0179r\u00f3d\u0142o: rp.pl<\/p>\n\n\n\n<p><strong>Nie mam z\u0142udze\u0144, \u017ce to posuni\u0119cie jest podyktowane planem globalist\u00f3w i interesariuszy z Davos.<\/strong><\/p>\n\n\n\n<p>Verte ><a href=\"https:\/\/topol.org.pl\/?page_id=6187\">Fundacja Narodowe Si\u0142y Samoobrony \u201eGrot\u201d<\/a><\/p>\n\n\n\n<p><\/p>\n","protected":false},"excerpt":{"rendered":"<p>27.07.2025 09.57 &#8222;czterodniowy tydzie\u0144 pracy&#8221; \u0179r\u00f3d\u0142o: rp.pl Nie mam z\u0142udze\u0144, \u017ce to posuni\u0119cie jest podyktowane planem globalist\u00f3w i interesariuszy z Davos. Verte >Fundacja Narodowe Si\u0142y Samoobrony \u201eGrot\u201d<\/p>\n","protected":false},"author":1,"featured_media":0,"parent":9745,"menu_order":5,"comment_status":"closed","ping_status":"closed","template":"","meta":{"footnotes":""},"class_list":["post-12966","page","type-page","status-publish","hentry"],"_links":{"self":[{"href":"https:\/\/topol.org.pl\/index.php?rest_route=\/wp\/v2\/pages\/12966","targetHints":{"allow":["GET"]}}],"collection":[{"href":"https:\/\/topol.org.pl\/index.php?rest_route=\/wp\/v2\/pages"}],"about":[{"href":"https:\/\/topol.org.pl\/index.php?rest_route=\/wp\/v2\/types\/page"}],"author":[{"embeddable":true,"href":"https:\/\/topol.org.pl\/index.php?rest_route=\/wp\/v2\/users\/1"}],"replies":[{"embeddable":true,"href":"https:\/\/topol.org.pl\/index.php?rest_route=%2Fwp%2Fv2%2Fcomments&post=12966"}],"version-history":[{"count":1,"href":"https:\/\/topol.org.pl\/index.php?rest_route=\/wp\/v2\/pages\/12966\/revisions"}],"predecessor-version":[{"id":12967,"href":"https:\/\/topol.org.pl\/index.php?rest_route=\/wp\/v2\/pages\/12966\/revisions\/12967"}],"up":[{"embeddable":true,"href":"https:\/\/topol.org.pl\/index.php?rest_route=\/wp\/v2\/pages\/9745"}],"wp:attachment":[{"href":"https:\/\/topol.org.pl\/index.php?rest_route=%2Fwp%2Fv2%2Fmedia&parent=12966"}],"curies":[{"name":"wp","href":"https:\/\/api.w.org\/{rel}","templated":true}]}}