{"id":12972,"date":"2025-07-27T20:50:31","date_gmt":"2025-07-27T18:50:31","guid":{"rendered":"https:\/\/topol.org.pl\/?page_id=12972"},"modified":"2026-01-09T10:49:32","modified_gmt":"2026-01-09T09:49:32","slug":"czy-komus-zalezy-zeby-polska-wysychala","status":"publish","type":"page","link":"https:\/\/topol.org.pl\/?page_id=12972","title":{"rendered":"Czy komu\u015b zale\u017cy \u017ceby Polska wysycha\u0142a?"},"content":{"rendered":"\n<p>27.07.2025 20.46 <a href=\"https:\/\/www.youtube.com\/watch?v=HnP9BpZJUqc&amp;t=184s\">Czy komu\u015b zale\u017cy \u017ceby Polska wysycha\u0142a? Komentuje dr Grzegorz Chocian<\/a> \u0179r\u00f3d\u0142o: <a href=\"https:\/\/www.youtube.com\/@OtwartaKonserwa\">Otwarta Konserwa<\/a><\/p>\n\n\n\n<p>Verte ><a href=\"https:\/\/topol.org.pl\/?page_id=6187\">Fundacja Narodowe Si\u0142y Samoobrony \u201eGrot\u201d<\/a><\/p>\n","protected":false},"excerpt":{"rendered":"<p>27.07.2025 20.46 Czy komu\u015b zale\u017cy \u017ceby Polska wysycha\u0142a? Komentuje dr Grzegorz Chocian \u0179r\u00f3d\u0142o: Otwarta Konserwa Verte >Fundacja Narodowe Si\u0142y Samoobrony \u201eGrot\u201d<\/p>\n","protected":false},"author":1,"featured_media":0,"parent":4837,"menu_order":0,"comment_status":"closed","ping_status":"closed","template":"","meta":{"footnotes":""},"class_list":["post-12972","page","type-page","status-publish","hentry"],"_links":{"self":[{"href":"https:\/\/topol.org.pl\/index.php?rest_route=\/wp\/v2\/pages\/12972","targetHints":{"allow":["GET"]}}],"collection":[{"href":"https:\/\/topol.org.pl\/index.php?rest_route=\/wp\/v2\/pages"}],"about":[{"href":"https:\/\/topol.org.pl\/index.php?rest_route=\/wp\/v2\/types\/page"}],"author":[{"embeddable":true,"href":"https:\/\/topol.org.pl\/index.php?rest_route=\/wp\/v2\/users\/1"}],"replies":[{"embeddable":true,"href":"https:\/\/topol.org.pl\/index.php?rest_route=%2Fwp%2Fv2%2Fcomments&post=12972"}],"version-history":[{"count":1,"href":"https:\/\/topol.org.pl\/index.php?rest_route=\/wp\/v2\/pages\/12972\/revisions"}],"predecessor-version":[{"id":12973,"href":"https:\/\/topol.org.pl\/index.php?rest_route=\/wp\/v2\/pages\/12972\/revisions\/12973"}],"up":[{"embeddable":true,"href":"https:\/\/topol.org.pl\/index.php?rest_route=\/wp\/v2\/pages\/4837"}],"wp:attachment":[{"href":"https:\/\/topol.org.pl\/index.php?rest_route=%2Fwp%2Fv2%2Fmedia&parent=12972"}],"curies":[{"name":"wp","href":"https:\/\/api.w.org\/{rel}","templated":true}]}}