{"id":12974,"date":"2025-07-28T07:11:53","date_gmt":"2025-07-28T05:11:53","guid":{"rendered":"https:\/\/topol.org.pl\/?page_id=12974"},"modified":"2026-01-09T11:02:49","modified_gmt":"2026-01-09T10:02:49","slug":"rosja-miala-stracic-na-ukrainie-ok-1-050-250-zolnierzy","status":"publish","type":"page","link":"https:\/\/topol.org.pl\/?page_id=12974","title":{"rendered":"Rosja mia\u0142a straci\u0107 na Ukrainie ok. 1 050 250 \u017co\u0142nierzy"},"content":{"rendered":"\n<p>28.07.2025 r. 07.08 <a href=\"https:\/\/www.facebook.com\/plugins\/post.php?href=https%3A%2F%2Fwww.facebook.com%2FGeneralStaff.ua%2Fposts%2Fpfbid02tjAhSbSfLHdRkwrrHVQsPuWA1GpoV58kqmWRxhe84pCJLc6bfFy8rJJL2RVVtbebl&amp;show_text=true&amp;width=500\">Od 24 lutego 2022 roku Rosja mia\u0142a straci\u0107 na Ukrainie ok. 1 050 250 \u017co\u0142nierzy, 11 061 czo\u0142g\u00f3w, 23 064 pojazdy opancerzone, 30 826 zestaw\u00f3w artyleryjskich, 1 450 wyrzutni rakiet, 1 201 zestaw\u00f3w przeciwlotniczych, 421 samolot\u00f3w, 340 \u015bmig\u0142owc\u00f3w, 48 393 bezza\u0142ogowe statki powietrzne, 3 546 pocisk\u00f3w manewruj\u0105cych, 28 jednostek nawodnych, 1 okr\u0119t podwodny, 56 596 pojazd\u00f3w (w tym cystern) i 3 935 jednostek sprz\u0119tu specjalnego.<\/a>\u00a0\u0179r\u00f3d\u0142o: <a href=\"https:\/\/www.facebook.com\/plugins\/post.php?href=https%3A%2F%2Fwww.facebook.com%2FGeneralStaff.ua%2Fposts%2Fpfbid02tjAhSbSfLHdRkwrrHVQsPuWA1GpoV58kqmWRxhe84pCJLc6bfFy8rJJL2RVVtbebl&amp;show_text=true&amp;width=500\">facebook<\/a>\/<a href=\"https:\/\/www.rp.pl\/swiat\/art42763571-wojna-rosji-z-ukraina-dzien-1251#block-id-W0EpSRrbHL\">rp.pl<\/a><\/p>\n\n\n\n<p>Verte &gt;<a href=\"https:\/\/topol.org.pl\/?page_id=6187\">Fundacja Narodowe Si\u0142y Samoobrony \u201eGrot\u201d<\/a><\/p>\n\n\n\n<p><\/p>\n","protected":false},"excerpt":{"rendered":"<p>28.07.2025 r. 07.08 Od 24 lutego 2022 roku Rosja mia\u0142a straci\u0107 na Ukrainie ok. 1 050 250 \u017co\u0142nierzy, 11 061 czo\u0142g\u00f3w, 23 064 pojazdy opancerzone, 30 826 zestaw\u00f3w artyleryjskich, 1 450 wyrzutni rakiet, 1 201 zestaw\u00f3w przeciwlotniczych, 421 samolot\u00f3w, 340 \u015bmig\u0142owc\u00f3w, 48 393 bezza\u0142ogowe statki powietrzne, 3 546 pocisk\u00f3w manewruj\u0105cych, 28 jednostek nawodnych, 1 okr\u0119t [&hellip;]<\/p>\n","protected":false},"author":1,"featured_media":0,"parent":9745,"menu_order":6,"comment_status":"closed","ping_status":"closed","template":"","meta":{"footnotes":""},"class_list":["post-12974","page","type-page","status-publish","hentry"],"_links":{"self":[{"href":"https:\/\/topol.org.pl\/index.php?rest_route=\/wp\/v2\/pages\/12974","targetHints":{"allow":["GET"]}}],"collection":[{"href":"https:\/\/topol.org.pl\/index.php?rest_route=\/wp\/v2\/pages"}],"about":[{"href":"https:\/\/topol.org.pl\/index.php?rest_route=\/wp\/v2\/types\/page"}],"author":[{"embeddable":true,"href":"https:\/\/topol.org.pl\/index.php?rest_route=\/wp\/v2\/users\/1"}],"replies":[{"embeddable":true,"href":"https:\/\/topol.org.pl\/index.php?rest_route=%2Fwp%2Fv2%2Fcomments&post=12974"}],"version-history":[{"count":3,"href":"https:\/\/topol.org.pl\/index.php?rest_route=\/wp\/v2\/pages\/12974\/revisions"}],"predecessor-version":[{"id":12978,"href":"https:\/\/topol.org.pl\/index.php?rest_route=\/wp\/v2\/pages\/12974\/revisions\/12978"}],"up":[{"embeddable":true,"href":"https:\/\/topol.org.pl\/index.php?rest_route=\/wp\/v2\/pages\/9745"}],"wp:attachment":[{"href":"https:\/\/topol.org.pl\/index.php?rest_route=%2Fwp%2Fv2%2Fmedia&parent=12974"}],"curies":[{"name":"wp","href":"https:\/\/api.w.org\/{rel}","templated":true}]}}