{"id":12979,"date":"2025-07-29T08:35:24","date_gmt":"2025-07-29T06:35:24","guid":{"rendered":"https:\/\/topol.org.pl\/?page_id=12979"},"modified":"2025-10-16T10:11:11","modified_gmt":"2025-10-16T08:11:11","slug":"sad-najwyzszy-zdecydowal-w-sprawie-waznosci-wyborow-prezydenckich","status":"publish","type":"page","link":"https:\/\/topol.org.pl\/?page_id=12979","title":{"rendered":"S\u0105d Najwy\u017cszy zdecydowa\u0142 w sprawie wa\u017cno\u015bci wybor\u00f3w prezydenckich"},"content":{"rendered":"\n<p>29.07.2025 08.27 <a href=\"https:\/\/www.pap.pl\/aktualnosci\/sad-najwyzszy-zdecydowal-w-sprawie-waznosci-wyborow\">&#8222;S\u0105d Najwy\u017cszy zdecydowa\u0142 w sprawie wa\u017cno\u015bci wybor\u00f3w prezydenckich&#8221;<\/a> \u0179r\u00f3d\u0142o: <a href=\"https:\/\/www.pap.pl\/aktualnosci\/sad-najwyzszy-zdecydowal-w-sprawie-waznosci-wyborow\">pap<\/a><\/p>\n\n\n\n<p><a href=\"https:\/\/www.pap.pl\/aktualnosci\/sn-kontra-rzad-chodzi-o-uchwale-stwierdzajaca-waznosc-wyboru-prezydenta\">&#8222;Do opublikowanej uchwa\u0142y\u00a0<strong>dodana zosta\u0142a adnotacja<\/strong>\u00a0m\u00f3wi\u0105ca m.in., \u017ce orzecznictwo europejskich trybuna\u0142\u00f3w nie pozwala na uznanie sk\u0142adu SN z tej sprawy za \u201es\u0105d ustanowiony na mocy ustawy\u201d<\/a>. \u0179r\u00f3d\u0142o: <a href=\"https:\/\/www.pap.pl\/aktualnosci\/sn-kontra-rzad-chodzi-o-uchwale-stwierdzajaca-waznosc-wyboru-prezydenta\">pap<\/a><\/p>\n\n\n\n<p><strong>Orzecznictwo europejskich trybuna\u0142\u00f3w jest niewa\u017cne, poniewa\u017c <a href=\"https:\/\/topol.org.pl\/?page_id=12702\">\u201etrybuna\u0142y mi\u0119dzynarodowe to\u00a0twory sztuczne\u201d<\/a><\/strong><\/p>\n\n\n\n<p>Verte ><a href=\"https:\/\/topol.org.pl\/?page_id=6187\">Fundacja Narodowe Si\u0142y Samoobrony \u201eGrot\u201d<\/a><\/p>\n\n\n\n<p><\/p>\n","protected":false},"excerpt":{"rendered":"<p>29.07.2025 08.27 &#8222;S\u0105d Najwy\u017cszy zdecydowa\u0142 w sprawie wa\u017cno\u015bci wybor\u00f3w prezydenckich&#8221; \u0179r\u00f3d\u0142o: pap &#8222;Do opublikowanej uchwa\u0142y\u00a0dodana zosta\u0142a adnotacja\u00a0m\u00f3wi\u0105ca m.in., \u017ce orzecznictwo europejskich trybuna\u0142\u00f3w nie pozwala na uznanie sk\u0142adu SN z tej sprawy za \u201es\u0105d ustanowiony na mocy ustawy\u201d. \u0179r\u00f3d\u0142o: pap Orzecznictwo europejskich trybuna\u0142\u00f3w jest niewa\u017cne, poniewa\u017c \u201etrybuna\u0142y mi\u0119dzynarodowe to\u00a0twory sztuczne\u201d Verte >Fundacja Narodowe Si\u0142y Samoobrony \u201eGrot\u201d<\/p>\n","protected":false},"author":1,"featured_media":0,"parent":11389,"menu_order":21,"comment_status":"closed","ping_status":"closed","template":"","meta":{"footnotes":""},"class_list":["post-12979","page","type-page","status-publish","hentry"],"_links":{"self":[{"href":"https:\/\/topol.org.pl\/index.php?rest_route=\/wp\/v2\/pages\/12979","targetHints":{"allow":["GET"]}}],"collection":[{"href":"https:\/\/topol.org.pl\/index.php?rest_route=\/wp\/v2\/pages"}],"about":[{"href":"https:\/\/topol.org.pl\/index.php?rest_route=\/wp\/v2\/types\/page"}],"author":[{"embeddable":true,"href":"https:\/\/topol.org.pl\/index.php?rest_route=\/wp\/v2\/users\/1"}],"replies":[{"embeddable":true,"href":"https:\/\/topol.org.pl\/index.php?rest_route=%2Fwp%2Fv2%2Fcomments&post=12979"}],"version-history":[{"count":1,"href":"https:\/\/topol.org.pl\/index.php?rest_route=\/wp\/v2\/pages\/12979\/revisions"}],"predecessor-version":[{"id":12980,"href":"https:\/\/topol.org.pl\/index.php?rest_route=\/wp\/v2\/pages\/12979\/revisions\/12980"}],"up":[{"embeddable":true,"href":"https:\/\/topol.org.pl\/index.php?rest_route=\/wp\/v2\/pages\/11389"}],"wp:attachment":[{"href":"https:\/\/topol.org.pl\/index.php?rest_route=%2Fwp%2Fv2%2Fmedia&parent=12979"}],"curies":[{"name":"wp","href":"https:\/\/api.w.org\/{rel}","templated":true}]}}