{"id":13024,"date":"2025-08-05T06:48:59","date_gmt":"2025-08-05T04:48:59","guid":{"rendered":"https:\/\/topol.org.pl\/?page_id=13024"},"modified":"2025-10-16T10:11:27","modified_gmt":"2025-10-16T08:11:27","slug":"sprzeciwiam-sie-stacjonowaniu-niemieckiego-lotnictwa-na-terenie-polski","status":"publish","type":"page","link":"https:\/\/topol.org.pl\/?page_id=13024","title":{"rendered":"Sprzeciwiam si\u0119 stacjonowaniu niemieckiego lotnictwa na terenie Polski."},"content":{"rendered":"\n<p>05.08 2025 06.44 Na terenie Polski b\u0119d\u0105 stacjonowa\u0142y niemieckie my\u015bliwce.<\/p>\n\n\n\n<p>Verte ><a href=\"https:\/\/topol.org.pl\/?page_id=6187\">Fundacja Narodowe Si\u0142y Samoobrony \u201eGrot\u201d<\/a><\/p>\n","protected":false},"excerpt":{"rendered":"<p>05.08 2025 06.44 Na terenie Polski b\u0119d\u0105 stacjonowa\u0142y niemieckie my\u015bliwce. Verte >Fundacja Narodowe Si\u0142y Samoobrony \u201eGrot\u201d<\/p>\n","protected":false},"author":1,"featured_media":0,"parent":11389,"menu_order":22,"comment_status":"closed","ping_status":"closed","template":"","meta":{"footnotes":""},"class_list":["post-13024","page","type-page","status-publish","hentry"],"_links":{"self":[{"href":"https:\/\/topol.org.pl\/index.php?rest_route=\/wp\/v2\/pages\/13024","targetHints":{"allow":["GET"]}}],"collection":[{"href":"https:\/\/topol.org.pl\/index.php?rest_route=\/wp\/v2\/pages"}],"about":[{"href":"https:\/\/topol.org.pl\/index.php?rest_route=\/wp\/v2\/types\/page"}],"author":[{"embeddable":true,"href":"https:\/\/topol.org.pl\/index.php?rest_route=\/wp\/v2\/users\/1"}],"replies":[{"embeddable":true,"href":"https:\/\/topol.org.pl\/index.php?rest_route=%2Fwp%2Fv2%2Fcomments&post=13024"}],"version-history":[{"count":3,"href":"https:\/\/topol.org.pl\/index.php?rest_route=\/wp\/v2\/pages\/13024\/revisions"}],"predecessor-version":[{"id":13062,"href":"https:\/\/topol.org.pl\/index.php?rest_route=\/wp\/v2\/pages\/13024\/revisions\/13062"}],"up":[{"embeddable":true,"href":"https:\/\/topol.org.pl\/index.php?rest_route=\/wp\/v2\/pages\/11389"}],"wp:attachment":[{"href":"https:\/\/topol.org.pl\/index.php?rest_route=%2Fwp%2Fv2%2Fmedia&parent=13024"}],"curies":[{"name":"wp","href":"https:\/\/api.w.org\/{rel}","templated":true}]}}