{"id":13027,"date":"2025-08-07T16:04:20","date_gmt":"2025-08-07T14:04:20","guid":{"rendered":"https:\/\/topol.org.pl\/?page_id=13027"},"modified":"2025-10-16T10:11:41","modified_gmt":"2025-10-16T08:11:41","slug":"kladka-w-warszawie","status":"publish","type":"page","link":"https:\/\/topol.org.pl\/?page_id=13027","title":{"rendered":"K\u0142adka w Warszawie"},"content":{"rendered":"\n<p>06.08.2025 15.19 Id\u0119 k\u0142adk\u0105 na Krakowskie Przedmie\u015bcie. Wypij\u0119 kaw\u0119 w ciastkarni Belvedere.<\/p>\n\n\n\n<figure class=\"wp-block-image size-large\"><img loading=\"lazy\" decoding=\"async\" width=\"461\" height=\"1024\" src=\"https:\/\/topol.org.pl\/wp-content\/uploads\/2025\/08\/IMG_20250807_155323-461x1024.jpg\" alt=\"\" class=\"wp-image-13031\" srcset=\"https:\/\/topol.org.pl\/wp-content\/uploads\/2025\/08\/IMG_20250807_155323-461x1024.jpg 461w, https:\/\/topol.org.pl\/wp-content\/uploads\/2025\/08\/IMG_20250807_155323-135x300.jpg 135w, https:\/\/topol.org.pl\/wp-content\/uploads\/2025\/08\/IMG_20250807_155323-768x1707.jpg 768w, https:\/\/topol.org.pl\/wp-content\/uploads\/2025\/08\/IMG_20250807_155323-691x1536.jpg 691w, https:\/\/topol.org.pl\/wp-content\/uploads\/2025\/08\/IMG_20250807_155323-922x2048.jpg 922w, https:\/\/topol.org.pl\/wp-content\/uploads\/2025\/08\/IMG_20250807_155323-scaled.jpg 1152w\" sizes=\"auto, (max-width: 461px) 100vw, 461px\" \/><\/figure>\n\n\n\n<p>Verte ><a href=\"https:\/\/topol.org.pl\/?page_id=6187\">Fundacja Narodowe Si\u0142y Samoobrony \u201eGrot\u201d<\/a><\/p>\n","protected":false},"excerpt":{"rendered":"<p>06.08.2025 15.19 Id\u0119 k\u0142adk\u0105 na Krakowskie Przedmie\u015bcie. Wypij\u0119 kaw\u0119 w ciastkarni Belvedere. Verte >Fundacja Narodowe Si\u0142y Samoobrony \u201eGrot\u201d<\/p>\n","protected":false},"author":1,"featured_media":0,"parent":11389,"menu_order":23,"comment_status":"closed","ping_status":"closed","template":"","meta":{"footnotes":""},"class_list":["post-13027","page","type-page","status-publish","hentry"],"_links":{"self":[{"href":"https:\/\/topol.org.pl\/index.php?rest_route=\/wp\/v2\/pages\/13027","targetHints":{"allow":["GET"]}}],"collection":[{"href":"https:\/\/topol.org.pl\/index.php?rest_route=\/wp\/v2\/pages"}],"about":[{"href":"https:\/\/topol.org.pl\/index.php?rest_route=\/wp\/v2\/types\/page"}],"author":[{"embeddable":true,"href":"https:\/\/topol.org.pl\/index.php?rest_route=\/wp\/v2\/users\/1"}],"replies":[{"embeddable":true,"href":"https:\/\/topol.org.pl\/index.php?rest_route=%2Fwp%2Fv2%2Fcomments&post=13027"}],"version-history":[{"count":5,"href":"https:\/\/topol.org.pl\/index.php?rest_route=\/wp\/v2\/pages\/13027\/revisions"}],"predecessor-version":[{"id":13059,"href":"https:\/\/topol.org.pl\/index.php?rest_route=\/wp\/v2\/pages\/13027\/revisions\/13059"}],"up":[{"embeddable":true,"href":"https:\/\/topol.org.pl\/index.php?rest_route=\/wp\/v2\/pages\/11389"}],"wp:attachment":[{"href":"https:\/\/topol.org.pl\/index.php?rest_route=%2Fwp%2Fv2%2Fmedia&parent=13027"}],"curies":[{"name":"wp","href":"https:\/\/api.w.org\/{rel}","templated":true}]}}