{"id":13066,"date":"2025-08-22T20:53:04","date_gmt":"2025-08-22T18:53:04","guid":{"rendered":"https:\/\/topol.org.pl\/?page_id=13066"},"modified":"2025-10-16T10:12:16","modified_gmt":"2025-10-16T08:12:16","slug":"w-osinach-jestesmy-prowokowani-przez-wszystkich-dlatego-mowie-prowokacja","status":"publish","type":"page","link":"https:\/\/topol.org.pl\/?page_id=13066","title":{"rendered":"W Osinach jeste\u015bmy prowokowani przez wszystkich, dlatego m\u00f3wi\u0119 &#8222;Prowokacja&#8221;"},"content":{"rendered":"\n<p>22.08.2025 20.54 <a href=\"https:\/\/www.youtube.com\/playlist?list=PLvdibod3J-XtSRUn9dnlv1cfARjAYAmd2\">\u201eProwokacja\u201d<\/a><\/p>\n\n\n\n<p>Verte &gt;<a href=\"https:\/\/topol.org.pl\/?page_id=6187\">Fundacja Narodowe Si\u0142y Samoobrony \u201eGrot\u201d<\/a><\/p>\n\n\n\n<p><\/p>\n","protected":false},"excerpt":{"rendered":"<p>22.08.2025 20.54 \u201eProwokacja\u201d Verte &gt;Fundacja Narodowe Si\u0142y Samoobrony \u201eGrot\u201d<\/p>\n","protected":false},"author":1,"featured_media":0,"parent":11389,"menu_order":27,"comment_status":"closed","ping_status":"closed","template":"","meta":{"footnotes":""},"class_list":["post-13066","page","type-page","status-publish","hentry"],"_links":{"self":[{"href":"https:\/\/topol.org.pl\/index.php?rest_route=\/wp\/v2\/pages\/13066","targetHints":{"allow":["GET"]}}],"collection":[{"href":"https:\/\/topol.org.pl\/index.php?rest_route=\/wp\/v2\/pages"}],"about":[{"href":"https:\/\/topol.org.pl\/index.php?rest_route=\/wp\/v2\/types\/page"}],"author":[{"embeddable":true,"href":"https:\/\/topol.org.pl\/index.php?rest_route=\/wp\/v2\/users\/1"}],"replies":[{"embeddable":true,"href":"https:\/\/topol.org.pl\/index.php?rest_route=%2Fwp%2Fv2%2Fcomments&post=13066"}],"version-history":[{"count":6,"href":"https:\/\/topol.org.pl\/index.php?rest_route=\/wp\/v2\/pages\/13066\/revisions"}],"predecessor-version":[{"id":13073,"href":"https:\/\/topol.org.pl\/index.php?rest_route=\/wp\/v2\/pages\/13066\/revisions\/13073"}],"up":[{"embeddable":true,"href":"https:\/\/topol.org.pl\/index.php?rest_route=\/wp\/v2\/pages\/11389"}],"wp:attachment":[{"href":"https:\/\/topol.org.pl\/index.php?rest_route=%2Fwp%2Fv2%2Fmedia&parent=13066"}],"curies":[{"name":"wp","href":"https:\/\/api.w.org\/{rel}","templated":true}]}}