{"id":13082,"date":"2025-08-23T13:40:01","date_gmt":"2025-08-23T11:40:01","guid":{"rendered":"https:\/\/topol.org.pl\/?page_id=13082"},"modified":"2025-08-23T14:46:23","modified_gmt":"2025-08-23T12:46:23","slug":"umowa-obejmuje-zamiane-dotacji-rzadowych-na-akcje-firmy","status":"publish","type":"page","link":"https:\/\/topol.org.pl\/?page_id=13082","title":{"rendered":"&#8222;Umowa obejmuje zamian\u0119 dotacji rz\u0105dowych na akcje firmy&#8221;"},"content":{"rendered":"\n<p>23.08.2025 13.37 Akcje Intela za dotacje. \u0179r\u00f3d\u0142o: <a href=\"https:\/\/www.rp.pl\/biznes\/art42897471-akcje-za-dotacje-rzad-donalda-trumpa-przejmuje-udzialy-w-intelu\">rp.pl<\/a> <\/p>\n\n\n\n<p><strong>Musimy wdro\u017cy\u0107 ten system w Mojej Rzeczpospolitej Polskiej.<\/strong> <\/p>\n\n\n\n<p>&amp; 34 zamiana dotacji rz\u0105dowych na akcje firmy. \u0179r\u00f3d\u0142o: <a href=\"https:\/\/topol.org.pl\/?page_id=47\">Fragment<\/a><\/p>\n\n\n\n<p>Verte &gt;<a href=\"https:\/\/topol.org.pl\/?page_id=6187\">Fundacja Narodowe Si\u0142y Samoobrony \u201eGrot\u201d<\/a><\/p>\n","protected":false},"excerpt":{"rendered":"<p>23.08.2025 13.37 Akcje Intela za dotacje. \u0179r\u00f3d\u0142o: rp.pl Musimy wdro\u017cy\u0107 ten system w Mojej Rzeczpospolitej Polskiej. &amp; 34 zamiana dotacji rz\u0105dowych na akcje firmy. \u0179r\u00f3d\u0142o: Fragment Verte &gt;Fundacja Narodowe Si\u0142y Samoobrony \u201eGrot\u201d<\/p>\n","protected":false},"author":1,"featured_media":0,"parent":12360,"menu_order":2,"comment_status":"closed","ping_status":"closed","template":"","meta":{"footnotes":""},"class_list":["post-13082","page","type-page","status-publish","hentry"],"_links":{"self":[{"href":"https:\/\/topol.org.pl\/index.php?rest_route=\/wp\/v2\/pages\/13082","targetHints":{"allow":["GET"]}}],"collection":[{"href":"https:\/\/topol.org.pl\/index.php?rest_route=\/wp\/v2\/pages"}],"about":[{"href":"https:\/\/topol.org.pl\/index.php?rest_route=\/wp\/v2\/types\/page"}],"author":[{"embeddable":true,"href":"https:\/\/topol.org.pl\/index.php?rest_route=\/wp\/v2\/users\/1"}],"replies":[{"embeddable":true,"href":"https:\/\/topol.org.pl\/index.php?rest_route=%2Fwp%2Fv2%2Fcomments&post=13082"}],"version-history":[{"count":11,"href":"https:\/\/topol.org.pl\/index.php?rest_route=\/wp\/v2\/pages\/13082\/revisions"}],"predecessor-version":[{"id":13107,"href":"https:\/\/topol.org.pl\/index.php?rest_route=\/wp\/v2\/pages\/13082\/revisions\/13107"}],"up":[{"embeddable":true,"href":"https:\/\/topol.org.pl\/index.php?rest_route=\/wp\/v2\/pages\/12360"}],"wp:attachment":[{"href":"https:\/\/topol.org.pl\/index.php?rest_route=%2Fwp%2Fv2%2Fmedia&parent=13082"}],"curies":[{"name":"wp","href":"https:\/\/api.w.org\/{rel}","templated":true}]}}