{"id":13108,"date":"2025-08-28T11:21:06","date_gmt":"2025-08-28T09:21:06","guid":{"rendered":"https:\/\/topol.org.pl\/?page_id=13108"},"modified":"2025-10-16T10:12:29","modified_gmt":"2025-10-16T08:12:29","slug":"obywatele-ukrainy-w-ogole-nie-powinni-dostawac-w-polsce-800-plus","status":"publish","type":"page","link":"https:\/\/topol.org.pl\/?page_id=13108","title":{"rendered":"&#8222;obywatele Ukrainy w og\u00f3le nie powinni dostawa\u0107 w Polsce&#8221; 800 plus&#8230;"},"content":{"rendered":"\n<p>28.08.2025 11.21 <strong>Dlatego poniewa\u017c powinni mieszka\u0107 na Ukrainie&#8230;                        Do Polski mog\u0105 przyje\u017cd\u017ca\u0107 panie, a panowie musz\u0105 broni\u0107 swojej Ojczyzny.<\/strong><\/p>\n\n\n\n<p>31.08.2025 09.16 <strong>W szko\u0142ach obowi\u0105zuje jeden j\u0119zyk. Polski. W przeciwnym razie nast\u0105pi <a href=\"https:\/\/www.google.com\/search?q=rusyfikacja&amp;sca_esv=12e50a14a6107b85&amp;sxsrf=AE3TifM5mlupyc7AcWNO5hVCECBjMPepaA%3A1756626264140&amp;source=hp&amp;ei=WP2zaKC8BpT-wPAP5IWwqQo&amp;iflsig=AOw8s4IAAAAAaLQLaJQNYGDr5MGuZ3SJoW2oorLfjN1R&amp;ved=0ahUKEwigyObjxrSPAxUUPxAIHeQCLKUQ4dUDCBk&amp;uact=5&amp;oq=rusyfikacja&amp;gs_lp=Egdnd3Mtd2l6IgtydXN5ZmlrYWNqYTIFEAAYgAQyBRAAGIAEMgUQABiABDIFEAAYgAQyBRAAGIAEMgUQABiABDIFEAAYgAQyBRAAGIAEMgUQABiABDIFEAAYgARI6SRQAFi5HnAAeACQAQCYAXugAaQJqgEEMC4xMbgBA8gBAPgBAZgCC6ACzQnCAgoQABiABBiKBRhDwgILEAAYgAQYsQMYgwHCAgsQLhiABBixAxiDAcICBRAuGIAEwgIIEAAYgAQYsQPCAg4QLhiABBixAxjHARjRA8ICCBAuGIAEGLEDwgILEC4YgAQYsQMY1AKYAwCSBwQwLjExoAfJULIHBDAuMTG4B80JwgcHMC43LjMuMcgHIw&amp;sclient=gws-wiz\">rusyfikacja<\/a> i <a href=\"https:\/\/www.google.com\/search?q=ukrainizacja&amp;oq=ukrainizacja&amp;gs_lcrp=EgZjaHJvbWUyBggAEEUYOdIBCTk3MDJqMGoxNagCCLACAQ&amp;sourceid=chrome&amp;ie=UTF-8\">ukrainizacja<\/a> naszej przestrzeni \u017cycia. Uwa\u017cam, \u017ce Rosjanie i Ukrai\u0144cy s\u0105 podobni.<\/strong> <strong>Zmieni\u0105 si\u0119 dopiero jak si\u0119 przekszta\u0142c\u0105 na&#8230;<\/strong> <strong>I przestan\u0105 wymachiwa\u0107 swoj\u0105 flag\u0105.<\/strong> <strong>Poza tym, ju\u017c napisa\u0142em plan pokojowy w mojej Konstytucji.<\/strong> \u0179r\u00f3d\u0142o: <strong><a href=\"https:\/\/topol.org.pl\/?page_id=47\" data-type=\"link\" data-id=\"https:\/\/topol.org.pl\/?page_id=47\">Konstytucja z 11.10.2023 r.<\/a><\/strong><\/p>\n\n\n\n<p>Verte &gt;<a href=\"https:\/\/topol.org.pl\/?page_id=6187\">Fundacja Narodowe Si\u0142y Samoobrony \u201eGrot\u201d<\/a><\/p>\n\n\n\n<p><\/p>\n","protected":false},"excerpt":{"rendered":"<p>28.08.2025 11.21 Dlatego poniewa\u017c powinni mieszka\u0107 na Ukrainie&#8230; Do Polski mog\u0105 przyje\u017cd\u017ca\u0107 panie, a panowie musz\u0105 broni\u0107 swojej Ojczyzny. 31.08.2025 09.16 W szko\u0142ach obowi\u0105zuje jeden j\u0119zyk. Polski. W przeciwnym razie nast\u0105pi rusyfikacja i ukrainizacja naszej przestrzeni \u017cycia. Uwa\u017cam, \u017ce Rosjanie i Ukrai\u0144cy s\u0105 podobni. Zmieni\u0105 si\u0119 dopiero jak si\u0119 przekszta\u0142c\u0105 na&#8230; I przestan\u0105 wymachiwa\u0107 swoj\u0105 [&hellip;]<\/p>\n","protected":false},"author":1,"featured_media":0,"parent":11389,"menu_order":28,"comment_status":"closed","ping_status":"closed","template":"","meta":{"footnotes":""},"class_list":["post-13108","page","type-page","status-publish","hentry"],"_links":{"self":[{"href":"https:\/\/topol.org.pl\/index.php?rest_route=\/wp\/v2\/pages\/13108","targetHints":{"allow":["GET"]}}],"collection":[{"href":"https:\/\/topol.org.pl\/index.php?rest_route=\/wp\/v2\/pages"}],"about":[{"href":"https:\/\/topol.org.pl\/index.php?rest_route=\/wp\/v2\/types\/page"}],"author":[{"embeddable":true,"href":"https:\/\/topol.org.pl\/index.php?rest_route=\/wp\/v2\/users\/1"}],"replies":[{"embeddable":true,"href":"https:\/\/topol.org.pl\/index.php?rest_route=%2Fwp%2Fv2%2Fcomments&post=13108"}],"version-history":[{"count":18,"href":"https:\/\/topol.org.pl\/index.php?rest_route=\/wp\/v2\/pages\/13108\/revisions"}],"predecessor-version":[{"id":13156,"href":"https:\/\/topol.org.pl\/index.php?rest_route=\/wp\/v2\/pages\/13108\/revisions\/13156"}],"up":[{"embeddable":true,"href":"https:\/\/topol.org.pl\/index.php?rest_route=\/wp\/v2\/pages\/11389"}],"wp:attachment":[{"href":"https:\/\/topol.org.pl\/index.php?rest_route=%2Fwp%2Fv2%2Fmedia&parent=13108"}],"curies":[{"name":"wp","href":"https:\/\/api.w.org\/{rel}","templated":true}]}}