{"id":13115,"date":"2025-08-28T12:02:47","date_gmt":"2025-08-28T10:02:47","guid":{"rendered":"https:\/\/topol.org.pl\/?page_id=13115"},"modified":"2025-10-16T10:12:47","modified_gmt":"2025-10-16T08:12:47","slug":"wskazanie-pierwszej-lokalizacji-przez-orlen-oraz-ustalenie-kolejnych-krokow","status":"publish","type":"page","link":"https:\/\/topol.org.pl\/?page_id=13115","title":{"rendered":"&#8222;wskazanie pierwszej lokalizacji przez Orlen oraz ustalenie kolejnych krok\u00f3w&#8221;"},"content":{"rendered":"\n<p>28.08.2025 11.56 Dlaczego w tak wa\u017cnej sprawie decyduje sp\u00f3\u0142ka gie\u0142dowa. Ma\u0142e elektrownie j\u0105drowe rozsiane po ca\u0142ej Polsce to bomba z op\u00f3\u017anionym zap\u0142onem. Powinna by\u0107 jedn\u0105 elektrownia j\u0105drowa zapewniaj\u0105ca 5 % energii zlokalizowana na Pomorzu.<\/p>\n\n\n\n<p>Verte ><a href=\"https:\/\/topol.org.pl\/?page_id=6187\">Fundacja Narodowe Si\u0142y Samoobrony \u201eGrot\u201d<\/a><\/p>\n","protected":false},"excerpt":{"rendered":"<p>28.08.2025 11.56 Dlaczego w tak wa\u017cnej sprawie decyduje sp\u00f3\u0142ka gie\u0142dowa. Ma\u0142e elektrownie j\u0105drowe rozsiane po ca\u0142ej Polsce to bomba z op\u00f3\u017anionym zap\u0142onem. Powinna by\u0107 jedn\u0105 elektrownia j\u0105drowa zapewniaj\u0105ca 5 % energii zlokalizowana na Pomorzu. Verte >Fundacja Narodowe Si\u0142y Samoobrony \u201eGrot\u201d<\/p>\n","protected":false},"author":1,"featured_media":0,"parent":11389,"menu_order":30,"comment_status":"closed","ping_status":"closed","template":"","meta":{"footnotes":""},"class_list":["post-13115","page","type-page","status-publish","hentry"],"_links":{"self":[{"href":"https:\/\/topol.org.pl\/index.php?rest_route=\/wp\/v2\/pages\/13115","targetHints":{"allow":["GET"]}}],"collection":[{"href":"https:\/\/topol.org.pl\/index.php?rest_route=\/wp\/v2\/pages"}],"about":[{"href":"https:\/\/topol.org.pl\/index.php?rest_route=\/wp\/v2\/types\/page"}],"author":[{"embeddable":true,"href":"https:\/\/topol.org.pl\/index.php?rest_route=\/wp\/v2\/users\/1"}],"replies":[{"embeddable":true,"href":"https:\/\/topol.org.pl\/index.php?rest_route=%2Fwp%2Fv2%2Fcomments&post=13115"}],"version-history":[{"count":2,"href":"https:\/\/topol.org.pl\/index.php?rest_route=\/wp\/v2\/pages\/13115\/revisions"}],"predecessor-version":[{"id":13121,"href":"https:\/\/topol.org.pl\/index.php?rest_route=\/wp\/v2\/pages\/13115\/revisions\/13121"}],"up":[{"embeddable":true,"href":"https:\/\/topol.org.pl\/index.php?rest_route=\/wp\/v2\/pages\/11389"}],"wp:attachment":[{"href":"https:\/\/topol.org.pl\/index.php?rest_route=%2Fwp%2Fv2%2Fmedia&parent=13115"}],"curies":[{"name":"wp","href":"https:\/\/api.w.org\/{rel}","templated":true}]}}