{"id":13157,"date":"2025-08-31T10:11:00","date_gmt":"2025-08-31T08:11:00","guid":{"rendered":"https:\/\/topol.org.pl\/?page_id=13157"},"modified":"2025-10-16T10:12:38","modified_gmt":"2025-10-16T08:12:38","slug":"dzien-solidarnosci-i-wolnosci","status":"publish","type":"page","link":"https:\/\/topol.org.pl\/?page_id=13157","title":{"rendered":"Dzie\u0144 Solidarno\u015bci i\u00a0Wolno\u015bci"},"content":{"rendered":"\n<p>31.08.2025 10.09 &#8222;Dzie\u0144 Solidarno\u015bci i&nbsp;Wolno\u015bci&#8221; \u0179r\u00f3d\u0142o: <a href=\"https:\/\/dorzeczy.pl\/kraj\/772752\/tusk-w-45-rocznice-podpisania-porozumien-sierpniowych.html\">DoRzeczy.pl<\/a><\/p>\n\n\n\n<p>&#8222;Strajki sierpniowe z 1980 r. sta\u0142y si\u0119 momentem zwrotnym we wsp\u00f3\u0142czesnej historii Polski. Doci\u015bni\u0119ta do \u015bciany komunistyczna w\u0142adza musia\u0142a przyj\u0105\u0107 do wiadomo\u015bci prawo spo\u0142ecze\u0144stwa \u2013 dzi\u015b powiedzieliby\u015bmy obywatelskiego \u2013 do swobodnego zrzeszania si\u0119&#8221; \u0179r\u00f3d\u0142o: <a href=\"https:\/\/www.rp.pl\/opinie-ekonomiczne\/art42933381-krzysztof-adam-kowalczyk-dziekuje-za-wasz-bunt-sprzed-45-lat\">rp.pl<\/a><\/p>\n\n\n\n<p><strong>Spo\u0142ecze\u0144stwo obywatelskie, kojarz\u0119 z Fundacj\u0105 Batorego. Organizacj\u0105 za\u0142o\u017con\u0105 w notariacie &#8222;<a href=\"https:\/\/www.google.com\/search?q=Nowy+Jorh&amp;oq=Nowy+Jorh&amp;gs_lcrp=EgZjaHJvbWUyBggAEEUYOdIBCTc4MzdqMGoxNagCCLACAQ&amp;sourceid=chrome&amp;ie=UTF-8\">Nowy Jork<\/a>&#8221; z delegatur\u0105 na nasz kraj. Gdyby by\u0142o tak, \u017ce patrioci wiedz\u0105 co dobre a co z\u0142e. Ale dla nich dobro kraju jest uto\u017csamiane z dobrem interesariuszy. A interesariusze pochodz\u0105 z innej strefy czasowej.<\/strong> <strong>Dlatego musimy zadba\u0107 o naszych interesariuszy<\/strong> <strong>i nas samych.<\/strong><\/p>\n\n\n\n<p>Verte &gt;<a href=\"https:\/\/topol.org.pl\/?page_id=6187\">Fundacja Narodowe Si\u0142y Samoobrony \u201eGrot\u201d<\/a><\/p>\n\n\n\n<p><\/p>\n","protected":false},"excerpt":{"rendered":"<p>31.08.2025 10.09 &#8222;Dzie\u0144 Solidarno\u015bci i&nbsp;Wolno\u015bci&#8221; \u0179r\u00f3d\u0142o: DoRzeczy.pl &#8222;Strajki sierpniowe z 1980 r. sta\u0142y si\u0119 momentem zwrotnym we wsp\u00f3\u0142czesnej historii Polski. Doci\u015bni\u0119ta do \u015bciany komunistyczna w\u0142adza musia\u0142a przyj\u0105\u0107 do wiadomo\u015bci prawo spo\u0142ecze\u0144stwa \u2013 dzi\u015b powiedzieliby\u015bmy obywatelskiego \u2013 do swobodnego zrzeszania si\u0119&#8221; \u0179r\u00f3d\u0142o: rp.pl Spo\u0142ecze\u0144stwo obywatelskie, kojarz\u0119 z Fundacj\u0105 Batorego. Organizacj\u0105 za\u0142o\u017con\u0105 w notariacie &#8222;Nowy Jork&#8221; z [&hellip;]<\/p>\n","protected":false},"author":1,"featured_media":0,"parent":13108,"menu_order":29,"comment_status":"closed","ping_status":"closed","template":"","meta":{"footnotes":""},"class_list":["post-13157","page","type-page","status-publish","hentry"],"_links":{"self":[{"href":"https:\/\/topol.org.pl\/index.php?rest_route=\/wp\/v2\/pages\/13157","targetHints":{"allow":["GET"]}}],"collection":[{"href":"https:\/\/topol.org.pl\/index.php?rest_route=\/wp\/v2\/pages"}],"about":[{"href":"https:\/\/topol.org.pl\/index.php?rest_route=\/wp\/v2\/types\/page"}],"author":[{"embeddable":true,"href":"https:\/\/topol.org.pl\/index.php?rest_route=\/wp\/v2\/users\/1"}],"replies":[{"embeddable":true,"href":"https:\/\/topol.org.pl\/index.php?rest_route=%2Fwp%2Fv2%2Fcomments&post=13157"}],"version-history":[{"count":4,"href":"https:\/\/topol.org.pl\/index.php?rest_route=\/wp\/v2\/pages\/13157\/revisions"}],"predecessor-version":[{"id":13161,"href":"https:\/\/topol.org.pl\/index.php?rest_route=\/wp\/v2\/pages\/13157\/revisions\/13161"}],"up":[{"embeddable":true,"href":"https:\/\/topol.org.pl\/index.php?rest_route=\/wp\/v2\/pages\/13108"}],"wp:attachment":[{"href":"https:\/\/topol.org.pl\/index.php?rest_route=%2Fwp%2Fv2%2Fmedia&parent=13157"}],"curies":[{"name":"wp","href":"https:\/\/api.w.org\/{rel}","templated":true}]}}