{"id":13162,"date":"2025-09-01T07:31:27","date_gmt":"2025-09-01T05:31:27","guid":{"rendered":"https:\/\/topol.org.pl\/?page_id=13162"},"modified":"2026-01-09T10:52:00","modified_gmt":"2026-01-09T09:52:00","slug":"dzis-86-rocznica-wybuchu-ii-wojny-swiatowej","status":"publish","type":"page","link":"https:\/\/topol.org.pl\/?page_id=13162","title":{"rendered":"Dzi\u015b 86. rocznica wybuchu II\u00a0wojny \u015bwiatowej"},"content":{"rendered":"\n<p>01.09.2025 07.30 Dzi\u015b 86. rocznica wybuchu II&nbsp;wojny \u015bwiatowej<\/p>\n\n\n\n<p><a href=\"https:\/\/dorzeczy.pl\/opinie\/773004\/tusk-na-westerplatte-to-powinno-byc-dla-nas-swiete-przykazanie.html\">&#8222;Polska ju\u017c nigdy nie\u00a0mo\u017ce sta\u0107 si\u0119 ofiar\u0105 niczyjej agresji \u2013\u00a0powiedzia\u0142 Premier Donald Tusk&#8221;<\/a> \u0179r\u00f3d\u0142o:\u00a0DoRzeczy.pl<\/p>\n\n\n\n<p>01.09.2025 17.34 <a href=\"https:\/\/dorzeczy.pl\/opinie\/773292\/nawrocki-domaga-sie-reparacji-niemiecka-prasa-oburzona.html\">\u201ePo\u00a0pierwsze Polska, po\u00a0pierwsze Polacy\u201d &#8211; powiedzia\u0142 Prezydent Karol Nawrocki.<\/a> \u0179r\u00f3d\u0142o:\u00a0DoRzeczy.pl<\/p>\n\n\n\n<p>Verte &gt;<a href=\"https:\/\/topol.org.pl\/?page_id=6187\">Fundacja Narodowe Si\u0142y Samoobrony \u201eGrot\u201d<\/a><\/p>\n\n\n\n<p><\/p>\n","protected":false},"excerpt":{"rendered":"<p>01.09.2025 07.30 Dzi\u015b 86. rocznica wybuchu II&nbsp;wojny \u015bwiatowej &#8222;Polska ju\u017c nigdy nie\u00a0mo\u017ce sta\u0107 si\u0119 ofiar\u0105 niczyjej agresji \u2013\u00a0powiedzia\u0142 Premier Donald Tusk&#8221; \u0179r\u00f3d\u0142o:\u00a0DoRzeczy.pl 01.09.2025 17.34 \u201ePo\u00a0pierwsze Polska, po\u00a0pierwsze Polacy\u201d &#8211; powiedzia\u0142 Prezydent Karol Nawrocki. \u0179r\u00f3d\u0142o:\u00a0DoRzeczy.pl Verte &gt;Fundacja Narodowe Si\u0142y Samoobrony \u201eGrot\u201d<\/p>\n","protected":false},"author":1,"featured_media":0,"parent":0,"menu_order":183,"comment_status":"closed","ping_status":"closed","template":"","meta":{"footnotes":""},"class_list":["post-13162","page","type-page","status-publish","hentry"],"_links":{"self":[{"href":"https:\/\/topol.org.pl\/index.php?rest_route=\/wp\/v2\/pages\/13162","targetHints":{"allow":["GET"]}}],"collection":[{"href":"https:\/\/topol.org.pl\/index.php?rest_route=\/wp\/v2\/pages"}],"about":[{"href":"https:\/\/topol.org.pl\/index.php?rest_route=\/wp\/v2\/types\/page"}],"author":[{"embeddable":true,"href":"https:\/\/topol.org.pl\/index.php?rest_route=\/wp\/v2\/users\/1"}],"replies":[{"embeddable":true,"href":"https:\/\/topol.org.pl\/index.php?rest_route=%2Fwp%2Fv2%2Fcomments&post=13162"}],"version-history":[{"count":10,"href":"https:\/\/topol.org.pl\/index.php?rest_route=\/wp\/v2\/pages\/13162\/revisions"}],"predecessor-version":[{"id":13179,"href":"https:\/\/topol.org.pl\/index.php?rest_route=\/wp\/v2\/pages\/13162\/revisions\/13179"}],"wp:attachment":[{"href":"https:\/\/topol.org.pl\/index.php?rest_route=%2Fwp%2Fv2%2Fmedia&parent=13162"}],"curies":[{"name":"wp","href":"https:\/\/api.w.org\/{rel}","templated":true}]}}