{"id":13176,"date":"2025-09-01T17:45:43","date_gmt":"2025-09-01T15:45:43","guid":{"rendered":"https:\/\/topol.org.pl\/?page_id=13176"},"modified":"2026-01-09T10:52:22","modified_gmt":"2026-01-09T09:52:22","slug":"po-pierwsze-polska-po-pierwsze-polacy","status":"publish","type":"page","link":"https:\/\/topol.org.pl\/?page_id=13176","title":{"rendered":"&#8222;Po\u00a0pierwsze Polska, po\u00a0pierwsze Polacy&#8221;"},"content":{"rendered":"\n<p>01.09.2025 17.34 &#8222;Po&nbsp;pierwsze Polska, po&nbsp;pierwsze Polacy&#8221;<\/p>\n\n\n\n<p>01.09.2025 20.03 <a href=\"https:\/\/dorzeczy.pl\/opinie\/773343\/nawrocki-to-co-wydarzylo-sie-w-polsce-bylo-hekatomba.html\">&#8222;Zapomniany Holocaust&#8221;. Nawrocki: To, co\u00a0wydarzy\u0142o si\u0119 w\u00a0Polsce by\u0142o hekatomb\u0105<\/a> \u0179r\u00f3d\u0142o:\u00a0300polityka.pl\/DoRzeczy.pl<\/p>\n\n\n\n<p>Verte ><a href=\"https:\/\/topol.org.pl\/?page_id=6187\">Fundacja Narodowe Si\u0142y Samoobrony \u201eGrot\u201d<\/a><\/p>\n\n\n\n<p><\/p>\n","protected":false},"excerpt":{"rendered":"<p>01.09.2025 17.34 &#8222;Po&nbsp;pierwsze Polska, po&nbsp;pierwsze Polacy&#8221; 01.09.2025 20.03 &#8222;Zapomniany Holocaust&#8221;. Nawrocki: To, co\u00a0wydarzy\u0142o si\u0119 w\u00a0Polsce by\u0142o hekatomb\u0105 \u0179r\u00f3d\u0142o:\u00a0300polityka.pl\/DoRzeczy.pl Verte >Fundacja Narodowe Si\u0142y Samoobrony \u201eGrot\u201d<\/p>\n","protected":false},"author":1,"featured_media":0,"parent":13162,"menu_order":4,"comment_status":"closed","ping_status":"closed","template":"","meta":{"footnotes":""},"class_list":["post-13176","page","type-page","status-publish","hentry"],"_links":{"self":[{"href":"https:\/\/topol.org.pl\/index.php?rest_route=\/wp\/v2\/pages\/13176","targetHints":{"allow":["GET"]}}],"collection":[{"href":"https:\/\/topol.org.pl\/index.php?rest_route=\/wp\/v2\/pages"}],"about":[{"href":"https:\/\/topol.org.pl\/index.php?rest_route=\/wp\/v2\/types\/page"}],"author":[{"embeddable":true,"href":"https:\/\/topol.org.pl\/index.php?rest_route=\/wp\/v2\/users\/1"}],"replies":[{"embeddable":true,"href":"https:\/\/topol.org.pl\/index.php?rest_route=%2Fwp%2Fv2%2Fcomments&post=13176"}],"version-history":[{"count":5,"href":"https:\/\/topol.org.pl\/index.php?rest_route=\/wp\/v2\/pages\/13176\/revisions"}],"predecessor-version":[{"id":13185,"href":"https:\/\/topol.org.pl\/index.php?rest_route=\/wp\/v2\/pages\/13176\/revisions\/13185"}],"up":[{"embeddable":true,"href":"https:\/\/topol.org.pl\/index.php?rest_route=\/wp\/v2\/pages\/13162"}],"wp:attachment":[{"href":"https:\/\/topol.org.pl\/index.php?rest_route=%2Fwp%2Fv2%2Fmedia&parent=13176"}],"curies":[{"name":"wp","href":"https:\/\/api.w.org\/{rel}","templated":true}]}}