{"id":13186,"date":"2025-09-01T21:34:40","date_gmt":"2025-09-01T19:34:40","guid":{"rendered":"https:\/\/topol.org.pl\/?page_id=13186"},"modified":"2025-10-16T10:14:34","modified_gmt":"2025-10-16T08:14:34","slug":"szanghajska-organizacja-wspolpracy","status":"publish","type":"page","link":"https:\/\/topol.org.pl\/?page_id=13186","title":{"rendered":"Szanghajska Organizacja Wsp\u00f3\u0142pracy"},"content":{"rendered":"\n<p>01.09.2025 <a href=\"https:\/\/www.youtube.com\/watch?v=u6wDWq1lWqA\">Czy To Upadek Zachodu? Chiny, Rosja, Indie W\u0142a\u015bnie TO Og\u0142osi\u0142y: Szanghajska Organizacja Wsp\u00f3\u0142pracy<\/a> \u0179r\u00f3d\u0142o: <a href=\"https:\/\/www.youtube.com\/@TomaszPiekielnik\">Tomasz Piekielnik<\/a><\/p>\n\n\n\n<p><a href=\"https:\/\/youtu.be\/u6wDWq1lWqA?t=2989\">&#8222;Emisja wsp\u00f3lnych obligacji, wsp\u00f3lny system p\u0142atno\u015bci, bank inwestycji wsp\u00f3lnych projekt\u00f3w&#8221;<\/a><\/p>\n\n\n\n<p><strong>To brzmi gorzej ni\u017c projekt Unii Europejskiej i wsp\u00f3lnego super pa\u0144stwa.<\/strong><\/p>\n\n\n\n<p>02.09.2025 07.09 <a href=\"https:\/\/www.youtube.com\/watch?v=fDQQOp6QXk0\">Jak naprawi\u0107 Polsk\u0119? Radek Pogoda ujawnia!<\/a> \u0179r\u00f3d\u0142o: <a href=\"https:\/\/www.youtube.com\/@OtwartaKonserwa\">Otwarta Konserwa<\/a><\/p>\n\n\n\n<p>02.09.2025 11.15 <a href=\"https:\/\/dorzeczy.pl\/opinie\/773538\/kryzys-deweloperski-w-chinach-a-efekt-domina-w-ubezpieczeniach.html\">Kryzys deweloperski w&nbsp;Chinach a&nbsp;efekt domina w&nbsp;ubezpieczeniach<\/a> \u0179r\u00f3d\u0142o:&nbsp;DoRzeczy.pl<\/p>\n\n\n\n<p><strong>Musimy wprowadzi\u0107 u siebie polityk\u0119 \u201etrzech czerwonych linii\u201d. My\u015bl\u0119, \u017ce polityka pa\u0144stwa oparta na d\u0142ugu ka\u017cdego zrujnuje. \u017beby zje\u015b\u0107, wysy\u0142amy pro\u015bb\u0119 do banku d\u0142u\u017cnego na adres korporacyjny interesariuszy jeden.cukierek@po\u017cyczamy.dwa.pl Jeden oddajemy w formie odsetek. Jeden przejadamy. Zostaje nam papierek. Nie ma pieni\u0119dzy na inwestycje a d\u0142ug ro\u015bnie. Od 2023 roku ur\u00f3s\u0142 o 1 140 000 000.<\/strong> <strong>Dlatego nie wr\u00f3\u017c\u0119 sukces\u00f3w Szanghajskiej Organizacji Wsp\u00f3\u0142pracy<\/strong>. <strong>Wszystkim steruj\u0105 globali\u015bci z Davos.<\/strong><\/p>\n\n\n\n<p>02.09.2025 14.41 <a href=\"https:\/\/dorzeczy.pl\/ekonomia\/773619\/tusk-o-gospodarce-polska-trafila-do-grona-panstw-bilionerow.html\">Tusk: Polska trafi\u0142a do&nbsp;grona pa\u0144stw-bilioner\u00f3w<\/a> \u0179r\u00f3d\u0142o:&nbsp;X\/DoRzeczy.pl<\/p>\n\n\n\n<p>&#8222;Na&nbsp;dzi\u015b to&nbsp;tyle dobrych wiadomo\u015bci, przejdziemy do&nbsp;pracy \u2013&nbsp;podsumowa\u0142 kpi\u0105co szef rz\u0105du&#8221;<\/p>\n\n\n\n<p><strong>Premier ci\u0105gle w formie, przecie\u017c trenuje na nas od lat i perfekcyjnie \u015bcina w ping ponga.<\/strong><\/p>\n\n\n\n<p>02.09.2025 15.08 <a href=\"https:\/\/www.rp.pl\/polityka\/art42944651-donald-tusk-polska-trafila-do-klubu-bilionerow-jest-tylko-20-takich-panstw\">Donald Tusk: Polska trafi\u0142a do klubu bilioner\u00f3w. Jest tylko 20 takich pa\u0144stw<\/a> \u0179r\u00f3d\u0142o: rp.pl<\/p>\n\n\n\n<p><strong>Jak przyjdzie du\u017ca inflacja te\u017c do\u0142\u0105czymy do szacownego grona bilioner\u00f3w.<\/strong> <strong>Polacy handlowali na Stadionie X-lecia, byli bilionerami.<\/strong> <strong>&#8222;dobry 89&#8221;<\/strong><\/p>\n\n\n\n<p>Verte &gt;<a href=\"https:\/\/topol.org.pl\/?page_id=6187\">Fundacja Narodowe Si\u0142y Samoobrony \u201eGrot\u201d<\/a><\/p>\n\n\n\n<p><\/p>\n","protected":false},"excerpt":{"rendered":"<p>01.09.2025 Czy To Upadek Zachodu? Chiny, Rosja, Indie W\u0142a\u015bnie TO Og\u0142osi\u0142y: Szanghajska Organizacja Wsp\u00f3\u0142pracy \u0179r\u00f3d\u0142o: Tomasz Piekielnik &#8222;Emisja wsp\u00f3lnych obligacji, wsp\u00f3lny system p\u0142atno\u015bci, bank inwestycji wsp\u00f3lnych projekt\u00f3w&#8221; To brzmi gorzej ni\u017c projekt Unii Europejskiej i wsp\u00f3lnego super pa\u0144stwa. 02.09.2025 07.09 Jak naprawi\u0107 Polsk\u0119? Radek Pogoda ujawnia! \u0179r\u00f3d\u0142o: Otwarta Konserwa 02.09.2025 11.15 Kryzys deweloperski w&nbsp;Chinach a&nbsp;efekt [&hellip;]<\/p>\n","protected":false},"author":1,"featured_media":0,"parent":11389,"menu_order":38,"comment_status":"closed","ping_status":"closed","template":"","meta":{"footnotes":""},"class_list":["post-13186","page","type-page","status-publish","hentry"],"_links":{"self":[{"href":"https:\/\/topol.org.pl\/index.php?rest_route=\/wp\/v2\/pages\/13186","targetHints":{"allow":["GET"]}}],"collection":[{"href":"https:\/\/topol.org.pl\/index.php?rest_route=\/wp\/v2\/pages"}],"about":[{"href":"https:\/\/topol.org.pl\/index.php?rest_route=\/wp\/v2\/types\/page"}],"author":[{"embeddable":true,"href":"https:\/\/topol.org.pl\/index.php?rest_route=\/wp\/v2\/users\/1"}],"replies":[{"embeddable":true,"href":"https:\/\/topol.org.pl\/index.php?rest_route=%2Fwp%2Fv2%2Fcomments&post=13186"}],"version-history":[{"count":14,"href":"https:\/\/topol.org.pl\/index.php?rest_route=\/wp\/v2\/pages\/13186\/revisions"}],"predecessor-version":[{"id":13208,"href":"https:\/\/topol.org.pl\/index.php?rest_route=\/wp\/v2\/pages\/13186\/revisions\/13208"}],"up":[{"embeddable":true,"href":"https:\/\/topol.org.pl\/index.php?rest_route=\/wp\/v2\/pages\/11389"}],"wp:attachment":[{"href":"https:\/\/topol.org.pl\/index.php?rest_route=%2Fwp%2Fv2%2Fmedia&parent=13186"}],"curies":[{"name":"wp","href":"https:\/\/api.w.org\/{rel}","templated":true}]}}