{"id":13246,"date":"2025-09-06T06:33:30","date_gmt":"2025-09-06T04:33:30","guid":{"rendered":"https:\/\/topol.org.pl\/?page_id=13246"},"modified":"2026-01-09T11:05:19","modified_gmt":"2026-01-09T10:05:19","slug":"polska-rodzina-dronow-turboodrzutowych-mtjd-modular-turbo-jet-drone","status":"publish","type":"page","link":"https:\/\/topol.org.pl\/?page_id=13246","title":{"rendered":"&#8222;Polska rodzina dron\u00f3w turboodrzutowych MTJD (Modular Turbo Jet Drone)&#8221;."},"content":{"rendered":"\n<p>06.09.2025 06.31 &#8222;<a href=\"https:\/\/radar.rp.pl\/mspo\/art42954571-coraz-lepsi-w-produkcji-dronow\">polska rodzina dron\u00f3w turboodrzutowych MTJD (Modular Turbo Jet Drone)<\/a>&#8221; \u0179r\u00f3d\u0142o: rp.pl<\/p>\n\n\n\n<p>Verte &gt;<a href=\"https:\/\/topol.org.pl\/?page_id=6187\">Fundacja Narodowe Si\u0142y Samoobrony \u201eGrot\u201d<\/a><\/p>\n","protected":false},"excerpt":{"rendered":"<p>06.09.2025 06.31 &#8222;polska rodzina dron\u00f3w turboodrzutowych MTJD (Modular Turbo Jet Drone)&#8221; \u0179r\u00f3d\u0142o: rp.pl Verte &gt;Fundacja Narodowe Si\u0142y Samoobrony \u201eGrot\u201d<\/p>\n","protected":false},"author":1,"featured_media":0,"parent":9659,"menu_order":4,"comment_status":"closed","ping_status":"closed","template":"","meta":{"footnotes":""},"class_list":["post-13246","page","type-page","status-publish","hentry"],"_links":{"self":[{"href":"https:\/\/topol.org.pl\/index.php?rest_route=\/wp\/v2\/pages\/13246","targetHints":{"allow":["GET"]}}],"collection":[{"href":"https:\/\/topol.org.pl\/index.php?rest_route=\/wp\/v2\/pages"}],"about":[{"href":"https:\/\/topol.org.pl\/index.php?rest_route=\/wp\/v2\/types\/page"}],"author":[{"embeddable":true,"href":"https:\/\/topol.org.pl\/index.php?rest_route=\/wp\/v2\/users\/1"}],"replies":[{"embeddable":true,"href":"https:\/\/topol.org.pl\/index.php?rest_route=%2Fwp%2Fv2%2Fcomments&post=13246"}],"version-history":[{"count":2,"href":"https:\/\/topol.org.pl\/index.php?rest_route=\/wp\/v2\/pages\/13246\/revisions"}],"predecessor-version":[{"id":13248,"href":"https:\/\/topol.org.pl\/index.php?rest_route=\/wp\/v2\/pages\/13246\/revisions\/13248"}],"up":[{"embeddable":true,"href":"https:\/\/topol.org.pl\/index.php?rest_route=\/wp\/v2\/pages\/9659"}],"wp:attachment":[{"href":"https:\/\/topol.org.pl\/index.php?rest_route=%2Fwp%2Fv2%2Fmedia&parent=13246"}],"curies":[{"name":"wp","href":"https:\/\/api.w.org\/{rel}","templated":true}]}}