{"id":13249,"date":"2025-09-06T09:42:54","date_gmt":"2025-09-06T07:42:54","guid":{"rendered":"https:\/\/topol.org.pl\/?page_id=13249"},"modified":"2025-10-16T10:15:01","modified_gmt":"2025-10-16T08:15:01","slug":"sprzeciwiam-sie-podniesieniu-kwoty-wolnej-od-podatku-do-60-tysiecy-zlotych","status":"publish","type":"page","link":"https:\/\/topol.org.pl\/?page_id=13249","title":{"rendered":"Sprzeciwiam si\u0119 podniesieniu kwoty wolnej od podatku do 60 tysi\u0119cy z\u0142otych"},"content":{"rendered":"\n<p>06.09.2025 9.41 <a href=\"https:\/\/dorzeczy.pl\/ekonomia\/775506\/sondaz-polacy-nadal-chca-podwyzszenia-kwoty-wolnej-od-podatku.html\">&#8222;Polacy chc\u0105 zrealizowania g\u0142\u00f3wnej obietnicy Donalda Tuska z kampanii wyborczej&#8221;<\/a> \u0179r\u00f3d\u0142o: DoRzeczy.pl<\/p>\n\n\n\n<p><strong>Spowoduje to strat\u0119 dla bud\u017cetu w wysoko\u015bci <a href=\"https:\/\/dorzeczy.pl\/ekonomia\/775491\/agencja-fitch-obniza-perspektywe-polski-na-negatywna.html\">54 miliard\u00f3w z\u0142otych<\/a> i obni\u017cenie wiarygodno\u015bci naszego pa\u0144stwa dla <a href=\"https:\/\/www.google.com\/search?q=agencji+retingowych&amp;oq=agencji+retingowych&amp;gs_lcrp=EgZjaHJvbWUyBggAEEUYOdIBCjEwODU5ajBqMTWoAgiwAgE&amp;sourceid=chrome&amp;ie=UTF-8\">agencji ratingowych<\/a>.<\/strong><\/p>\n\n\n\n<p><a href=\"https:\/\/www.google.com\/search?q=ile+b%C4%99dzie+kosztowa%C5%82o+bud%C5%BCet+pa%C5%84stwa+podwy%C5%BCszenie+kwoty+wolnej+od+podatku+do+60000+z%C5%82otych&amp;oq=ile+b%C4%99dzie+kosztowa%C5%82o+bud%C5%BCet+pa%C5%84stwa+podwy%C5%BCszenie+kwoty+wolnej+od+podatku+do+60000+z%C5%82otych&amp;gs_lcrp=EgZjaHJvbWUyBggAEEUYOdIBCjcxNTM5ajBqMTWoAgiwAgE&amp;sourceid=chrome&amp;ie=UTF-8\">Podwy\u017cszenie kwoty wolnej od podatku od 60 tys. z\u0142 b\u0119dzie kosztowa\u0142o Skarb Pa\u0144stwa&nbsp;<strong>54 mld z\u0142<\/strong><\/a> \u0179r\u00f3d\u0142o: Google AL<\/p>\n\n\n\n<p>06.09.2025 15.29 <a href=\"https:\/\/www.youtube.com\/watch?v=GgYQOCkqHRA\">Ostrze\u017cenie Dla Polski od Fitch! Ukrai\u0144cy Przejm\u0105 Polsk\u0105 Kopalni\u0119?<\/a> \u0179r\u00f3d\u0142o: <a href=\"https:\/\/www.youtube.com\/@TomaszPiekielnik\">Tomasz Piekielnik<\/a><\/p>\n\n\n\n<p>Verte &gt;<a href=\"https:\/\/topol.org.pl\/?page_id=6187\">Fundacja Narodowe Si\u0142y Samoobrony \u201eGrot\u201d<\/a><\/p>\n\n\n\n<p><\/p>\n","protected":false},"excerpt":{"rendered":"<p>06.09.2025 9.41 &#8222;Polacy chc\u0105 zrealizowania g\u0142\u00f3wnej obietnicy Donalda Tuska z kampanii wyborczej&#8221; \u0179r\u00f3d\u0142o: DoRzeczy.pl Spowoduje to strat\u0119 dla bud\u017cetu w wysoko\u015bci 54 miliard\u00f3w z\u0142otych i obni\u017cenie wiarygodno\u015bci naszego pa\u0144stwa dla agencji ratingowych. Podwy\u017cszenie kwoty wolnej od podatku od 60 tys. z\u0142 b\u0119dzie kosztowa\u0142o Skarb Pa\u0144stwa&nbsp;54 mld z\u0142 \u0179r\u00f3d\u0142o: Google AL 06.09.2025 15.29 Ostrze\u017cenie Dla Polski [&hellip;]<\/p>\n","protected":false},"author":1,"featured_media":0,"parent":11389,"menu_order":40,"comment_status":"closed","ping_status":"closed","template":"","meta":{"footnotes":""},"class_list":["post-13249","page","type-page","status-publish","hentry"],"_links":{"self":[{"href":"https:\/\/topol.org.pl\/index.php?rest_route=\/wp\/v2\/pages\/13249","targetHints":{"allow":["GET"]}}],"collection":[{"href":"https:\/\/topol.org.pl\/index.php?rest_route=\/wp\/v2\/pages"}],"about":[{"href":"https:\/\/topol.org.pl\/index.php?rest_route=\/wp\/v2\/types\/page"}],"author":[{"embeddable":true,"href":"https:\/\/topol.org.pl\/index.php?rest_route=\/wp\/v2\/users\/1"}],"replies":[{"embeddable":true,"href":"https:\/\/topol.org.pl\/index.php?rest_route=%2Fwp%2Fv2%2Fcomments&post=13249"}],"version-history":[{"count":8,"href":"https:\/\/topol.org.pl\/index.php?rest_route=\/wp\/v2\/pages\/13249\/revisions"}],"predecessor-version":[{"id":13275,"href":"https:\/\/topol.org.pl\/index.php?rest_route=\/wp\/v2\/pages\/13249\/revisions\/13275"}],"up":[{"embeddable":true,"href":"https:\/\/topol.org.pl\/index.php?rest_route=\/wp\/v2\/pages\/11389"}],"wp:attachment":[{"href":"https:\/\/topol.org.pl\/index.php?rest_route=%2Fwp%2Fv2%2Fmedia&parent=13249"}],"curies":[{"name":"wp","href":"https:\/\/api.w.org\/{rel}","templated":true}]}}