{"id":13269,"date":"2025-09-06T15:08:24","date_gmt":"2025-09-06T13:08:24","guid":{"rendered":"https:\/\/topol.org.pl\/?page_id=13269"},"modified":"2025-10-16T10:15:12","modified_gmt":"2025-10-16T08:15:12","slug":"czterodniowy-tydzien-pracy-i-nowa-jakosc-zycia","status":"publish","type":"page","link":"https:\/\/topol.org.pl\/?page_id=13269","title":{"rendered":"Czterodniowy tydzie\u0144 pracy i \u201enowa jako\u015b\u0107 \u017cycia\u201d."},"content":{"rendered":"\n<p>06.09.2025 14.57 czterodniowy tydzie\u0144 pracy i \u201enowa jako\u015b\u0107 \u017cycia\u201d.<\/p>\n\n\n\n<p>AL zlikwiduje do 2030 roku 99% miejsc pracy. \u0179r\u00f3d\u0142o: <a href=\"https:\/\/cyfrowa.rp.pl\/technologie\/art42964621-ai-moze-pozbawic-pracy-99-proc-pracownikow-w-5-lat-nie-ma-planu-b\">rp.pl<\/a><\/p>\n\n\n\n<p><strong>Jestem za czterodniowym dniem pracy.<\/strong> <strong>Tak czy Nie.<\/strong><\/p>\n\n\n\n<p>Verte &gt;<a href=\"https:\/\/topol.org.pl\/?page_id=6187\">Fundacja Narodowe Si\u0142y Samoobrony \u201eGrot\u201d<\/a><\/p>\n\n\n\n<p><\/p>\n","protected":false},"excerpt":{"rendered":"<p>06.09.2025 14.57 czterodniowy tydzie\u0144 pracy i \u201enowa jako\u015b\u0107 \u017cycia\u201d. AL zlikwiduje do 2030 roku 99% miejsc pracy. \u0179r\u00f3d\u0142o: rp.pl Jestem za czterodniowym dniem pracy. Tak czy Nie. Verte &gt;Fundacja Narodowe Si\u0142y Samoobrony \u201eGrot\u201d<\/p>\n","protected":false},"author":1,"featured_media":0,"parent":11389,"menu_order":42,"comment_status":"open","ping_status":"closed","template":"","meta":{"footnotes":""},"class_list":["post-13269","page","type-page","status-publish","hentry"],"_links":{"self":[{"href":"https:\/\/topol.org.pl\/index.php?rest_route=\/wp\/v2\/pages\/13269","targetHints":{"allow":["GET"]}}],"collection":[{"href":"https:\/\/topol.org.pl\/index.php?rest_route=\/wp\/v2\/pages"}],"about":[{"href":"https:\/\/topol.org.pl\/index.php?rest_route=\/wp\/v2\/types\/page"}],"author":[{"embeddable":true,"href":"https:\/\/topol.org.pl\/index.php?rest_route=\/wp\/v2\/users\/1"}],"replies":[{"embeddable":true,"href":"https:\/\/topol.org.pl\/index.php?rest_route=%2Fwp%2Fv2%2Fcomments&post=13269"}],"version-history":[{"count":4,"href":"https:\/\/topol.org.pl\/index.php?rest_route=\/wp\/v2\/pages\/13269\/revisions"}],"predecessor-version":[{"id":13273,"href":"https:\/\/topol.org.pl\/index.php?rest_route=\/wp\/v2\/pages\/13269\/revisions\/13273"}],"up":[{"embeddable":true,"href":"https:\/\/topol.org.pl\/index.php?rest_route=\/wp\/v2\/pages\/11389"}],"wp:attachment":[{"href":"https:\/\/topol.org.pl\/index.php?rest_route=%2Fwp%2Fv2%2Fmedia&parent=13269"}],"curies":[{"name":"wp","href":"https:\/\/api.w.org\/{rel}","templated":true}]}}