{"id":13276,"date":"2025-09-08T11:05:26","date_gmt":"2025-09-08T09:05:26","guid":{"rendered":"https:\/\/topol.org.pl\/?page_id=13276"},"modified":"2025-09-08T11:05:26","modified_gmt":"2025-09-08T09:05:26","slug":"zonkil-zolty-narcyz","status":"publish","type":"page","link":"https:\/\/topol.org.pl\/?page_id=13276","title":{"rendered":"\u017conkil, \u017c\u00f3\u0142ty narcyz),\u00a0&#8230;"},"content":{"rendered":"\n<p>\u017conkil, \u017c\u00f3\u0142ty narcyz), &#8230;<\/p>\n","protected":false},"excerpt":{"rendered":"<p>\u017conkil, \u017c\u00f3\u0142ty narcyz), &#8230;<\/p>\n","protected":false},"author":1,"featured_media":0,"parent":10871,"menu_order":0,"comment_status":"closed","ping_status":"closed","template":"","meta":{"footnotes":""},"class_list":["post-13276","page","type-page","status-publish","hentry"],"_links":{"self":[{"href":"https:\/\/topol.org.pl\/index.php?rest_route=\/wp\/v2\/pages\/13276","targetHints":{"allow":["GET"]}}],"collection":[{"href":"https:\/\/topol.org.pl\/index.php?rest_route=\/wp\/v2\/pages"}],"about":[{"href":"https:\/\/topol.org.pl\/index.php?rest_route=\/wp\/v2\/types\/page"}],"author":[{"embeddable":true,"href":"https:\/\/topol.org.pl\/index.php?rest_route=\/wp\/v2\/users\/1"}],"replies":[{"embeddable":true,"href":"https:\/\/topol.org.pl\/index.php?rest_route=%2Fwp%2Fv2%2Fcomments&post=13276"}],"version-history":[{"count":2,"href":"https:\/\/topol.org.pl\/index.php?rest_route=\/wp\/v2\/pages\/13276\/revisions"}],"predecessor-version":[{"id":13278,"href":"https:\/\/topol.org.pl\/index.php?rest_route=\/wp\/v2\/pages\/13276\/revisions\/13278"}],"up":[{"embeddable":true,"href":"https:\/\/topol.org.pl\/index.php?rest_route=\/wp\/v2\/pages\/10871"}],"wp:attachment":[{"href":"https:\/\/topol.org.pl\/index.php?rest_route=%2Fwp%2Fv2%2Fmedia&parent=13276"}],"curies":[{"name":"wp","href":"https:\/\/api.w.org\/{rel}","templated":true}]}}