{"id":13284,"date":"2025-09-09T11:46:43","date_gmt":"2025-09-09T09:46:43","guid":{"rendered":"https:\/\/topol.org.pl\/?page_id=13284"},"modified":"2025-09-09T12:30:36","modified_gmt":"2025-09-09T10:30:36","slug":"szkolnictwo-wyzsze","status":"publish","type":"page","link":"https:\/\/topol.org.pl\/?page_id=13284","title":{"rendered":"Szkolnictwo wy\u017csze"},"content":{"rendered":"\n<p>09.09.2025 11.46 <a href=\"https:\/\/www.gov.pl\/web\/nauka\/szkolnictwo-wyzsze\">Szkolnictwo wy\u017csze &#8211; Ministerstwo Nauki i Szkolnictwa &#8230;<\/a><\/p>\n\n\n\n<p><a href=\"https:\/\/youtube.com\/playlist?list=PLvdibod3J-XsuNdnTv0Y_g_KGmDibhJ4c&amp;si=niz9pkAjgCbPIE9A\">Szko\u0142a G\u0142\u00f3wna Handlowa<\/a><\/p>\n\n\n\n<p><a href=\"https:\/\/www.google.com\/search?q=Nab%C3%B3r+kandydat%C3%B3w+na+polskich+uczelniach.&amp;oq=Nab%C3%B3r+kandydat%C3%B3w+na+polskich+uczelniach.&amp;gs_lcrp=EgZjaHJvbWUyBggAEEUYOdIBCTIyMzBqMGoxNagCCLACAQ&amp;sourceid=chrome&amp;ie=UTF-8\">Nab\u00f3r kandydat\u00f3w na polskich uczelniach.<\/a><\/p>\n\n\n\n<p>Verte &gt;<a href=\"https:\/\/topol.org.pl\/?page_id=6187\">Fundacja Narodowe Si\u0142y Samoobrony \u201eGrot\u201d<\/a><\/p>\n\n\n\n<p><\/p>\n","protected":false},"excerpt":{"rendered":"<p>09.09.2025 11.46 Szkolnictwo wy\u017csze &#8211; Ministerstwo Nauki i Szkolnictwa &#8230; Szko\u0142a G\u0142\u00f3wna Handlowa Nab\u00f3r kandydat\u00f3w na polskich uczelniach. Verte &gt;Fundacja Narodowe Si\u0142y Samoobrony \u201eGrot\u201d<\/p>\n","protected":false},"author":1,"featured_media":0,"parent":11389,"menu_order":29,"comment_status":"closed","ping_status":"closed","template":"","meta":{"footnotes":""},"class_list":["post-13284","page","type-page","status-publish","hentry"],"_links":{"self":[{"href":"https:\/\/topol.org.pl\/index.php?rest_route=\/wp\/v2\/pages\/13284","targetHints":{"allow":["GET"]}}],"collection":[{"href":"https:\/\/topol.org.pl\/index.php?rest_route=\/wp\/v2\/pages"}],"about":[{"href":"https:\/\/topol.org.pl\/index.php?rest_route=\/wp\/v2\/types\/page"}],"author":[{"embeddable":true,"href":"https:\/\/topol.org.pl\/index.php?rest_route=\/wp\/v2\/users\/1"}],"replies":[{"embeddable":true,"href":"https:\/\/topol.org.pl\/index.php?rest_route=%2Fwp%2Fv2%2Fcomments&post=13284"}],"version-history":[{"count":12,"href":"https:\/\/topol.org.pl\/index.php?rest_route=\/wp\/v2\/pages\/13284\/revisions"}],"predecessor-version":[{"id":13300,"href":"https:\/\/topol.org.pl\/index.php?rest_route=\/wp\/v2\/pages\/13284\/revisions\/13300"}],"up":[{"embeddable":true,"href":"https:\/\/topol.org.pl\/index.php?rest_route=\/wp\/v2\/pages\/11389"}],"wp:attachment":[{"href":"https:\/\/topol.org.pl\/index.php?rest_route=%2Fwp%2Fv2%2Fmedia&parent=13284"}],"curies":[{"name":"wp","href":"https:\/\/api.w.org\/{rel}","templated":true}]}}