{"id":13302,"date":"2025-09-09T14:07:54","date_gmt":"2025-09-09T12:07:54","guid":{"rendered":"https:\/\/topol.org.pl\/?page_id=13302"},"modified":"2025-09-09T14:34:04","modified_gmt":"2025-09-09T12:34:04","slug":"podmiana-obywatelska","status":"publish","type":"page","link":"https:\/\/topol.org.pl\/?page_id=13302","title":{"rendered":"Podmiana obywatelska"},"content":{"rendered":"\n<p>09.09.2025 14.00 &#8222;By\u0142y GROM-owiec radzi&#8221; W <a href=\"https:\/\/youtube.com\/playlist?list=PLvdibod3J-XsFRftRgNMcoiFBUqraUU0C&amp;si=fs7bf_BFmqCiUVQO\">Radio ZET<\/a> \u0179r\u00f3d\u0142o: W <a href=\"https:\/\/www.youtube.com\/watch?v=jRdsJe1pYy0\">Radio ZET<\/a><br><\/p>\n\n\n\n<p><strong>Podmiana obywatelska spo\u0142ecze\u0144stwa obywatelskiego.<\/strong> <strong>W razie W wycofa\u0107 si\u0119, mamy w tym celu szkoli\u0107 spo\u0142ecze\u0144stwo obywatelskie. To grozi przej\u0119ciem pa\u0144stwa bez jednego wystrza\u0142u, bez \u017cadnych ofiar. To genialne.<\/strong><\/p>\n\n\n\n<p><strong>W tym celu szkolimy na polskich uczelniach wy\u017cszych kadr\u0119 zarz\u0105dzaj\u0105c\u0105.<\/strong> <strong>Zbada\u0107 obce wp\u0142ywy czy zmieni\u0142 onuce, bo co\u015b mi nie pasuje<\/strong> <strong>jako doradca.<\/strong><\/p>\n\n\n\n<p>Verte &gt;<a href=\"https:\/\/topol.org.pl\/?page_id=6187\">Fundacja Narodowe Si\u0142y Samoobrony \u201eGrot\u201d<\/a><\/p>\n\n\n\n<p><\/p>\n","protected":false},"excerpt":{"rendered":"<p>09.09.2025 14.00 &#8222;By\u0142y GROM-owiec radzi&#8221; W Radio ZET \u0179r\u00f3d\u0142o: W Radio ZET Podmiana obywatelska spo\u0142ecze\u0144stwa obywatelskiego. W razie W wycofa\u0107 si\u0119, mamy w tym celu szkoli\u0107 spo\u0142ecze\u0144stwo obywatelskie. To grozi przej\u0119ciem pa\u0144stwa bez jednego wystrza\u0142u, bez \u017cadnych ofiar. To genialne. W tym celu szkolimy na polskich uczelniach wy\u017cszych kadr\u0119 zarz\u0105dzaj\u0105c\u0105. Zbada\u0107 obce wp\u0142ywy czy zmieni\u0142 [&hellip;]<\/p>\n","protected":false},"author":1,"featured_media":0,"parent":11389,"menu_order":30,"comment_status":"closed","ping_status":"closed","template":"","meta":{"footnotes":""},"class_list":["post-13302","page","type-page","status-publish","hentry"],"_links":{"self":[{"href":"https:\/\/topol.org.pl\/index.php?rest_route=\/wp\/v2\/pages\/13302","targetHints":{"allow":["GET"]}}],"collection":[{"href":"https:\/\/topol.org.pl\/index.php?rest_route=\/wp\/v2\/pages"}],"about":[{"href":"https:\/\/topol.org.pl\/index.php?rest_route=\/wp\/v2\/types\/page"}],"author":[{"embeddable":true,"href":"https:\/\/topol.org.pl\/index.php?rest_route=\/wp\/v2\/users\/1"}],"replies":[{"embeddable":true,"href":"https:\/\/topol.org.pl\/index.php?rest_route=%2Fwp%2Fv2%2Fcomments&post=13302"}],"version-history":[{"count":8,"href":"https:\/\/topol.org.pl\/index.php?rest_route=\/wp\/v2\/pages\/13302\/revisions"}],"predecessor-version":[{"id":13312,"href":"https:\/\/topol.org.pl\/index.php?rest_route=\/wp\/v2\/pages\/13302\/revisions\/13312"}],"up":[{"embeddable":true,"href":"https:\/\/topol.org.pl\/index.php?rest_route=\/wp\/v2\/pages\/11389"}],"wp:attachment":[{"href":"https:\/\/topol.org.pl\/index.php?rest_route=%2Fwp%2Fv2%2Fmedia&parent=13302"}],"curies":[{"name":"wp","href":"https:\/\/api.w.org\/{rel}","templated":true}]}}