{"id":13313,"date":"2025-09-10T06:30:36","date_gmt":"2025-09-10T04:30:36","guid":{"rendered":"https:\/\/topol.org.pl\/?page_id=13313"},"modified":"2025-09-10T09:24:46","modified_gmt":"2025-09-10T07:24:46","slug":"naruszenie-przestrzeni-powietrznej-o-ktorym-mowa-jak-zapewnil-gen-kukula-nie-stwarzalo-zagrozenia-dla-bezpieczenstwa-polski","status":"publish","type":"page","link":"https:\/\/topol.org.pl\/?page_id=13313","title":{"rendered":"Naruszenie przestrzeni powietrznej, o kt\u00f3rym mowa \u2013 jak zapewni\u0142 gen. Kuku\u0142a \u2013 nie stwarza\u0142o zagro\u017cenia dla bezpiecze\u0144stwa Polski."},"content":{"rendered":"\n<p>10.09.2025 06.29 <a href=\"https:\/\/www.rp.pl\/konflikty-zbrojne\/art42986481-wielokrotne-naruszenie-polskiej-przestrzeni-powietrznej-donald-tusk-uzyto-uzbrojenia-akt-agresji\">&#8222;Jak si\u0119 okaza\u0142o, pocisk ten nie mia\u0142 g\u0142owicy bojowej&#8221;<\/a>. \u0179r\u00f3d\u0142o: rp.pl<\/p>\n\n\n\n<p><a href=\"https:\/\/topol.org.pl\/?page_id=13218\"><strong>W<\/strong>&nbsp;<strong>razie prowokacji zdaje si\u0119 na odpowiedzialnych genera\u0142\u00f3w.<\/strong><\/a><\/p>\n\n\n\n<p>10.09.2025 09.18 <a href=\"https:\/\/dorzeczy.pl\/swiat\/777051\/trump-nie-odpowiada-na-pytanie-dot-rosyjskich-dronow.html\">Trump zosta\u0142 zapytany o\u00a0rosyjskie drony nad Polsk\u0105. Nie\u00a0zareagowa\u0142.<\/a> \u0179r\u00f3d\u0142o: DoRzeczy.pl<\/p>\n\n\n\n<p><strong>Trzeba zachowa\u0107 spok\u00f3j, \u017celazne nerwy.<\/strong> <strong>Donald Tramp wie, \u017ce jak jeste\u015bmy nienaruszeni to stanowimy realn\u0105 pomoc. Jak znikniemy w otch\u0142ani wojny to nie przydamy si\u0119 na nic.<\/strong> <strong>Jeste\u015bmy pomostem na linii wsch\u00f3d-zach\u00f3d.<\/strong><\/p>\n\n\n\n<p>Verte &gt;<a href=\"https:\/\/topol.org.pl\/?page_id=6187\">Fundacja Narodowe Si\u0142y Samoobrony \u201eGrot\u201d<\/a><\/p>\n\n\n\n<p><\/p>\n","protected":false},"excerpt":{"rendered":"<p>10.09.2025 06.29 &#8222;Jak si\u0119 okaza\u0142o, pocisk ten nie mia\u0142 g\u0142owicy bojowej&#8221;. \u0179r\u00f3d\u0142o: rp.pl W&nbsp;razie prowokacji zdaje si\u0119 na odpowiedzialnych genera\u0142\u00f3w. 10.09.2025 09.18 Trump zosta\u0142 zapytany o\u00a0rosyjskie drony nad Polsk\u0105. Nie\u00a0zareagowa\u0142. \u0179r\u00f3d\u0142o: DoRzeczy.pl Trzeba zachowa\u0107 spok\u00f3j, \u017celazne nerwy. Donald Tramp wie, \u017ce jak jeste\u015bmy nienaruszeni to stanowimy realn\u0105 pomoc. Jak znikniemy w otch\u0142ani wojny to nie [&hellip;]<\/p>\n","protected":false},"author":1,"featured_media":0,"parent":12631,"menu_order":3,"comment_status":"closed","ping_status":"closed","template":"","meta":{"footnotes":""},"class_list":["post-13313","page","type-page","status-publish","hentry"],"_links":{"self":[{"href":"https:\/\/topol.org.pl\/index.php?rest_route=\/wp\/v2\/pages\/13313","targetHints":{"allow":["GET"]}}],"collection":[{"href":"https:\/\/topol.org.pl\/index.php?rest_route=\/wp\/v2\/pages"}],"about":[{"href":"https:\/\/topol.org.pl\/index.php?rest_route=\/wp\/v2\/types\/page"}],"author":[{"embeddable":true,"href":"https:\/\/topol.org.pl\/index.php?rest_route=\/wp\/v2\/users\/1"}],"replies":[{"embeddable":true,"href":"https:\/\/topol.org.pl\/index.php?rest_route=%2Fwp%2Fv2%2Fcomments&post=13313"}],"version-history":[{"count":7,"href":"https:\/\/topol.org.pl\/index.php?rest_route=\/wp\/v2\/pages\/13313\/revisions"}],"predecessor-version":[{"id":13321,"href":"https:\/\/topol.org.pl\/index.php?rest_route=\/wp\/v2\/pages\/13313\/revisions\/13321"}],"up":[{"embeddable":true,"href":"https:\/\/topol.org.pl\/index.php?rest_route=\/wp\/v2\/pages\/12631"}],"wp:attachment":[{"href":"https:\/\/topol.org.pl\/index.php?rest_route=%2Fwp%2Fv2%2Fmedia&parent=13313"}],"curies":[{"name":"wp","href":"https:\/\/api.w.org\/{rel}","templated":true}]}}