{"id":13322,"date":"2025-09-10T18:50:31","date_gmt":"2025-09-10T16:50:31","guid":{"rendered":"https:\/\/topol.org.pl\/?page_id=13322"},"modified":"2025-09-10T21:10:26","modified_gmt":"2025-09-10T19:10:26","slug":"rosja-gotowa-do-rozmow-z-polska","status":"publish","type":"page","link":"https:\/\/topol.org.pl\/?page_id=13322","title":{"rendered":"Rosja gotowa do\u00a0rozm\u00f3w z\u00a0Polsk\u0105."},"content":{"rendered":"\n<p>10.09.2025 18.34 <a href=\"https:\/\/dorzeczy.pl\/opinie\/777435\/drony-rosja-gotowa-do-rozmow-co-na-to-minister-sikorski.html\">Rosja gotowa do&nbsp;rozm\u00f3w z&nbsp;Polsk\u0105.<\/a> \u0179r\u00f3d\u0142o: DoRzeczy.pl<\/p>\n\n\n\n<p><strong>W zwi\u0105zku z tym, \u017ce ka\u017cdy m\u00f3wi o odpowiedzi militarnej i jawnie d\u0105\u017cy do wojny, deklaruj\u0119 ch\u0119\u0107 rozmowy z Rosj\u0105. Jeszcze mo\u017cemy rozmawia\u0107 o pokoju.<\/strong><\/p>\n\n\n\n<p><strong>Trzeba odsun\u0105\u0107 sabota\u017cyst\u00f3w wojennych: tak zwanych genera\u0142\u00f3w w stanie spoczynku, dziennikarzy wojennych i zdrajc\u00f3w. Chc\u0105 nas wci\u0105gn\u0105\u0107 do wojny.<\/strong> <strong>Stracimy niepodleg\u0142o\u015b\u0107. Podziel\u0105 nasz kraj ci zdrajcy.<\/strong> <strong>Poziom zdrady pora\u017ca.<\/strong><\/p>\n\n\n\n<p>Verte &gt;<a href=\"https:\/\/topol.org.pl\/?page_id=6187\">Fundacja Narodowe Si\u0142y Samoobrony \u201eGrot\u201d<\/a><\/p>\n\n\n\n<p><\/p>\n","protected":false},"excerpt":{"rendered":"<p>10.09.2025 18.34 Rosja gotowa do&nbsp;rozm\u00f3w z&nbsp;Polsk\u0105. \u0179r\u00f3d\u0142o: DoRzeczy.pl W zwi\u0105zku z tym, \u017ce ka\u017cdy m\u00f3wi o odpowiedzi militarnej i jawnie d\u0105\u017cy do wojny, deklaruj\u0119 ch\u0119\u0107 rozmowy z Rosj\u0105. Jeszcze mo\u017cemy rozmawia\u0107 o pokoju. Trzeba odsun\u0105\u0107 sabota\u017cyst\u00f3w wojennych: tak zwanych genera\u0142\u00f3w w stanie spoczynku, dziennikarzy wojennych i zdrajc\u00f3w. Chc\u0105 nas wci\u0105gn\u0105\u0107 do wojny. Stracimy niepodleg\u0142o\u015b\u0107. Podziel\u0105 [&hellip;]<\/p>\n","protected":false},"author":1,"featured_media":0,"parent":12631,"menu_order":4,"comment_status":"closed","ping_status":"closed","template":"","meta":{"footnotes":""},"class_list":["post-13322","page","type-page","status-publish","hentry"],"_links":{"self":[{"href":"https:\/\/topol.org.pl\/index.php?rest_route=\/wp\/v2\/pages\/13322","targetHints":{"allow":["GET"]}}],"collection":[{"href":"https:\/\/topol.org.pl\/index.php?rest_route=\/wp\/v2\/pages"}],"about":[{"href":"https:\/\/topol.org.pl\/index.php?rest_route=\/wp\/v2\/types\/page"}],"author":[{"embeddable":true,"href":"https:\/\/topol.org.pl\/index.php?rest_route=\/wp\/v2\/users\/1"}],"replies":[{"embeddable":true,"href":"https:\/\/topol.org.pl\/index.php?rest_route=%2Fwp%2Fv2%2Fcomments&post=13322"}],"version-history":[{"count":2,"href":"https:\/\/topol.org.pl\/index.php?rest_route=\/wp\/v2\/pages\/13322\/revisions"}],"predecessor-version":[{"id":13324,"href":"https:\/\/topol.org.pl\/index.php?rest_route=\/wp\/v2\/pages\/13322\/revisions\/13324"}],"up":[{"embeddable":true,"href":"https:\/\/topol.org.pl\/index.php?rest_route=\/wp\/v2\/pages\/12631"}],"wp:attachment":[{"href":"https:\/\/topol.org.pl\/index.php?rest_route=%2Fwp%2Fv2%2Fmedia&parent=13322"}],"curies":[{"name":"wp","href":"https:\/\/api.w.org\/{rel}","templated":true}]}}