{"id":13325,"date":"2025-09-11T17:13:53","date_gmt":"2025-09-11T15:13:53","guid":{"rendered":"https:\/\/topol.org.pl\/?page_id=13325"},"modified":"2025-09-11T17:15:08","modified_gmt":"2025-09-11T15:15:08","slug":"prof-andrew-michta-komentuje-rosyjski-atak-dronow-na-polske-to-powinna-byc-ostatnia-pobudka","status":"publish","type":"page","link":"https:\/\/topol.org.pl\/?page_id=13325","title":{"rendered":"Prof. Andrew Michta komentuje rosyjski atak dron\u00f3w na Polsk\u0119: To powinna by\u0107 ostatnia pobudka"},"content":{"rendered":"\n<p>\u0179r\u00f3d\u0142o: <a href=\"https:\/\/youtu.be\/fsq0538otQ0?t=618\">Uk\u0142ad otwarty &#8211; Igor Janke<\/a><br><br><a href=\"https:\/\/www.youtube.com\/@PitbullRed\">@PitbullRed<\/a><\/p>\n\n\n\n<p><a href=\"https:\/\/www.youtube.com\/watch?v=fsq0538otQ0&amp;lc=UgyudQ6_7-sRvt-lMAl4AaABAg\">12 godzin temu<\/a> Przeczytajcie ksi\u0105\u017ck\u0119 Brzezi\u0144skiego dowiecie si\u0119 co nam szykuj\u0105 kochani Anglosasi z USA mamy by\u0107 stref\u0105 zgniotu razem z Ukrain\u0105 ksi\u0105\u017cka jest z po\u0142owy lat osiemdziesi\u0105tych i ju\u017c wtedy planowali wojn\u0119 z Rosj\u0105 naszymi r\u0119kami na terytorium Ukrainy i Polski i co mija 40 lat i Ukraina podjudzana przez Anglosas\u00f3w i po rewolucji za ich pieni\u0105dze toczy wojn\u0119 z Rosj\u0105 i staje si\u0119 stref\u0105 zgniotu ale wida\u0107 ze Ukraina nie wystarczy na Rosj\u0119 wiec dorzuc\u0105 nas do tej wojny wykorzystuj\u0105c swoich wiernych wasali kt\u00f3rzy nami rz\u0105dz\u0105 i Polska stanie si\u0119 stref\u0105 zgniotu<\/p>\n\n\n\n<p>11.09.2025 16.57 <strong>W ostatnich dekadach powsta\u0142o tyle NGO promuj\u0105cych stref\u0119 zgniotu na naszych ziemiach.<\/strong><\/p>\n\n\n\n<p>Verte ><a href=\"https:\/\/topol.org.pl\/?page_id=6187\">Fundacja Narodowe Si\u0142y Samoobrony \u201eGrot\u201d<\/a><\/p>\n","protected":false},"excerpt":{"rendered":"<p>\u0179r\u00f3d\u0142o: Uk\u0142ad otwarty &#8211; Igor Janke @PitbullRed 12 godzin temu Przeczytajcie ksi\u0105\u017ck\u0119 Brzezi\u0144skiego dowiecie si\u0119 co nam szykuj\u0105 kochani Anglosasi z USA mamy by\u0107 stref\u0105 zgniotu razem z Ukrain\u0105 ksi\u0105\u017cka jest z po\u0142owy lat osiemdziesi\u0105tych i ju\u017c wtedy planowali wojn\u0119 z Rosj\u0105 naszymi r\u0119kami na terytorium Ukrainy i Polski i co mija 40 lat i [&hellip;]<\/p>\n","protected":false},"author":1,"featured_media":0,"parent":12631,"menu_order":5,"comment_status":"closed","ping_status":"closed","template":"","meta":{"footnotes":""},"class_list":["post-13325","page","type-page","status-publish","hentry"],"_links":{"self":[{"href":"https:\/\/topol.org.pl\/index.php?rest_route=\/wp\/v2\/pages\/13325","targetHints":{"allow":["GET"]}}],"collection":[{"href":"https:\/\/topol.org.pl\/index.php?rest_route=\/wp\/v2\/pages"}],"about":[{"href":"https:\/\/topol.org.pl\/index.php?rest_route=\/wp\/v2\/types\/page"}],"author":[{"embeddable":true,"href":"https:\/\/topol.org.pl\/index.php?rest_route=\/wp\/v2\/users\/1"}],"replies":[{"embeddable":true,"href":"https:\/\/topol.org.pl\/index.php?rest_route=%2Fwp%2Fv2%2Fcomments&post=13325"}],"version-history":[{"count":1,"href":"https:\/\/topol.org.pl\/index.php?rest_route=\/wp\/v2\/pages\/13325\/revisions"}],"predecessor-version":[{"id":13326,"href":"https:\/\/topol.org.pl\/index.php?rest_route=\/wp\/v2\/pages\/13325\/revisions\/13326"}],"up":[{"embeddable":true,"href":"https:\/\/topol.org.pl\/index.php?rest_route=\/wp\/v2\/pages\/12631"}],"wp:attachment":[{"href":"https:\/\/topol.org.pl\/index.php?rest_route=%2Fwp%2Fv2%2Fmedia&parent=13325"}],"curies":[{"name":"wp","href":"https:\/\/api.w.org\/{rel}","templated":true}]}}