{"id":13327,"date":"2025-09-11T18:14:21","date_gmt":"2025-09-11T16:14:21","guid":{"rendered":"https:\/\/topol.org.pl\/?page_id=13327"},"modified":"2025-09-12T07:09:17","modified_gmt":"2025-09-12T05:09:17","slug":"fundamentem-obrony-przeciwlotniczej-kraju-jest-powszechna-obrona-przeciwlotnicza-spoleczenstwa-terenowe-posterunki-obserwacji-przestrzeni-powietrznej-albo-przestrzeni-przeciwlotniczej-obrony-kraju","status":"publish","type":"page","link":"https:\/\/topol.org.pl\/?page_id=13327","title":{"rendered":"Fundamentem obrony przeciwlotniczej kraju jest powszechna obrona przeciwlotnicza spo\u0142ecze\u0144stwa. Terenowe posterunki obserwacji przestrzeni powietrznej albo przestrzeni przeciwlotniczej obrony kraju."},"content":{"rendered":"\n<p>11.09.2025 18.11 <a href=\"https:\/\/youtu.be\/kWonwSnp7E4?t=178\">Studenci w Ukrainie skuteczniejsi ni\u017c polska armia \u2013 mocne por\u00f3wnanie genera\u0142a<\/a> \u0179r\u00f3d\u0142o: <a href=\"https:\/\/www.youtube.com\/@polsatnewsplofc\">polsatnews.pl<\/a><\/p>\n\n\n\n<p><strong><a href=\"https:\/\/www.google.com\/search?q=Nieoceniona&amp;oq=Nieoceniona&amp;gs_lcrp=EgZjaHJvbWUyBggAEEUYOdIBCTIyMTZqMGoxNagCCLACAQ&amp;sourceid=chrome&amp;ie=UTF-8\">Nieoceniona<\/a> jest obserwacja nieba, bro\u0144 my\u015bliwska, proce i kusze.<\/strong> <strong>I w\u0142asna inwencja tw\u00f3rcza.<\/strong> <strong>Najlepiej wys\u0142a\u0107 do zadania studentki, student\u00f3w i Al.<\/strong> <strong>Obserwacja nieba przys\u0142u\u017cy si\u0119 rozwojowi astronomii i nauki, udoskonaleniu sztuki walki z dronami noc\u0105, rozwojowi <a href=\"https:\/\/www.google.com\/search?q=Startup&amp;sca_esv=83105bac496dfc01&amp;sxsrf=AE3TifP2IecCQjKjSPaz1DFy7bkejUfYHw%3A1757608229670&amp;ei=JfnCaKvUKI2pwPAPhvS34AM&amp;ved=0ahUKEwjr-rvxkNGPAxWNFBAIHQb6DTwQ4dUDCBA&amp;uact=5&amp;oq=Startup&amp;gs_lp=Egxnd3Mtd2l6LXNlcnAiB1N0YXJ0dXAyCBAAGIAEGLEDMgUQABiABDIFEAAYgAQyCBAAGIAEGLEDMgUQABiABDIFEAAYgAQyBRAAGIAEMgQQABgDMgUQABiABDIFEAAYgARIgBJQAFgAcAB4AZABAJgBhAGgAYQBqgEDMC4xuAEDyAEA-AEC-AEBmAIBoAKNAZgDAJIHAzAuMaAHvASyBwMwLjG4B40BwgcDMi0xyAcH&amp;sclient=gws-wiz-serp\">Startup\u00f3w<\/a> i <a href=\"https:\/\/www.google.com\/search?q=Dehumanizm&amp;sca_esv=83105bac496dfc01&amp;sxsrf=AE3TifNcPSQXdZZUsB24ntHDCJjV_4rsCg%3A1757608545754&amp;ei=YfrCaNvmLcefwPAPk7ewOQ&amp;ved=0ahUKEwibm5iIktGPAxXHDxAIHZMbLAcQ4dUDCBA&amp;uact=5&amp;oq=Dehumanizm&amp;gs_lp=Egxnd3Mtd2l6LXNlcnAiCkRlaHVtYW5pem0yDBAAGIAEGEMYigUYCjIHEAAYgAQYCjIHEAAYgAQYCjIHEAAYgAQYCjIHEAAYgAQYCjIHEAAYgAQYCjIHEAAYgAQYCjIHEAAYgAQYCjIHEAAYgAQYCjIHEAAYgAQYCki8C1AAWABwAHgBkAEAmAF1oAF1qgEDMC4xuAEDyAEA-AEC-AEBmAIBoAJ-mAMAkgcDMC4xoAfdCLIHAzAuMbgHfsIHAzItMcgHBw&amp;sclient=gws-wiz-serp\">DeAlgizacji<\/a> sztucznej inteligencji w zakresie edukacji zdrowotnej.<\/strong><\/p>\n\n\n\n<p>12.09.2025 07.05 <a href=\"https:\/\/radar.rp.pl\/modernizacja-sil-zbrojnych\/art42996941-ministerstwo-obrony-przyspiesza-zakup-systemow-antydronowych\">Ministerstwo obrony przyspiesza zakup system\u00f3w antydronowych<\/a> \u0179r\u00f3d\u0142o: rp.pl<br><strong>Panie Ministrze Obrony Narodowej systemy antydronowe s\u0105 nieskuteczne i drogie, tak jak \u017celazna kopu\u0142a. Skuteczne jest zaanga\u017cowanie ludzi i &#8222;Terenowe posterunki obserwacji przestrzeni powietrznej&#8221;.<\/strong> <br>Verte ><a href=\"https:\/\/topol.org.pl\/?page_id=6187\">Fundacja Narodowe Si\u0142y Samoobrony \u201eGrot\u201d<\/a><br><br><br><\/p>\n\n\n\n<p><\/p>\n\n\n\n<p><\/p>\n","protected":false},"excerpt":{"rendered":"<p>11.09.2025 18.11 Studenci w Ukrainie skuteczniejsi ni\u017c polska armia \u2013 mocne por\u00f3wnanie genera\u0142a \u0179r\u00f3d\u0142o: polsatnews.pl Nieoceniona jest obserwacja nieba, bro\u0144 my\u015bliwska, proce i kusze. I w\u0142asna inwencja tw\u00f3rcza. Najlepiej wys\u0142a\u0107 do zadania studentki, student\u00f3w i Al. Obserwacja nieba przys\u0142u\u017cy si\u0119 rozwojowi astronomii i nauki, udoskonaleniu sztuki walki z dronami noc\u0105, rozwojowi Startup\u00f3w i DeAlgizacji sztucznej [&hellip;]<\/p>\n","protected":false},"author":1,"featured_media":0,"parent":12631,"menu_order":6,"comment_status":"closed","ping_status":"closed","template":"","meta":{"footnotes":""},"class_list":["post-13327","page","type-page","status-publish","hentry"],"_links":{"self":[{"href":"https:\/\/topol.org.pl\/index.php?rest_route=\/wp\/v2\/pages\/13327","targetHints":{"allow":["GET"]}}],"collection":[{"href":"https:\/\/topol.org.pl\/index.php?rest_route=\/wp\/v2\/pages"}],"about":[{"href":"https:\/\/topol.org.pl\/index.php?rest_route=\/wp\/v2\/types\/page"}],"author":[{"embeddable":true,"href":"https:\/\/topol.org.pl\/index.php?rest_route=\/wp\/v2\/users\/1"}],"replies":[{"embeddable":true,"href":"https:\/\/topol.org.pl\/index.php?rest_route=%2Fwp%2Fv2%2Fcomments&post=13327"}],"version-history":[{"count":6,"href":"https:\/\/topol.org.pl\/index.php?rest_route=\/wp\/v2\/pages\/13327\/revisions"}],"predecessor-version":[{"id":13341,"href":"https:\/\/topol.org.pl\/index.php?rest_route=\/wp\/v2\/pages\/13327\/revisions\/13341"}],"up":[{"embeddable":true,"href":"https:\/\/topol.org.pl\/index.php?rest_route=\/wp\/v2\/pages\/12631"}],"wp:attachment":[{"href":"https:\/\/topol.org.pl\/index.php?rest_route=%2Fwp%2Fv2%2Fmedia&parent=13327"}],"curies":[{"name":"wp","href":"https:\/\/api.w.org\/{rel}","templated":true}]}}