{"id":13335,"date":"2025-09-12T06:44:06","date_gmt":"2025-09-12T04:44:06","guid":{"rendered":"https:\/\/topol.org.pl\/?page_id=13335"},"modified":"2025-09-12T07:28:03","modified_gmt":"2025-09-12T05:28:03","slug":"prezydent-usa-donald-trump-w-odpowiedzi-na-pytanie-o-naruszenie-polskiej-przestrzeni-powietrznej-przez-rosyjskie-drony-stwierdzil-ze-to-mogla-byc-pomylka","status":"publish","type":"page","link":"https:\/\/topol.org.pl\/?page_id=13335","title":{"rendered":"Prezydent USA Donald Trump w\u00a0odpowiedzi na\u00a0pytanie o\u00a0naruszenie polskiej przestrzeni powietrznej przez rosyjskie drony stwierdzi\u0142, \u017ce\u00a0to\u00a0mog\u0142a by\u0107 &#8222;pomy\u0142ka&#8221;."},"content":{"rendered":"\n<p>12.09.2025 06.31 \u0179r\u00f3d\u0142o: <a href=\"https:\/\/dorzeczy.pl\/kraj\/778179\/trump-odpowiedzial-na-pytanie-o-rosyjskie-drony-nad-polska.html\">DoRzeczy.pl<\/a><\/p>\n\n\n\n<p><strong>Nie mo\u017cemy decydowa\u0107 za 38 milionowy nar\u00f3d na podstawie myl\u0105cych s\u0105d\u00f3w o przyst\u0105pieniu do konfliktu zbrojnego. Walka z zagro\u017ceniem musi by\u0107 adekwatna do rozmiar\u00f3w. \u015aci\u0105ganie obcych na nasze terytorium stwarza mo\u017cliwo\u015b\u0107 pomy\u0142ki. <a href=\"https:\/\/dorzeczy.pl\/opinie\/778185\/nato-szykuje-odpowiedz-na-atak-dronow-w-polsce.html\">Dlatego jestem przeciwny przysy\u0142aniu pomocy z Czech, Francji, Holandii, Niemiec, Finlandii itd. na nasze terytorium.<\/a> Obronimy si\u0119 przy pomocy dyplomacji i w\u0142asnych Narodowych Si\u0142 Samoobrony &#8222;Grot&#8221;.<\/strong><\/p>\n\n\n\n<p><strong>Wszystkim zajm\u0119 si\u0119 osobi\u015bcie, b\u0119d\u0119 wydawa\u0142 komunikaty i zarz\u0105dza\u0142 ca\u0142ym terytorium kraju. Jestem dobrej my\u015bli. Mo\u017ce nas nie przemiel\u0105 na mi\u0119so.<\/strong> <strong>Nie zmusz\u0105 do opuszczenia naszych dom\u00f3w i \u017cycia.<\/strong><\/p>\n\n\n\n<p>Verte &gt;<a href=\"https:\/\/topol.org.pl\/?page_id=6187\">Fundacja Narodowe Si\u0142y Samoobrony \u201eGrot\u201d<\/a><\/p>\n\n\n\n<p><\/p>\n","protected":false},"excerpt":{"rendered":"<p>12.09.2025 06.31 \u0179r\u00f3d\u0142o: DoRzeczy.pl Nie mo\u017cemy decydowa\u0107 za 38 milionowy nar\u00f3d na podstawie myl\u0105cych s\u0105d\u00f3w o przyst\u0105pieniu do konfliktu zbrojnego. Walka z zagro\u017ceniem musi by\u0107 adekwatna do rozmiar\u00f3w. \u015aci\u0105ganie obcych na nasze terytorium stwarza mo\u017cliwo\u015b\u0107 pomy\u0142ki. Dlatego jestem przeciwny przysy\u0142aniu pomocy z Czech, Francji, Holandii, Niemiec, Finlandii itd. na nasze terytorium. Obronimy si\u0119 przy pomocy [&hellip;]<\/p>\n","protected":false},"author":1,"featured_media":0,"parent":12631,"menu_order":7,"comment_status":"closed","ping_status":"closed","template":"","meta":{"footnotes":""},"class_list":["post-13335","page","type-page","status-publish","hentry"],"_links":{"self":[{"href":"https:\/\/topol.org.pl\/index.php?rest_route=\/wp\/v2\/pages\/13335","targetHints":{"allow":["GET"]}}],"collection":[{"href":"https:\/\/topol.org.pl\/index.php?rest_route=\/wp\/v2\/pages"}],"about":[{"href":"https:\/\/topol.org.pl\/index.php?rest_route=\/wp\/v2\/types\/page"}],"author":[{"embeddable":true,"href":"https:\/\/topol.org.pl\/index.php?rest_route=\/wp\/v2\/users\/1"}],"replies":[{"embeddable":true,"href":"https:\/\/topol.org.pl\/index.php?rest_route=%2Fwp%2Fv2%2Fcomments&post=13335"}],"version-history":[{"count":5,"href":"https:\/\/topol.org.pl\/index.php?rest_route=\/wp\/v2\/pages\/13335\/revisions"}],"predecessor-version":[{"id":13344,"href":"https:\/\/topol.org.pl\/index.php?rest_route=\/wp\/v2\/pages\/13335\/revisions\/13344"}],"up":[{"embeddable":true,"href":"https:\/\/topol.org.pl\/index.php?rest_route=\/wp\/v2\/pages\/12631"}],"wp:attachment":[{"href":"https:\/\/topol.org.pl\/index.php?rest_route=%2Fwp%2Fv2%2Fmedia&parent=13335"}],"curies":[{"name":"wp","href":"https:\/\/api.w.org\/{rel}","templated":true}]}}