{"id":13357,"date":"2025-09-14T12:12:11","date_gmt":"2025-09-14T10:12:11","guid":{"rendered":"https:\/\/topol.org.pl\/?page_id=13357"},"modified":"2025-09-14T12:20:28","modified_gmt":"2025-09-14T10:20:28","slug":"zawsze-prosze-polegac-na-komunikatach-wojska-polskiego-i-polskich-sluzb-napisal-na-portalu-x","status":"publish","type":"page","link":"https:\/\/topol.org.pl\/?page_id=13357","title":{"rendered":"&#8222;Zawsze prosz\u0119 polega\u0107 na\u00a0komunikatach Wojska Polskiego i\u00a0polskich s\u0142u\u017cb&#8221; \u2013\u00a0napisa\u0142 na\u00a0portalu X."},"content":{"rendered":"\n<p>14.09.2025 12.12 <strong>Prosz\u0119 polega\u0107 tylko na komunikatach Wojska Polskiego i\u00a0polskich s\u0142u\u017cb<\/strong> <strong>!!!<\/strong><\/p>\n\n\n\n<p>Verte &gt;<a href=\"https:\/\/topol.org.pl\/?page_id=6187\">Fundacja Narodowe Si\u0142y Samoobrony \u201eGrot\u201d<\/a><\/p>\n\n\n\n<p><\/p>\n","protected":false},"excerpt":{"rendered":"<p>14.09.2025 12.12 Prosz\u0119 polega\u0107 tylko na komunikatach Wojska Polskiego i\u00a0polskich s\u0142u\u017cb !!! Verte &gt;Fundacja Narodowe Si\u0142y Samoobrony \u201eGrot\u201d<\/p>\n","protected":false},"author":1,"featured_media":0,"parent":12631,"menu_order":9,"comment_status":"closed","ping_status":"closed","template":"","meta":{"footnotes":""},"class_list":["post-13357","page","type-page","status-publish","hentry"],"_links":{"self":[{"href":"https:\/\/topol.org.pl\/index.php?rest_route=\/wp\/v2\/pages\/13357","targetHints":{"allow":["GET"]}}],"collection":[{"href":"https:\/\/topol.org.pl\/index.php?rest_route=\/wp\/v2\/pages"}],"about":[{"href":"https:\/\/topol.org.pl\/index.php?rest_route=\/wp\/v2\/types\/page"}],"author":[{"embeddable":true,"href":"https:\/\/topol.org.pl\/index.php?rest_route=\/wp\/v2\/users\/1"}],"replies":[{"embeddable":true,"href":"https:\/\/topol.org.pl\/index.php?rest_route=%2Fwp%2Fv2%2Fcomments&post=13357"}],"version-history":[{"count":9,"href":"https:\/\/topol.org.pl\/index.php?rest_route=\/wp\/v2\/pages\/13357\/revisions"}],"predecessor-version":[{"id":13369,"href":"https:\/\/topol.org.pl\/index.php?rest_route=\/wp\/v2\/pages\/13357\/revisions\/13369"}],"up":[{"embeddable":true,"href":"https:\/\/topol.org.pl\/index.php?rest_route=\/wp\/v2\/pages\/12631"}],"wp:attachment":[{"href":"https:\/\/topol.org.pl\/index.php?rest_route=%2Fwp%2Fv2%2Fmedia&parent=13357"}],"curies":[{"name":"wp","href":"https:\/\/api.w.org\/{rel}","templated":true}]}}