{"id":13370,"date":"2025-09-14T12:56:40","date_gmt":"2025-09-14T10:56:40","guid":{"rendered":"https:\/\/topol.org.pl\/?page_id=13370"},"modified":"2025-09-17T20:52:49","modified_gmt":"2025-09-17T18:52:49","slug":"humanoida-r1","status":"publish","type":"page","link":"https:\/\/topol.org.pl\/?page_id=13370","title":{"rendered":"humanoida R1"},"content":{"rendered":"\n<p>14.09.2025 12.53 &#8222;<a href=\"https:\/\/www.facebook.com\/EdutechExpert\/videos\/przedstawiamy-unitree-r1ultralekki-robot-humanoidalny-wa%C5%BC%C4%85cy-oko%C5%82o-25-kg-posiada\/632950512606122\/\">humanoida R1<\/a>&#8221; \u0179r\u00f3d\u0142o: <a href=\"https:\/\/cyfrowa.rp.pl\/globalne-interesy\/art43003081-cios-w-openai-i-tesle-gigant-e-handlu-pokazal-przelomowa-ai-i-humanoida\">rp.pl<\/a><\/p>\n\n\n\n<p><strong>Musimy przeprowadzi\u0107 <a href=\"https:\/\/www.google.com\/search?q=Dehumanizacja&amp;sca_esv=adba07b31be7c891&amp;sxsrf=AE3TifPZfhB7F0ar0R5F_mnHwm722q9kTg%3A1757847355148&amp;ei=O5_GaNPoCJrRwPAP-5WCgAU&amp;ved=0ahUKEwiT8rDZi9iPAxWaKBAIHfuKAFAQ4dUDCBA&amp;uact=5&amp;oq=Dehumanizacja&amp;gs_lp=Egxnd3Mtd2l6LXNlcnAiDURlaHVtYW5pemFjamEyBRAAGIAEMgoQABiABBhDGIoFMgoQABiABBhDGIoFMgoQABiABBhDGIoFMgUQABiABDIKEAAYgAQYQxiKBTIKEAAYgAQYQxiKBTIKEAAYgAQYQxiKBTIFEAAYgAQyBRAAGIAESOkUUABYAHAAeAGQAQCYAXGgAXGqAQMwLjG4AQPIAQD4AQL4AQGYAgGgAnqYAwCSBwMwLjGgB9gFsgcDMC4xuAd6wgcDMi0xyAcH&amp;sclient=gws-wiz-serp\">DeAalgizacj\u0119<\/a> robot\u00f3w humonaidalnych.<\/strong><\/p>\n\n\n\n<p>Verte &gt;<a href=\"https:\/\/topol.org.pl\/?page_id=6187\">Fundacja Narodowe Si\u0142y Samoobrony \u201eGrot\u201d<\/a><\/p>\n\n\n\n<p><\/p>\n","protected":false},"excerpt":{"rendered":"<p>14.09.2025 12.53 &#8222;humanoida R1&#8221; \u0179r\u00f3d\u0142o: rp.pl Musimy przeprowadzi\u0107 DeAalgizacj\u0119 robot\u00f3w humonaidalnych. Verte &gt;Fundacja Narodowe Si\u0142y Samoobrony \u201eGrot\u201d<\/p>\n","protected":false},"author":1,"featured_media":0,"parent":13280,"menu_order":1,"comment_status":"closed","ping_status":"closed","template":"","meta":{"footnotes":""},"class_list":["post-13370","page","type-page","status-publish","hentry"],"_links":{"self":[{"href":"https:\/\/topol.org.pl\/index.php?rest_route=\/wp\/v2\/pages\/13370","targetHints":{"allow":["GET"]}}],"collection":[{"href":"https:\/\/topol.org.pl\/index.php?rest_route=\/wp\/v2\/pages"}],"about":[{"href":"https:\/\/topol.org.pl\/index.php?rest_route=\/wp\/v2\/types\/page"}],"author":[{"embeddable":true,"href":"https:\/\/topol.org.pl\/index.php?rest_route=\/wp\/v2\/users\/1"}],"replies":[{"embeddable":true,"href":"https:\/\/topol.org.pl\/index.php?rest_route=%2Fwp%2Fv2%2Fcomments&post=13370"}],"version-history":[{"count":2,"href":"https:\/\/topol.org.pl\/index.php?rest_route=\/wp\/v2\/pages\/13370\/revisions"}],"predecessor-version":[{"id":13372,"href":"https:\/\/topol.org.pl\/index.php?rest_route=\/wp\/v2\/pages\/13370\/revisions\/13372"}],"up":[{"embeddable":true,"href":"https:\/\/topol.org.pl\/index.php?rest_route=\/wp\/v2\/pages\/13280"}],"wp:attachment":[{"href":"https:\/\/topol.org.pl\/index.php?rest_route=%2Fwp%2Fv2%2Fmedia&parent=13370"}],"curies":[{"name":"wp","href":"https:\/\/api.w.org\/{rel}","templated":true}]}}