{"id":13373,"date":"2025-09-14T17:46:37","date_gmt":"2025-09-14T15:46:37","guid":{"rendered":"https:\/\/topol.org.pl\/?page_id=13373"},"modified":"2025-09-14T18:07:00","modified_gmt":"2025-09-14T16:07:00","slug":"na-sile-promowane-dziedzictwo-jerzego-giedroycia","status":"publish","type":"page","link":"https:\/\/topol.org.pl\/?page_id=13373","title":{"rendered":"Na si\u0142\u0119 promowane dziedzictwo Jerzego Giedroycia"},"content":{"rendered":"\n<p><a href=\"https:\/\/www.rp.pl\/opinie-polityczno-spoleczne\/art43008201-boguslaw-chrabota-dziedzictwo-jerzego-giedroycia\">Dziedzictwo Jerzego Giedroycia<\/a> \u0179r\u00f3d\u0142o: rp.pl<\/p>\n\n\n\n<p><a href=\"https:\/\/www.rp.pl\/spoleczenstwo\/art43008031-anna-bernhardt-teraz-jest-bardzo-wazne-zebysmy-wzorem-jerzego-giedroycia-stali-murem-za-ukraina\">Anna Bernhardt: Teraz jest bardzo wa\u017cne, \u017ceby\u015bmy wzorem Jerzego Giedroycia stali murem za Ukrain\u0105<\/a> \u0179r\u00f3d\u0142o: rp.pl<\/p>\n\n\n\n<p><strong><a href=\"https:\/\/kulturaparyska.com\/pl\/index\">Stowarzyszenie Instytut Literacki Kultura<\/a><\/strong><\/p>\n\n\n\n<p>FUNDACJA KULTURY PARYSKIEJ<\/p>\n\n\n\n<p>14.09.2025 17.46 <strong>Idea Jerzego Giedroycia pogr\u0105\u017cy nas w wojnie, ub\u00f3stwie, przesiedleniach i wynarodowieniu. Niech to os\u0105dzi <\/strong><a href=\"https:\/\/www.google.com\/search?q=kapitu%C5%82a+Zelwerowicza&amp;oq=kapitu%C5%82a+Zelwerowicza&amp;gs_lcrp=EgZjaHJvbWUyBggAEEUYOdIBCjEzMDE4ajBqMTWoAgiwAgE&amp;sourceid=chrome&amp;ie=UTF-8&amp;zx=1757865061283&amp;no_sw_cr=1\">&#8222;Kapitu\u0142a Wojciecha K\u0119trzy\u0144skiego Zelwerowicza&#8221;<\/a><\/p>\n\n\n\n<p>Verte &gt;<a href=\"https:\/\/topol.org.pl\/?page_id=6187\">Fundacja Narodowe Si\u0142y Samoobrony \u201eGrot\u201d<\/a><\/p>\n\n\n\n<p><\/p>\n","protected":false},"excerpt":{"rendered":"<p>Dziedzictwo Jerzego Giedroycia \u0179r\u00f3d\u0142o: rp.pl Anna Bernhardt: Teraz jest bardzo wa\u017cne, \u017ceby\u015bmy wzorem Jerzego Giedroycia stali murem za Ukrain\u0105 \u0179r\u00f3d\u0142o: rp.pl Stowarzyszenie Instytut Literacki Kultura FUNDACJA KULTURY PARYSKIEJ 14.09.2025 17.46 Idea Jerzego Giedroycia pogr\u0105\u017cy nas w wojnie, ub\u00f3stwie, przesiedleniach i wynarodowieniu. Niech to os\u0105dzi &#8222;Kapitu\u0142a Wojciecha K\u0119trzy\u0144skiego Zelwerowicza&#8221; Verte &gt;Fundacja Narodowe Si\u0142y Samoobrony \u201eGrot\u201d<\/p>\n","protected":false},"author":1,"featured_media":0,"parent":12631,"menu_order":10,"comment_status":"closed","ping_status":"closed","template":"","meta":{"footnotes":""},"class_list":["post-13373","page","type-page","status-publish","hentry"],"_links":{"self":[{"href":"https:\/\/topol.org.pl\/index.php?rest_route=\/wp\/v2\/pages\/13373","targetHints":{"allow":["GET"]}}],"collection":[{"href":"https:\/\/topol.org.pl\/index.php?rest_route=\/wp\/v2\/pages"}],"about":[{"href":"https:\/\/topol.org.pl\/index.php?rest_route=\/wp\/v2\/types\/page"}],"author":[{"embeddable":true,"href":"https:\/\/topol.org.pl\/index.php?rest_route=\/wp\/v2\/users\/1"}],"replies":[{"embeddable":true,"href":"https:\/\/topol.org.pl\/index.php?rest_route=%2Fwp%2Fv2%2Fcomments&post=13373"}],"version-history":[{"count":10,"href":"https:\/\/topol.org.pl\/index.php?rest_route=\/wp\/v2\/pages\/13373\/revisions"}],"predecessor-version":[{"id":13387,"href":"https:\/\/topol.org.pl\/index.php?rest_route=\/wp\/v2\/pages\/13373\/revisions\/13387"}],"up":[{"embeddable":true,"href":"https:\/\/topol.org.pl\/index.php?rest_route=\/wp\/v2\/pages\/12631"}],"wp:attachment":[{"href":"https:\/\/topol.org.pl\/index.php?rest_route=%2Fwp%2Fv2%2Fmedia&parent=13373"}],"curies":[{"name":"wp","href":"https:\/\/api.w.org\/{rel}","templated":true}]}}