{"id":13388,"date":"2025-09-14T18:44:00","date_gmt":"2025-09-14T16:44:00","guid":{"rendered":"https:\/\/topol.org.pl\/?page_id=13388"},"modified":"2025-09-15T09:37:01","modified_gmt":"2025-09-15T07:37:01","slug":"biuro-bezpieczenstwa-narodowego","status":"publish","type":"page","link":"https:\/\/topol.org.pl\/?page_id=13388","title":{"rendered":"Biuro Bezpiecze\u0144stwa Narodowego"},"content":{"rendered":"\n<p>14.09.2025 18.44 Prezydent RP Karol Nawrocki podpisa\u0142 postanowienie o wyra\u017ceniu zgody na pobyt na terytorium RP komponentu wojsk obcych Pa\u0144stw-Stron Organizacji Traktatu P\u00f3\u0142nocnoatlantyckiego jako wzmocnienie RP w ramach operacji \u201eEastern Sentry\u201d.<\/p>\n\n\n\n<p>Postanowienie Pana Prezydenta ma <a href=\"https:\/\/www.google.com\/search?q=charakter+niejawny&amp;oq=charakter+niejawny&amp;gs_lcrp=EgZjaHJvbWUyBggAEEUYOdIBCTIzNjJqMGoxNagCCLACAQ&amp;sourceid=chrome&amp;ie=UTF-8\">charakter niejawny<\/a>.<\/p>\n\n\n\n<p><a href=\"https:\/\/www.bbn.gov.pl\/pl\/wydarzenia\/10245,Postanowienie-Prezydenta-ws-zgody-na-pobyt-wojsk-NATO-na-terytorium-RP.html\">Biuro Bezpiecze\u0144stwa Narodowego<\/a><\/p>\n\n\n\n<p><strong>Nie popieram tej decyzji. Nie popieram tak jak wojsko ameryka\u0144skie USA.<\/strong><\/p>\n\n\n\n<figure class=\"wp-block-image size-full\"><a href=\"https:\/\/www.youtube.com\/playlist?list=PLvdibod3J-Xvuewa6KJ6f1ngEeZY3O4_Y\"><img loading=\"lazy\" decoding=\"async\" width=\"998\" height=\"792\" src=\"https:\/\/topol.org.pl\/wp-content\/uploads\/2025\/09\/14.09.2025-18.44-Nikogo-nie-popieram-nikomu-nie-ufam-2.jpg\" alt=\"\" class=\"wp-image-13399\" srcset=\"https:\/\/topol.org.pl\/wp-content\/uploads\/2025\/09\/14.09.2025-18.44-Nikogo-nie-popieram-nikomu-nie-ufam-2.jpg 998w, https:\/\/topol.org.pl\/wp-content\/uploads\/2025\/09\/14.09.2025-18.44-Nikogo-nie-popieram-nikomu-nie-ufam-2-300x238.jpg 300w, https:\/\/topol.org.pl\/wp-content\/uploads\/2025\/09\/14.09.2025-18.44-Nikogo-nie-popieram-nikomu-nie-ufam-2-768x609.jpg 768w\" sizes=\"auto, (max-width: 998px) 100vw, 998px\" \/><\/a><\/figure>\n","protected":false},"excerpt":{"rendered":"<p>14.09.2025 18.44 Prezydent RP Karol Nawrocki podpisa\u0142 postanowienie o wyra\u017ceniu zgody na pobyt na terytorium RP komponentu wojsk obcych Pa\u0144stw-Stron Organizacji Traktatu P\u00f3\u0142nocnoatlantyckiego jako wzmocnienie RP w ramach operacji \u201eEastern Sentry\u201d. Postanowienie Pana Prezydenta ma charakter niejawny. Biuro Bezpiecze\u0144stwa Narodowego Nie popieram tej decyzji. Nie popieram tak jak wojsko ameryka\u0144skie USA.<\/p>\n","protected":false},"author":1,"featured_media":0,"parent":12631,"menu_order":11,"comment_status":"closed","ping_status":"closed","template":"","meta":{"footnotes":""},"class_list":["post-13388","page","type-page","status-publish","hentry"],"_links":{"self":[{"href":"https:\/\/topol.org.pl\/index.php?rest_route=\/wp\/v2\/pages\/13388","targetHints":{"allow":["GET"]}}],"collection":[{"href":"https:\/\/topol.org.pl\/index.php?rest_route=\/wp\/v2\/pages"}],"about":[{"href":"https:\/\/topol.org.pl\/index.php?rest_route=\/wp\/v2\/types\/page"}],"author":[{"embeddable":true,"href":"https:\/\/topol.org.pl\/index.php?rest_route=\/wp\/v2\/users\/1"}],"replies":[{"embeddable":true,"href":"https:\/\/topol.org.pl\/index.php?rest_route=%2Fwp%2Fv2%2Fcomments&post=13388"}],"version-history":[{"count":12,"href":"https:\/\/topol.org.pl\/index.php?rest_route=\/wp\/v2\/pages\/13388\/revisions"}],"predecessor-version":[{"id":13404,"href":"https:\/\/topol.org.pl\/index.php?rest_route=\/wp\/v2\/pages\/13388\/revisions\/13404"}],"up":[{"embeddable":true,"href":"https:\/\/topol.org.pl\/index.php?rest_route=\/wp\/v2\/pages\/12631"}],"wp:attachment":[{"href":"https:\/\/topol.org.pl\/index.php?rest_route=%2Fwp%2Fv2%2Fmedia&parent=13388"}],"curies":[{"name":"wp","href":"https:\/\/api.w.org\/{rel}","templated":true}]}}