{"id":13405,"date":"2025-09-15T10:17:45","date_gmt":"2025-09-15T08:17:45","guid":{"rendered":"https:\/\/topol.org.pl\/?page_id=13405"},"modified":"2026-01-09T10:21:27","modified_gmt":"2026-01-09T09:21:27","slug":"dyrektywa-csrd-corporate-sustainability-reporting-directive","status":"publish","type":"page","link":"https:\/\/topol.org.pl\/?page_id=13405","title":{"rendered":"Dyrektywa CSRD (Corporate Sustainability Reporting Directive)"},"content":{"rendered":"\n<p>Dyrektywa CSRD (Corporate Sustainability Reporting Directive) wprowadza nowe wymogi dotycz\u0105ce&nbsp;<strong>sprawozdawczo\u015bci w zakresie zr\u00f3wnowa\u017conego rozwoju<\/strong>, nak\u0142adaj\u0105c na firmy obowi\u0105zek raportowania informacji zwi\u0105zanych z ochron\u0105 \u015brodowiska, spo\u0142eczn\u0105 odpowiedzialno\u015bci\u0105 oraz zarz\u0105dzaniem.<\/p>\n\n\n\n<p>Raportowanie ESG, czyli sprawozdawczo\u015b\u0107 w zakresie zr\u00f3wnowa\u017conego rozwoju.<\/p>\n\n\n\n<p><strong>I wyliczamy nasze emisje, przeliczamy to na ekwiwalent dwutlenku w\u0119gla.<\/strong><\/p>\n\n\n\n<p><strong>Na razie dotyczy firm zatrudniaj\u0105cych 500 os\u00f3b. Ale w konsekwencji wszystkich uczestnicz\u0105cych w \u0142a\u0144cuch dostaw dla korporacji.<\/strong> <strong>Oczywi\u015bcie wszystko rozwi\u0105zuje za nas program firmy Microsoft.<\/strong><\/p>\n\n\n\n<p>&#8222;Microsoft Dynamics 365 Business Central wspiera przedsi\u0119biorstwa w dostosowywaniu si\u0119 do tych regulacji, oferuj\u0105c narz\u0119dzia do \u0142atwego&nbsp;<strong>zbierania, analizowania i raportowania danych ESG<\/strong>. Podczas DEMO poka\u017cemy funkcjonalno\u015bci umo\u017cliwiaj\u0105ce transparentno\u015b\u0107 dzia\u0142a\u0144 ESG, wspieraj\u0105c firmy w budowaniu odpowiedzialnego i zr\u00f3wnowa\u017conego rozwoju biznesu&#8221;. <\/p>\n\n\n\n<p>\u0179r\u00f3d\u0142o: <a href=\"https:\/\/dynamicsbusinessforum.pl\/\">https:\/\/dynamicsbusinessforum.pl\/<\/a><\/p>\n\n\n\n<p><strong>To skomplikowane rozwi\u0105zanie z planem kont tak jak w ksi\u0119gowo\u015bci firmy. Do ka\u017cdego konta jest przyporz\u0105dkowany zapis ksi\u0119gowy. Czyli w firmie prowadzimy podw\u00f3jn\u0105 ksi\u0119gowo\u015b\u0107. Do tego niezb\u0119dny jest asystent Al i jego inteligencja.<\/strong> <strong>W\u0142a\u015bciwie wyklucza to firmy tak zwane ma\u0142e i \u015brednie z obrotu gospodarczego interesariuszy.<\/strong><\/p>\n\n\n\n<p>Verte &gt;<a href=\"https:\/\/topol.org.pl\/?page_id=6187\">Fundacja Narodowe Si\u0142y Samoobrony \u201eGrot\u201d<\/a><\/p>\n","protected":false},"excerpt":{"rendered":"<p>Dyrektywa CSRD (Corporate Sustainability Reporting Directive) wprowadza nowe wymogi dotycz\u0105ce&nbsp;sprawozdawczo\u015bci w zakresie zr\u00f3wnowa\u017conego rozwoju, nak\u0142adaj\u0105c na firmy obowi\u0105zek raportowania informacji zwi\u0105zanych z ochron\u0105 \u015brodowiska, spo\u0142eczn\u0105 odpowiedzialno\u015bci\u0105 oraz zarz\u0105dzaniem. Raportowanie ESG, czyli sprawozdawczo\u015b\u0107 w zakresie zr\u00f3wnowa\u017conego rozwoju. I wyliczamy nasze emisje, przeliczamy to na ekwiwalent dwutlenku w\u0119gla. Na razie dotyczy firm zatrudniaj\u0105cych 500 os\u00f3b. Ale w [&hellip;]<\/p>\n","protected":false},"author":1,"featured_media":0,"parent":2694,"menu_order":0,"comment_status":"closed","ping_status":"closed","template":"","meta":{"footnotes":""},"class_list":["post-13405","page","type-page","status-publish","hentry"],"_links":{"self":[{"href":"https:\/\/topol.org.pl\/index.php?rest_route=\/wp\/v2\/pages\/13405","targetHints":{"allow":["GET"]}}],"collection":[{"href":"https:\/\/topol.org.pl\/index.php?rest_route=\/wp\/v2\/pages"}],"about":[{"href":"https:\/\/topol.org.pl\/index.php?rest_route=\/wp\/v2\/types\/page"}],"author":[{"embeddable":true,"href":"https:\/\/topol.org.pl\/index.php?rest_route=\/wp\/v2\/users\/1"}],"replies":[{"embeddable":true,"href":"https:\/\/topol.org.pl\/index.php?rest_route=%2Fwp%2Fv2%2Fcomments&post=13405"}],"version-history":[{"count":3,"href":"https:\/\/topol.org.pl\/index.php?rest_route=\/wp\/v2\/pages\/13405\/revisions"}],"predecessor-version":[{"id":13411,"href":"https:\/\/topol.org.pl\/index.php?rest_route=\/wp\/v2\/pages\/13405\/revisions\/13411"}],"up":[{"embeddable":true,"href":"https:\/\/topol.org.pl\/index.php?rest_route=\/wp\/v2\/pages\/2694"}],"wp:attachment":[{"href":"https:\/\/topol.org.pl\/index.php?rest_route=%2Fwp%2Fv2%2Fmedia&parent=13405"}],"curies":[{"name":"wp","href":"https:\/\/api.w.org\/{rel}","templated":true}]}}