{"id":13417,"date":"2025-09-17T15:08:52","date_gmt":"2025-09-17T13:08:52","guid":{"rendered":"https:\/\/topol.org.pl\/?page_id=13417"},"modified":"2025-09-17T15:08:52","modified_gmt":"2025-09-17T13:08:52","slug":"polski-instytut-sztuki-filmowej","status":"publish","type":"page","link":"https:\/\/topol.org.pl\/?page_id=13417","title":{"rendered":"&#8222;Polski Instytut Sztuki Filmowej&#8221;"},"content":{"rendered":"\n<p>17.09.2025 14.59 &#8222;<a href=\"https:\/\/pisf.pl\/\">Polski Instytut Sztuki Filmowej<\/a>&#8222;<\/p>\n\n\n\n<p>Komisja Oscarowa wy\u0142oni\u0142a polskiego kandydata do\u00a098 Nagrody Ameryka\u0144skiej Akademii Sztuki i\u00a0Wiedzy Filmowej w\u00a0kategorii Najlepszy Pe\u0142nometra\u017cowy Film Mi\u0119dzynarodowy Oscary 2026. &#8222;<a href=\"https:\/\/pl.wikipedia.org\/wiki\/Franz_Kafka\">Franz Kafka<\/a>&#8221; wygra\u0142 plebiscyt na najlepszy film.<\/p>\n\n\n\n<p>Verte ><a href=\"https:\/\/topol.org.pl\/?page_id=6187\">Fundacja Narodowe Si\u0142y Samoobrony \u201eGrot\u201d<\/a><\/p>\n\n\n\n<p><\/p>\n","protected":false},"excerpt":{"rendered":"<p>17.09.2025 14.59 &#8222;Polski Instytut Sztuki Filmowej&#8222; Komisja Oscarowa wy\u0142oni\u0142a polskiego kandydata do\u00a098 Nagrody Ameryka\u0144skiej Akademii Sztuki i\u00a0Wiedzy Filmowej w\u00a0kategorii Najlepszy Pe\u0142nometra\u017cowy Film Mi\u0119dzynarodowy Oscary 2026. &#8222;Franz Kafka&#8221; wygra\u0142 plebiscyt na najlepszy film. Verte >Fundacja Narodowe Si\u0142y Samoobrony \u201eGrot\u201d<\/p>\n","protected":false},"author":1,"featured_media":0,"parent":12003,"menu_order":0,"comment_status":"closed","ping_status":"closed","template":"","meta":{"footnotes":""},"class_list":["post-13417","page","type-page","status-publish","hentry"],"_links":{"self":[{"href":"https:\/\/topol.org.pl\/index.php?rest_route=\/wp\/v2\/pages\/13417","targetHints":{"allow":["GET"]}}],"collection":[{"href":"https:\/\/topol.org.pl\/index.php?rest_route=\/wp\/v2\/pages"}],"about":[{"href":"https:\/\/topol.org.pl\/index.php?rest_route=\/wp\/v2\/types\/page"}],"author":[{"embeddable":true,"href":"https:\/\/topol.org.pl\/index.php?rest_route=\/wp\/v2\/users\/1"}],"replies":[{"embeddable":true,"href":"https:\/\/topol.org.pl\/index.php?rest_route=%2Fwp%2Fv2%2Fcomments&post=13417"}],"version-history":[{"count":1,"href":"https:\/\/topol.org.pl\/index.php?rest_route=\/wp\/v2\/pages\/13417\/revisions"}],"predecessor-version":[{"id":13418,"href":"https:\/\/topol.org.pl\/index.php?rest_route=\/wp\/v2\/pages\/13417\/revisions\/13418"}],"up":[{"embeddable":true,"href":"https:\/\/topol.org.pl\/index.php?rest_route=\/wp\/v2\/pages\/12003"}],"wp:attachment":[{"href":"https:\/\/topol.org.pl\/index.php?rest_route=%2Fwp%2Fv2%2Fmedia&parent=13417"}],"curies":[{"name":"wp","href":"https:\/\/api.w.org\/{rel}","templated":true}]}}