{"id":13420,"date":"2025-09-17T15:41:10","date_gmt":"2025-09-17T13:41:10","guid":{"rendered":"https:\/\/topol.org.pl\/?page_id=13420"},"modified":"2025-09-18T06:21:46","modified_gmt":"2025-09-18T04:21:46","slug":"stosowny-moment","status":"publish","type":"page","link":"https:\/\/topol.org.pl\/?page_id=13420","title":{"rendered":"&#8222;Stosowny moment&#8221;"},"content":{"rendered":"\n<p>17.09.2025 15.31 <a href=\"https:\/\/dorzeczy.pl\/opinie\/780546\/pis-wzywa-do-wywlaszczenia-i-przeniesienia-ambasady-rosji.html\">&#8222;PiS wzywa do&nbsp;przeniesienia ambasady Rosji&#8221;.<\/a> <\/p>\n\n\n\n<p>\u0179r\u00f3d\u0142o: DoRzeczy.pl<\/p>\n\n\n\n<p><strong>Stosowny moment do wypowiedzenia traktat\u00f3w zawartych z Uni\u0105 Europejsk\u0105 odno\u015bnie federalizacji, wsp\u00f3lnej armii europejskiej, praworz\u0105dno\u015bci.<\/strong> <\/p>\n\n\n\n<p><a href=\"https:\/\/holistic.news\/kto-obroni-polske-ryzyko-wojny-istnieje\/\">&#8222;<strong>Unia Europejska jest sztucznym tworem, a&nbsp;nie&nbsp;pa\u0144stwem narodowym<\/strong>&#8222;<\/a> \u0179r\u00f3d\u0142o: <a href=\"https:\/\/holistic.news\/kto-obroni-polske-ryzyko-wojny-istnieje\/\">holistic.news<\/a><\/p>\n\n\n\n<p><strong>Sami zobaczcie ile zagro\u017ce\u0144 w ko\u0142o, czy to pora dok\u0142ada\u0107 zagro\u017cenie na szczeblu dyplomatycznym. Jeste\u015bcie zagro\u017ceniem dla naszej suwerenno\u015bci.<\/strong><\/p>\n\n\n\n<p>17.09.2025 18.26 <a href=\"https:\/\/www.youtube.com\/watch?v=IaZ3gSot2HM\">Prezydent Nawrocki: Zamiast Reparacji Niemcy B\u0119d\u0105 Zbroi\u0107 Polsk\u0119?!<\/a> \u0179r\u00f3d\u0142o: <a href=\"https:\/\/www.youtube.com\/watch?v=IaZ3gSot2HM\">Tomasz Piekielnik<\/a><\/p>\n\n\n\n<p><strong>Nie chc\u0119 pomocy w destrukcji mojego pa\u0144stwa. Te zbrojenia przy udziale naszych odwiecznych wrog\u00f3w i likwidator\u00f3w popchn\u0105 nasz um\u0119czony kraj do zag\u0142ady, kolejnej wojny i <a href=\"https:\/\/www.google.com\/search?q=eksterminacji+narodu+Polskiego&amp;oq=eksterminacji+narodu+Polskiego&amp;gs_lcrp=EgZjaHJvbWUyBggAEEUYOdIBCTIzNTFqMGoxNagCCLACAQ&amp;sourceid=chrome&amp;ie=UTF-8\">eksterminacji narodu polskiego<\/a>.<\/strong><\/p>\n\n\n\n<p>Verte &gt;<a href=\"https:\/\/topol.org.pl\/?page_id=6187\">Fundacja Narodowe Si\u0142y Samoobrony \u201eGrot\u201d<\/a><\/p>\n\n\n\n<p><\/p>\n","protected":false},"excerpt":{"rendered":"<p>17.09.2025 15.31 &#8222;PiS wzywa do&nbsp;przeniesienia ambasady Rosji&#8221;. \u0179r\u00f3d\u0142o: DoRzeczy.pl Stosowny moment do wypowiedzenia traktat\u00f3w zawartych z Uni\u0105 Europejsk\u0105 odno\u015bnie federalizacji, wsp\u00f3lnej armii europejskiej, praworz\u0105dno\u015bci. &#8222;Unia Europejska jest sztucznym tworem, a&nbsp;nie&nbsp;pa\u0144stwem narodowym&#8222; \u0179r\u00f3d\u0142o: holistic.news Sami zobaczcie ile zagro\u017ce\u0144 w ko\u0142o, czy to pora dok\u0142ada\u0107 zagro\u017cenie na szczeblu dyplomatycznym. Jeste\u015bcie zagro\u017ceniem dla naszej suwerenno\u015bci. 17.09.2025 18.26 Prezydent [&hellip;]<\/p>\n","protected":false},"author":1,"featured_media":0,"parent":11389,"menu_order":31,"comment_status":"closed","ping_status":"closed","template":"","meta":{"footnotes":""},"class_list":["post-13420","page","type-page","status-publish","hentry"],"_links":{"self":[{"href":"https:\/\/topol.org.pl\/index.php?rest_route=\/wp\/v2\/pages\/13420","targetHints":{"allow":["GET"]}}],"collection":[{"href":"https:\/\/topol.org.pl\/index.php?rest_route=\/wp\/v2\/pages"}],"about":[{"href":"https:\/\/topol.org.pl\/index.php?rest_route=\/wp\/v2\/types\/page"}],"author":[{"embeddable":true,"href":"https:\/\/topol.org.pl\/index.php?rest_route=\/wp\/v2\/users\/1"}],"replies":[{"embeddable":true,"href":"https:\/\/topol.org.pl\/index.php?rest_route=%2Fwp%2Fv2%2Fcomments&post=13420"}],"version-history":[{"count":6,"href":"https:\/\/topol.org.pl\/index.php?rest_route=\/wp\/v2\/pages\/13420\/revisions"}],"predecessor-version":[{"id":13449,"href":"https:\/\/topol.org.pl\/index.php?rest_route=\/wp\/v2\/pages\/13420\/revisions\/13449"}],"up":[{"embeddable":true,"href":"https:\/\/topol.org.pl\/index.php?rest_route=\/wp\/v2\/pages\/11389"}],"wp:attachment":[{"href":"https:\/\/topol.org.pl\/index.php?rest_route=%2Fwp%2Fv2%2Fmedia&parent=13420"}],"curies":[{"name":"wp","href":"https:\/\/api.w.org\/{rel}","templated":true}]}}