{"id":13429,"date":"2025-09-17T20:36:17","date_gmt":"2025-09-17T18:36:17","guid":{"rendered":"https:\/\/topol.org.pl\/?page_id=13429"},"modified":"2026-01-09T11:03:40","modified_gmt":"2026-01-09T10:03:40","slug":"polska-przestrzen-powietrzna-zostala-wielokrotnie-naruszona-przez-drony","status":"publish","type":"page","link":"https:\/\/topol.org.pl\/?page_id=13429","title":{"rendered":"&#8222;polska przestrze\u0144 powietrzna zosta\u0142a wielokrotnie naruszona przez drony&#8221;"},"content":{"rendered":"\n<p>17.09.2025 20.27 &#8222;polska przestrze\u0144 powietrzna zosta\u0142a wielokrotnie naruszona przez drony&#8221; \u0179r\u00f3d\u0142o:&nbsp;DoRzeczy.pl<\/p>\n\n\n\n<p>&#8222;<a href=\"https:\/\/dorzeczy.pl\/opinie\/779988\/lukaszenka-bialorus-nie-ma-nic-wspolnego-z-dronami-nad-polska.html\">w&nbsp;Polsce &#8222;wyli<\/a>&#8221; \u2013&nbsp;przekonywa\u0142 bia\u0142oruski przyw\u00f3dca.<\/p>\n\n\n\n<p><strong>Chce mi si\u0119 &#8222;wy\u0107&#8221;. Prezydent zbroi Polsk\u0119 w ramach reparacji za 2W\u015a. Co dalej&#8230; popchn\u0105 nas na front wschodni. B\u0119dziemy walczyli z Polakami za Niemc\u00f3w. Ja ju\u017c nikomu nie ufam, sam si\u0119 b\u0119d\u0119 broni\u0142.<\/strong> <strong>W USA i w Rosji dyskutuj\u0105 o UFO. Wszystko zgodnie z planem &#8222;<a href=\"https:\/\/topol.org.pl\/?page_id=13434\">golfist\u00f3w<\/a>&#8222;.<\/strong><\/p>\n\n\n\n<p>Verte &gt;<a href=\"https:\/\/topol.org.pl\/?page_id=6187\">Fundacja Narodowe Si\u0142y Samoobrony \u201eGrot\u201d<\/a><\/p>\n","protected":false},"excerpt":{"rendered":"<p>17.09.2025 20.27 &#8222;polska przestrze\u0144 powietrzna zosta\u0142a wielokrotnie naruszona przez drony&#8221; \u0179r\u00f3d\u0142o:&nbsp;DoRzeczy.pl &#8222;w&nbsp;Polsce &#8222;wyli&#8221; \u2013&nbsp;przekonywa\u0142 bia\u0142oruski przyw\u00f3dca. Chce mi si\u0119 &#8222;wy\u0107&#8221;. Prezydent zbroi Polsk\u0119 w ramach reparacji za 2W\u015a. Co dalej&#8230; popchn\u0105 nas na front wschodni. B\u0119dziemy walczyli z Polakami za Niemc\u00f3w. Ja ju\u017c nikomu nie ufam, sam si\u0119 b\u0119d\u0119 broni\u0142. W USA i w Rosji [&hellip;]<\/p>\n","protected":false},"author":1,"featured_media":0,"parent":9033,"menu_order":2,"comment_status":"closed","ping_status":"closed","template":"","meta":{"footnotes":""},"class_list":["post-13429","page","type-page","status-publish","hentry"],"_links":{"self":[{"href":"https:\/\/topol.org.pl\/index.php?rest_route=\/wp\/v2\/pages\/13429","targetHints":{"allow":["GET"]}}],"collection":[{"href":"https:\/\/topol.org.pl\/index.php?rest_route=\/wp\/v2\/pages"}],"about":[{"href":"https:\/\/topol.org.pl\/index.php?rest_route=\/wp\/v2\/types\/page"}],"author":[{"embeddable":true,"href":"https:\/\/topol.org.pl\/index.php?rest_route=\/wp\/v2\/users\/1"}],"replies":[{"embeddable":true,"href":"https:\/\/topol.org.pl\/index.php?rest_route=%2Fwp%2Fv2%2Fcomments&post=13429"}],"version-history":[{"count":4,"href":"https:\/\/topol.org.pl\/index.php?rest_route=\/wp\/v2\/pages\/13429\/revisions"}],"predecessor-version":[{"id":13436,"href":"https:\/\/topol.org.pl\/index.php?rest_route=\/wp\/v2\/pages\/13429\/revisions\/13436"}],"up":[{"embeddable":true,"href":"https:\/\/topol.org.pl\/index.php?rest_route=\/wp\/v2\/pages\/9033"}],"wp:attachment":[{"href":"https:\/\/topol.org.pl\/index.php?rest_route=%2Fwp%2Fv2%2Fmedia&parent=13429"}],"curies":[{"name":"wp","href":"https:\/\/api.w.org\/{rel}","templated":true}]}}