{"id":13434,"date":"2025-09-17T20:51:39","date_gmt":"2025-09-17T18:51:39","guid":{"rendered":"https:\/\/topol.org.pl\/?page_id=13434"},"modified":"2026-01-09T09:54:42","modified_gmt":"2026-01-09T08:54:42","slug":"golfistow","status":"publish","type":"page","link":"https:\/\/topol.org.pl\/?page_id=13434","title":{"rendered":"\u201egolfist\u00f3w\u201d"},"content":{"rendered":"\n<p>17.09.2025 20.51<\/p>\n\n\n\n<p>Kim s\u0105 <strong>\u201egolfi\u015bci\u201d<\/strong>?. <strong>To wielcy gracze, kt\u00f3rzy nie chc\u0105 dopu\u015bci\u0107 do gry mniej zamo\u017cnych i bogatych.<\/strong> <strong>Wszystko zale\u017cy od <a href=\"https:\/\/topol.org.pl\/?page_id=4287\"><strong>\u201ePa\u0144stwa Z\u0142otego \u015arodka<\/strong>\u201d<\/a> Tylko musi rz\u0105dzi\u0107 &#8222;Dux Poloniae&#8221;.<\/strong> <strong>Musz\u0119 zaistnie\u0107.<\/strong> <strong>Kolej Transsyberyjska po\u0142\u0105czy przez cie\u015bnin\u0119 Beringa USA, Rosj\u0119, Chiny i Indie. Niestety ale Niemcy b\u0119d\u0105&#8230;w&#8230;<\/strong><\/p>\n\n\n\n<p>Bro\u0144 nuklearna w&nbsp;Polsce? \u0179r\u00f3d\u0142o:&nbsp;LCI, Rzeczpospolita, Fakt, DoRzeczy.pl<\/p>\n\n\n\n<p><strong>Stanowczo Nie, Nie, Nie. Prezydencie traci pan moje poparcie. <\/strong><\/p>\n\n\n\n<p>Verte &gt;<a href=\"https:\/\/topol.org.pl\/?page_id=6187\">Fundacja Narodowe Si\u0142y Samoobrony \u201eGrot\u201d<\/a><\/p>\n\n\n\n<p><\/p>\n","protected":false},"excerpt":{"rendered":"<p>17.09.2025 20.51 Kim s\u0105 \u201egolfi\u015bci\u201d?. To wielcy gracze, kt\u00f3rzy nie chc\u0105 dopu\u015bci\u0107 do gry mniej zamo\u017cnych i bogatych. Wszystko zale\u017cy od \u201ePa\u0144stwa Z\u0142otego \u015arodka\u201d Tylko musi rz\u0105dzi\u0107 &#8222;Dux Poloniae&#8221;. Musz\u0119 zaistnie\u0107. Kolej Transsyberyjska po\u0142\u0105czy przez cie\u015bnin\u0119 Beringa USA, Rosj\u0119, Chiny i Indie. Niestety ale Niemcy b\u0119d\u0105&#8230;w&#8230; Bro\u0144 nuklearna w&nbsp;Polsce? \u0179r\u00f3d\u0142o:&nbsp;LCI, Rzeczpospolita, Fakt, DoRzeczy.pl Stanowczo Nie, [&hellip;]<\/p>\n","protected":false},"author":1,"featured_media":0,"parent":0,"menu_order":300,"comment_status":"closed","ping_status":"closed","template":"","meta":{"footnotes":""},"class_list":["post-13434","page","type-page","status-publish","hentry"],"_links":{"self":[{"href":"https:\/\/topol.org.pl\/index.php?rest_route=\/wp\/v2\/pages\/13434","targetHints":{"allow":["GET"]}}],"collection":[{"href":"https:\/\/topol.org.pl\/index.php?rest_route=\/wp\/v2\/pages"}],"about":[{"href":"https:\/\/topol.org.pl\/index.php?rest_route=\/wp\/v2\/types\/page"}],"author":[{"embeddable":true,"href":"https:\/\/topol.org.pl\/index.php?rest_route=\/wp\/v2\/users\/1"}],"replies":[{"embeddable":true,"href":"https:\/\/topol.org.pl\/index.php?rest_route=%2Fwp%2Fv2%2Fcomments&post=13434"}],"version-history":[{"count":13,"href":"https:\/\/topol.org.pl\/index.php?rest_route=\/wp\/v2\/pages\/13434\/revisions"}],"predecessor-version":[{"id":14051,"href":"https:\/\/topol.org.pl\/index.php?rest_route=\/wp\/v2\/pages\/13434\/revisions\/14051"}],"wp:attachment":[{"href":"https:\/\/topol.org.pl\/index.php?rest_route=%2Fwp%2Fv2%2Fmedia&parent=13434"}],"curies":[{"name":"wp","href":"https:\/\/api.w.org\/{rel}","templated":true}]}}