{"id":13454,"date":"2025-09-19T17:44:39","date_gmt":"2025-09-19T15:44:39","guid":{"rendered":"https:\/\/topol.org.pl\/?page_id=13454"},"modified":"2026-01-09T10:52:08","modified_gmt":"2026-01-09T09:52:08","slug":"17-wrzesnia-86-rocznica-napasci-armii-czerwonej","status":"publish","type":"page","link":"https:\/\/topol.org.pl\/?page_id=13454","title":{"rendered":"17 wrze\u015bnia 86 rocznica napa\u015bci Armii Czerwonej."},"content":{"rendered":"\n<p>19.09.2025 17.35 &#8222;<a href=\"https:\/\/historia.rp.pl\/historia-polski\/art43036471-boguslaw-chrabota-17-wrzesnia-kiedy-zdrada-polski-miala-wiele-znaczen\">tajny protok\u00f3\u0142 do paktu Ribbentrop \u2013Mo\u0142otow z 23 sierpnia 1939 r.<\/a>&#8221; \u0179r\u00f3d\u0142o: <a href=\"https:\/\/historia.rp.pl\/historia-polski\/art43036471-boguslaw-chrabota-17-wrzesnia-kiedy-zdrada-polski-miala-wiele-znaczen\">rp.pl<\/a><\/p>\n\n\n\n<p>Verte ><a href=\"https:\/\/topol.org.pl\/?page_id=6187\">Fundacja Narodowe Si\u0142y Samoobrony \u201eGrot\u201d<\/a><\/p>\n\n\n\n<p><\/p>\n","protected":false},"excerpt":{"rendered":"<p>19.09.2025 17.35 &#8222;tajny protok\u00f3\u0142 do paktu Ribbentrop \u2013Mo\u0142otow z 23 sierpnia 1939 r.&#8221; \u0179r\u00f3d\u0142o: rp.pl Verte >Fundacja Narodowe Si\u0142y Samoobrony \u201eGrot\u201d<\/p>\n","protected":false},"author":1,"featured_media":0,"parent":13162,"menu_order":0,"comment_status":"closed","ping_status":"closed","template":"","meta":{"footnotes":""},"class_list":["post-13454","page","type-page","status-publish","hentry"],"_links":{"self":[{"href":"https:\/\/topol.org.pl\/index.php?rest_route=\/wp\/v2\/pages\/13454","targetHints":{"allow":["GET"]}}],"collection":[{"href":"https:\/\/topol.org.pl\/index.php?rest_route=\/wp\/v2\/pages"}],"about":[{"href":"https:\/\/topol.org.pl\/index.php?rest_route=\/wp\/v2\/types\/page"}],"author":[{"embeddable":true,"href":"https:\/\/topol.org.pl\/index.php?rest_route=\/wp\/v2\/users\/1"}],"replies":[{"embeddable":true,"href":"https:\/\/topol.org.pl\/index.php?rest_route=%2Fwp%2Fv2%2Fcomments&post=13454"}],"version-history":[{"count":1,"href":"https:\/\/topol.org.pl\/index.php?rest_route=\/wp\/v2\/pages\/13454\/revisions"}],"predecessor-version":[{"id":13455,"href":"https:\/\/topol.org.pl\/index.php?rest_route=\/wp\/v2\/pages\/13454\/revisions\/13455"}],"up":[{"embeddable":true,"href":"https:\/\/topol.org.pl\/index.php?rest_route=\/wp\/v2\/pages\/13162"}],"wp:attachment":[{"href":"https:\/\/topol.org.pl\/index.php?rest_route=%2Fwp%2Fv2%2Fmedia&parent=13454"}],"curies":[{"name":"wp","href":"https:\/\/api.w.org\/{rel}","templated":true}]}}