{"id":13463,"date":"2025-09-20T06:53:40","date_gmt":"2025-09-20T04:53:40","guid":{"rendered":"https:\/\/topol.org.pl\/?page_id=13463"},"modified":"2026-01-09T10:21:49","modified_gmt":"2026-01-09T09:21:49","slug":"pge-rozpoczela-budowe-jednego-z-najwiekszych-magazynow-energii-w-europie","status":"publish","type":"page","link":"https:\/\/topol.org.pl\/?page_id=13463","title":{"rendered":"PGE rozpocz\u0119\u0142a budow\u0119 jednego z najwi\u0119kszych magazyn\u00f3w energii w Europie"},"content":{"rendered":"\n<p>20.09.2025 06.52 <a href=\"https:\/\/energia.rp.pl\/magazyny-energii\/art43043461-pge-rozpoczela-budowe-jednego-z-najwiekszych-magazynow-energii-w-europie\">PGE rozpocz\u0119\u0142a budow\u0119 jednego z najwi\u0119kszych magazyn\u00f3w energii w Europie<\/a> \u0179r\u00f3d\u0142o: rp.pl<\/p>\n\n\n\n<p><a href=\"https:\/\/x.com\/donaldtusk\/status\/1969333461186998724\">X &#8230;.<\/a> \u0179r\u00f3d\u0142o: <a href=\"https:\/\/x.com\/i\/status\/1969333461186998724\">D.T.<\/a><\/p>\n\n\n\n<p>Verte &gt;<a href=\"https:\/\/topol.org.pl\/?page_id=6187\">Fundacja Narodowe Si\u0142y Samoobrony \u201eGrot\u201d<\/a><\/p>\n\n\n\n<p><\/p>\n","protected":false},"excerpt":{"rendered":"<p>20.09.2025 06.52 PGE rozpocz\u0119\u0142a budow\u0119 jednego z najwi\u0119kszych magazyn\u00f3w energii w Europie \u0179r\u00f3d\u0142o: rp.pl X &#8230;. \u0179r\u00f3d\u0142o: D.T. Verte &gt;Fundacja Narodowe Si\u0142y Samoobrony \u201eGrot\u201d<\/p>\n","protected":false},"author":1,"featured_media":0,"parent":2698,"menu_order":0,"comment_status":"closed","ping_status":"closed","template":"","meta":{"footnotes":""},"class_list":["post-13463","page","type-page","status-publish","hentry"],"_links":{"self":[{"href":"https:\/\/topol.org.pl\/index.php?rest_route=\/wp\/v2\/pages\/13463","targetHints":{"allow":["GET"]}}],"collection":[{"href":"https:\/\/topol.org.pl\/index.php?rest_route=\/wp\/v2\/pages"}],"about":[{"href":"https:\/\/topol.org.pl\/index.php?rest_route=\/wp\/v2\/types\/page"}],"author":[{"embeddable":true,"href":"https:\/\/topol.org.pl\/index.php?rest_route=\/wp\/v2\/users\/1"}],"replies":[{"embeddable":true,"href":"https:\/\/topol.org.pl\/index.php?rest_route=%2Fwp%2Fv2%2Fcomments&post=13463"}],"version-history":[{"count":4,"href":"https:\/\/topol.org.pl\/index.php?rest_route=\/wp\/v2\/pages\/13463\/revisions"}],"predecessor-version":[{"id":13483,"href":"https:\/\/topol.org.pl\/index.php?rest_route=\/wp\/v2\/pages\/13463\/revisions\/13483"}],"up":[{"embeddable":true,"href":"https:\/\/topol.org.pl\/index.php?rest_route=\/wp\/v2\/pages\/2698"}],"wp:attachment":[{"href":"https:\/\/topol.org.pl\/index.php?rest_route=%2Fwp%2Fv2%2Fmedia&parent=13463"}],"curies":[{"name":"wp","href":"https:\/\/api.w.org\/{rel}","templated":true}]}}