{"id":13467,"date":"2025-09-20T09:29:32","date_gmt":"2025-09-20T07:29:32","guid":{"rendered":"https:\/\/topol.org.pl\/?page_id=13467"},"modified":"2025-10-29T10:14:13","modified_gmt":"2025-10-29T09:14:13","slug":"hierarchia-waznosci","status":"publish","type":"page","link":"https:\/\/topol.org.pl\/?page_id=13467","title":{"rendered":"Hierarchia wa\u017cno\u015bci"},"content":{"rendered":"\n<p>20.09.2025 09.27 <a href=\"https:\/\/youtube.com\/playlist?list=PLvdibod3J-Xs-pxPMJuZ8R_GOCAkDQoKS&amp;si=2fTj2WPkfwdGfEHd\">Hierarchia wa\u017cno\u015bci<\/a><\/p>\n\n\n\n<p><a href=\"https:\/\/zasobynaturalne.com.pl\/\">Obywatelski Komitet Obrony Polskich Zasob\u00f3w Naturalnych<\/a><\/p>\n\n\n\n<p>Dane<\/p>\n\n\n\n<ol class=\"wp-block-list\">\n<li>&#8222;z\u0142o\u017ca naturalne w\u0142asno\u015bci\u0105 narodu polskiego&#8221;<\/li>\n\n\n\n<li>ludzie powinni uczestniczy\u0107 w referendum<\/li>\n\n\n\n<li>referendum nie mo\u017ce by\u0107 wi\u0105\u017c\u0105ce<\/li>\n\n\n\n<li>NFI to dobry pomys\u0142, ale skorzystali skupuj\u0105cy akcje<\/li>\n\n\n\n<li>akcje powinny by\u0107 niezbywalne, do\u017cywotnie i niedziedziczone<\/li>\n\n\n\n<li>w chwili narodzin rodzice powinni naby\u0107 akcj\u0119 niem\u0105 za symboliczn\u0105 z\u0142ot\u00f3wk\u0119<\/li>\n\n\n\n<li>tak, to si\u0119 da zrobi\u0107<\/li>\n<\/ol>\n\n\n\n<p>Verte ><a href=\"https:\/\/topol.org.pl\/?page_id=6187\">Fundacja Narodowe Si\u0142y Samoobrony \u201eGrot\u201d<\/a><\/p>\n","protected":false},"excerpt":{"rendered":"<p>20.09.2025 09.27 Hierarchia wa\u017cno\u015bci Obywatelski Komitet Obrony Polskich Zasob\u00f3w Naturalnych Dane Verte >Fundacja Narodowe Si\u0142y Samoobrony \u201eGrot\u201d<\/p>\n","protected":false},"author":1,"featured_media":0,"parent":13456,"menu_order":2,"comment_status":"closed","ping_status":"closed","template":"","meta":{"footnotes":""},"class_list":["post-13467","page","type-page","status-publish","hentry"],"_links":{"self":[{"href":"https:\/\/topol.org.pl\/index.php?rest_route=\/wp\/v2\/pages\/13467","targetHints":{"allow":["GET"]}}],"collection":[{"href":"https:\/\/topol.org.pl\/index.php?rest_route=\/wp\/v2\/pages"}],"about":[{"href":"https:\/\/topol.org.pl\/index.php?rest_route=\/wp\/v2\/types\/page"}],"author":[{"embeddable":true,"href":"https:\/\/topol.org.pl\/index.php?rest_route=\/wp\/v2\/users\/1"}],"replies":[{"embeddable":true,"href":"https:\/\/topol.org.pl\/index.php?rest_route=%2Fwp%2Fv2%2Fcomments&post=13467"}],"version-history":[{"count":13,"href":"https:\/\/topol.org.pl\/index.php?rest_route=\/wp\/v2\/pages\/13467\/revisions"}],"predecessor-version":[{"id":13481,"href":"https:\/\/topol.org.pl\/index.php?rest_route=\/wp\/v2\/pages\/13467\/revisions\/13481"}],"up":[{"embeddable":true,"href":"https:\/\/topol.org.pl\/index.php?rest_route=\/wp\/v2\/pages\/13456"}],"wp:attachment":[{"href":"https:\/\/topol.org.pl\/index.php?rest_route=%2Fwp%2Fv2%2Fmedia&parent=13467"}],"curies":[{"name":"wp","href":"https:\/\/api.w.org\/{rel}","templated":true}]}}