{"id":13485,"date":"2025-09-21T08:22:44","date_gmt":"2025-09-21T06:22:44","guid":{"rendered":"https:\/\/topol.org.pl\/?page_id=13485"},"modified":"2025-10-29T10:14:03","modified_gmt":"2025-10-29T09:14:03","slug":"cancel-culture","status":"publish","type":"page","link":"https:\/\/topol.org.pl\/?page_id=13485","title":{"rendered":"&#8222;cancel culture&#8221;"},"content":{"rendered":"\n<p>21.09.2025 08.11 <a href=\"https:\/\/www.google.com\/search?q=Czym+jest+zjawisko+cancel+culture%3F&amp;oq=Czym+jest+zjawisko+cancel+culture%3F&amp;gs_lcrp=EgZjaHJvbWUyBggAEEUYOTIGCAEQRRg80gEJMjM1NGowajE1qAIIsAIB&amp;sourceid=chrome&amp;ie=UTF-8\">Czym jest zjawisko cancel culture?<\/a> \u0179r\u00f3d\u0142o: Google<\/p>\n\n\n\n<p><strong>Kultura uniewa\u017cnienia to inaczej &#8222;<a href=\"https:\/\/www.google.com\/search?q=ostracyzm&amp;oq=ostracyzm&amp;gs_lcrp=EgZjaHJvbWUyBggAEEUYOdIBCTIzMDdqMGoxNagCCLACAQ&amp;sourceid=chrome&amp;ie=UTF-8\">ostracyzm<\/a>&#8222;. Je\u015bli nie wi\u0105\u017ce si\u0119 z zabijaniem wyrz\u0105dza r\u00f3wnie\u017c podobny skutek. Og\u00f3lnie to negatywne zjawisko, promowane przez wieki. To jest zwi\u0105zane z brakiem mo\u017cliwo\u015bci oceny sytuacji przez ludzi, kt\u00f3rzy przyjmuj\u0105 ocen\u0119 medi\u00f3w g\u0142\u00f3wnego nurtu (nurtu&#8230; wed\u0142ug niekt\u00f3rych).<\/strong><\/p>\n\n\n\n<p>Verte &gt;<a href=\"https:\/\/topol.org.pl\/?page_id=6187\">Fundacja Narodowe Si\u0142y Samoobrony \u201eGrot\u201d<\/a><\/p>\n\n\n\n<p><\/p>\n","protected":false},"excerpt":{"rendered":"<p>21.09.2025 08.11 Czym jest zjawisko cancel culture? \u0179r\u00f3d\u0142o: Google Kultura uniewa\u017cnienia to inaczej &#8222;ostracyzm&#8222;. Je\u015bli nie wi\u0105\u017ce si\u0119 z zabijaniem wyrz\u0105dza r\u00f3wnie\u017c podobny skutek. Og\u00f3lnie to negatywne zjawisko, promowane przez wieki. To jest zwi\u0105zane z brakiem mo\u017cliwo\u015bci oceny sytuacji przez ludzi, kt\u00f3rzy przyjmuj\u0105 ocen\u0119 medi\u00f3w g\u0142\u00f3wnego nurtu (nurtu&#8230; wed\u0142ug niekt\u00f3rych). Verte &gt;Fundacja Narodowe Si\u0142y Samoobrony [&hellip;]<\/p>\n","protected":false},"author":1,"featured_media":0,"parent":13456,"menu_order":1,"comment_status":"closed","ping_status":"closed","template":"","meta":{"footnotes":""},"class_list":["post-13485","page","type-page","status-publish","hentry"],"_links":{"self":[{"href":"https:\/\/topol.org.pl\/index.php?rest_route=\/wp\/v2\/pages\/13485","targetHints":{"allow":["GET"]}}],"collection":[{"href":"https:\/\/topol.org.pl\/index.php?rest_route=\/wp\/v2\/pages"}],"about":[{"href":"https:\/\/topol.org.pl\/index.php?rest_route=\/wp\/v2\/types\/page"}],"author":[{"embeddable":true,"href":"https:\/\/topol.org.pl\/index.php?rest_route=\/wp\/v2\/users\/1"}],"replies":[{"embeddable":true,"href":"https:\/\/topol.org.pl\/index.php?rest_route=%2Fwp%2Fv2%2Fcomments&post=13485"}],"version-history":[{"count":5,"href":"https:\/\/topol.org.pl\/index.php?rest_route=\/wp\/v2\/pages\/13485\/revisions"}],"predecessor-version":[{"id":13491,"href":"https:\/\/topol.org.pl\/index.php?rest_route=\/wp\/v2\/pages\/13485\/revisions\/13491"}],"up":[{"embeddable":true,"href":"https:\/\/topol.org.pl\/index.php?rest_route=\/wp\/v2\/pages\/13456"}],"wp:attachment":[{"href":"https:\/\/topol.org.pl\/index.php?rest_route=%2Fwp%2Fv2%2Fmedia&parent=13485"}],"curies":[{"name":"wp","href":"https:\/\/api.w.org\/{rel}","templated":true}]}}