{"id":13496,"date":"2025-09-29T13:00:33","date_gmt":"2025-09-29T11:00:33","guid":{"rendered":"https:\/\/topol.org.pl\/?page_id=13496"},"modified":"2026-01-08T20:53:43","modified_gmt":"2026-01-08T19:53:43","slug":"zlozylem-aplikacje","status":"publish","type":"page","link":"https:\/\/topol.org.pl\/?page_id=13496","title":{"rendered":"&#8222;Z\u0142o\u017cy\u0142em aplikacj\u0119&#8221;"},"content":{"rendered":"\n<p>29.09.2025 12.58 Ho\u0142ownia \u017cegna si\u0119 z\u00a0polityk\u0105. &#8222;Z\u0142o\u017cy\u0142em aplikacj\u0119&#8221; \u0179r\u00f3d\u0142o:\u00a0DoRzeczy.pl<\/p>\n\n\n\n<p><strong>Nied\u0142ugo na moim oficjalnym kanale internetowym &#8222;<a href=\"https:\/\/www.youtube.com\/@dariuszgoworek1961\">You Tube<\/a>&#8221; zaprezentuj\u0119 staromodn\u0105 wizj\u0119 Polski. Mam nadziej\u0119, \u017ce zd\u0105\u017c\u0119&#8230; przed &#8222;<a href=\"https:\/\/www.google.com\/search?q=Armagedonem&amp;oq=Armagedonem&amp;gs_lcrp=EgZjaHJvbWUyBggAEEUYOdIBCTIyODdqMGoxNagCCLACAQ&amp;sourceid=chrome&amp;ie=UTF-8\">Armagedonem<\/a>&#8222;.<\/strong><\/p>\n\n\n\n<p>Verte &gt;<a href=\"https:\/\/topol.org.pl\/?page_id=6187\">Fundacja Narodowe Si\u0142y Samoobrony \u201eGrot\u201d<\/a><\/p>\n\n\n\n<p><\/p>\n","protected":false},"excerpt":{"rendered":"<p>29.09.2025 12.58 Ho\u0142ownia \u017cegna si\u0119 z\u00a0polityk\u0105. &#8222;Z\u0142o\u017cy\u0142em aplikacj\u0119&#8221; \u0179r\u00f3d\u0142o:\u00a0DoRzeczy.pl Nied\u0142ugo na moim oficjalnym kanale internetowym &#8222;You Tube&#8221; zaprezentuj\u0119 staromodn\u0105 wizj\u0119 Polski. Mam nadziej\u0119, \u017ce zd\u0105\u017c\u0119&#8230; przed &#8222;Armagedonem&#8222;. Verte &gt;Fundacja Narodowe Si\u0142y Samoobrony \u201eGrot\u201d<\/p>\n","protected":false},"author":1,"featured_media":0,"parent":13493,"menu_order":6,"comment_status":"open","ping_status":"closed","template":"","meta":{"footnotes":""},"class_list":["post-13496","page","type-page","status-publish","hentry"],"_links":{"self":[{"href":"https:\/\/topol.org.pl\/index.php?rest_route=\/wp\/v2\/pages\/13496","targetHints":{"allow":["GET"]}}],"collection":[{"href":"https:\/\/topol.org.pl\/index.php?rest_route=\/wp\/v2\/pages"}],"about":[{"href":"https:\/\/topol.org.pl\/index.php?rest_route=\/wp\/v2\/types\/page"}],"author":[{"embeddable":true,"href":"https:\/\/topol.org.pl\/index.php?rest_route=\/wp\/v2\/users\/1"}],"replies":[{"embeddable":true,"href":"https:\/\/topol.org.pl\/index.php?rest_route=%2Fwp%2Fv2%2Fcomments&post=13496"}],"version-history":[{"count":8,"href":"https:\/\/topol.org.pl\/index.php?rest_route=\/wp\/v2\/pages\/13496\/revisions"}],"predecessor-version":[{"id":14029,"href":"https:\/\/topol.org.pl\/index.php?rest_route=\/wp\/v2\/pages\/13496\/revisions\/14029"}],"up":[{"embeddable":true,"href":"https:\/\/topol.org.pl\/index.php?rest_route=\/wp\/v2\/pages\/13493"}],"wp:attachment":[{"href":"https:\/\/topol.org.pl\/index.php?rest_route=%2Fwp%2Fv2%2Fmedia&parent=13496"}],"curies":[{"name":"wp","href":"https:\/\/api.w.org\/{rel}","templated":true}]}}